{"id":5975,"date":"2023-10-05T20:17:47","date_gmt":"2023-10-05T23:17:47","guid":{"rendered":"https:\/\/iesmarchetti-tuc.infd.edu.ar\/sitio\/?page_id=5975"},"modified":"2026-03-23T23:46:29","modified_gmt":"2026-03-24T02:46:29","slug":"aspirantes-2023-2","status":"publish","type":"page","link":"https:\/\/iesmarchetti-tuc.infd.edu.ar\/sitio\/aspirantes-2023-2\/","title":{"rendered":"ASPIRANTES 2026"},"content":{"rendered":"\n<p class=\"has-text-align-center\"><strong> FECHA OFICIAL DE EX\u00c1MEN DE INGRESO 2026 <\/strong> <\/p>\n\n\n\n<p class=\"has-text-align-center\">Los resultados ser\u00e1n expuestos en esta web una vez que se hayan corregido la totalidad de los ex\u00e1menes, el listado corresponder\u00e1 solo a los que lograron ingresar. Los aspirantes a rendir deben presentarse con DNI.<\/p>\n\n\n\n<p class=\"has-text-align-center\">RESULTADO DE LOS EXAMENES DE INGRESO 2026 <\/p>\n\n\n\n<p class=\"has-text-align-center\"><a href=\"https:\/\/drive.google.com\/file\/d\/1HJLr9zSfe2DEL_86hjntzMCDu3GB80Oh\/view?usp=sharing\">DESCARGAR RESULTADOS<\/a><\/p>\n\n\n\n<p><\/p>\n\n\n\n<p class=\"has-text-align-center\"><strong>Lengua &#8211;&gt; 05\/03\/26<br><\/strong>(IES Central desde 19:00)<\/p>\n\n\n\n<p class=\"has-text-align-center\"><strong>Matem\u00e1tica &#8211;&gt; 25\/03\/26 Nivelaci\u00f3n<br><\/strong>(IES Central desde 19:00)<\/p>\n\n\n\n<p class=\"has-text-align-center\"><strong>Inicial &#8211;&gt; Reprogramada para el 19\/03\/26<br><\/strong>(IES Central desde 19:00)<\/p>\n\n\n\n<p class=\"has-text-align-center\"><strong>Historia &#8211;&gt; Reprogramada para el 18\/03\/26<br><\/strong>(IES Central desde 19:00)<\/p>\n\n\n\n<p class=\"has-text-align-center\"><strong>Fisica &#8211;&gt;06\/03\/26<br><\/strong>(Ciidept desde las 8:00)<\/p>\n\n\n\n<p class=\"has-text-align-center\"><strong>Especial &#8211;&gt; 05\/03\/26<br><\/strong>(Ciidept desde las 8:00)<\/p>\n\n\n\n<ul>\n<li><\/li>\n\n\n\n<li><strong>Profesorado de Educaci\u00f3n Inicial<\/strong> &#8211;<strong>-&gt; Cursado en el Marchetti (18:20 a 23:10) <\/strong><\/li>\n\n\n\n<li><\/li>\n\n\n\n<li>Profesorado de Educaci\u00f3n Especial con Orientaci\u00f3n en Disc. Intelectual &#8211;&gt; Cursado en CIIDEPT (7:30 a 12:30)<\/li>\n\n\n\n<li><\/li>\n\n\n\n<li><strong>Profesorado de Historia &#8211;&gt; Cursado en el Marchetti (18:20 a 23:10)<\/strong> <\/li>\n\n\n\n<li><\/li>\n\n\n\n<li>Profesorado de Lengua y Literatura &#8211;&gt; Cursado en el Marchetti (18:20 a 23:10) <\/li>\n\n\n\n<li><\/li>\n\n\n\n<li><strong>Profesorado en F\u00edsica<\/strong> <strong>&#8211;&gt; Cursado en CIIDEPT (7:30 a 12:30)<\/strong><\/li>\n\n\n\n<li><\/li>\n\n\n\n<li>Profesorado en Matem\u00e1tica  &#8211;&gt; Cursado en el Marchetti (18:20 a 23:10) <\/li>\n\n\n\n<li><\/li>\n<\/ul>\n\n\n\n<p>          Se informa que para ser alumno del Instituto se deber\u00e1 aprobar el examen de ingreso, el Instituto <strong>NO<\/strong> cuenta con ninguna Red Social Oficial.<\/p>\n\n\n\n<p><\/p>\n\n\n\n<p><\/p>\n\n\n\n<p class=\"has-text-align-center\"> <\/p>\n\n\n<div class=\"wp-block-image\">\n<figure class=\"aligncenter size-full\"><a href=\"https:\/\/docs.google.com\/forms\/d\/e\/1FAIpQLScwyCe2ZVYFN4QZcgCG7YA-SEnipuJHC8jBmpPrBi5QD3Iigg\/viewform?usp=header\"><img decoding=\"async\" loading=\"lazy\" width=\"618\" height=\"174\" src=\"https:\/\/iesmarchetti-tuc.infd.edu.ar\/sitio\/wp-content\/uploads\/2025\/12\/Boton-de-Preinscripcion.png\" alt=\"\" class=\"wp-image-6639\"\/><\/a><\/figure><\/div>\n\n<div class=\"wp-block-image\">\n<figure class=\"aligncenter size-full\"><a href=\"https:\/\/iesmarchetti-tuc.infd.edu.ar\/sitio\/material\/\"><img decoding=\"async\" loading=\"lazy\" width=\"617\" height=\"173\" src=\"https:\/\/iesmarchetti-tuc.infd.edu.ar\/sitio\/wp-content\/uploads\/2025\/12\/Boton-descarga-de-cuadernillos-IES-.png\" alt=\"\" class=\"wp-image-6636\"\/><\/a><\/figure><\/div>\n\n\n<p class=\"has-base-3-background-color has-background\"><\/p>\n\n\n\n<p><\/p>\n\n\n\n<p><\/p>\n\n\n\n<p><\/p>\n\n\n\n<p class=\"has-text-align-center has-medium-font-size\"><\/p>\n\n\n\n<p><\/p>\n\n\n\n<p><\/p>\n\n\n\n<p><\/p>\n\n\n\n<p><\/p>\n\n\n\n<p><\/p>\n\n\n\n<p><\/p>\n\n\n\n<p><\/p>\n\n\n\n<p><\/p>\n\n\n\n<p><\/p>\n\n\n\n<p><\/p>\n\n\n\n<p><\/p>\n\n\n\n<p><\/p>\n\n\n\n<h1 class=\"wp-block-heading has-text-align-center\"> INFORMACI\u00d3N SOBRE DOCUMENTACI\u00d3N, EXAMEN DE INGRESO, ETC. SE INFORMAR\u00c1 EN ESTA SECCI\u00d3N.<\/h1>\n\n\n\n<p>El cursado de las distintas carreras del Instituto de Ense\u00f1anza Superior Profesor Manuel Marchetti es&nbsp;PRESENCIAL de lunes a viernes de 18:20 a 23:10 hs. y las pr\u00e1cticas docentes se realizan en contraturno.<\/p>\n\n\n\n<p><\/p>\n\n\n<div class=\"wp-block-image\">\n<figure class=\"aligncenter size-full\"><img decoding=\"async\" loading=\"lazy\" width=\"512\" height=\"1024\" src=\"https:\/\/iesmarchetti-tuc.infd.edu.ar\/sitio\/wp-content\/uploads\/2022\/10\/WhatsApp-Image-2022-10-05-at-19.03.21-1.jpeg\" alt=\"\" class=\"wp-image-5236\" srcset=\"https:\/\/iesmarchetti-tuc.infd.edu.ar\/sitio\/wp-content\/uploads\/2022\/10\/WhatsApp-Image-2022-10-05-at-19.03.21-1.jpeg 512w, https:\/\/iesmarchetti-tuc.infd.edu.ar\/sitio\/wp-content\/uploads\/2022\/10\/WhatsApp-Image-2022-10-05-at-19.03.21-1-500x1000.jpeg 500w\" sizes=\"(max-width: 512px) 100vw, 512px\" \/><\/figure><\/div>\n\n\n<div class=\"wp-block-group has-base-background-color has-background is-layout-constrained\"><div class=\"wp-block-group__inner-container\">\n<h1 class=\"wp-block-heading has-text-align-center\">En los siguientes enlaces encontrar\u00e1n informaci\u00f3n sobre los diferentes profesorados que se dictan en la instituci\u00f3n.<\/h1>\n\n\n\n<ul>\n<li><a href=\"https:\/\/iesmarchetti-tuc.infd.edu.ar\/sitio\/profesorado-en-educacion-especial-con-orientacion-en-discapacidad-intelectual\/\" target=\"_blank\" rel=\"noreferrer noopener\">PROFESORADO EN EDUCACI\u00d3N ESPECIAL CON ORIENTACI\u00d3N EN DISCAPACIDAD INTELECTUAL<\/a><\/li>\n\n\n\n<li><a href=\"https:\/\/iesmarchetti-tuc.infd.edu.ar\/sitio\/profesorado-de-educacion-inicial\/\" target=\"_blank\" rel=\"noreferrer noopener\">PROFESORADO DE EDUCACI\u00d3N INICIAL<\/a><\/li>\n\n\n\n<li><a href=\"https:\/\/iesmarchetti-tuc.infd.edu.ar\/sitio\/profesorado-de-educacion-secundaria-en-fisica\/\" target=\"_blank\" rel=\"noreferrer noopener\">PROFESORADO DE EDUCACI\u00d3N SECUNDARIA EN F\u00cdSICA<\/a><\/li>\n\n\n\n<li><a href=\"https:\/\/iesmarchetti-tuc.infd.edu.ar\/sitio\/profesorado-de-educacion-secundaria-en-historia\/\" target=\"_blank\" rel=\"noreferrer noopener\">PROFESORADO DE EDUCACI\u00d3N SECUNDARIA EN HISTORIA<\/a><\/li>\n\n\n\n<li><a href=\"https:\/\/iesmarchetti-tuc.infd.edu.ar\/sitio\/profesorado-de-educacion-secundaria-en-lengua-y-literatura\/\" target=\"_blank\" rel=\"noreferrer noopener\">PROFESORADO DE EDUCACI\u00d3N SECUNDARIA EN LENGUA Y LITERATURA<\/a><\/li>\n\n\n\n<li><a rel=\"noreferrer noopener\" href=\"https:\/\/iesmarchetti-tuc.infd.edu.ar\/sitio\/profesorado-de-educacion-secundaria-en-matematica\/\" target=\"_blank\">PROFESORADO DE EDUCACI\u00d3N SECUNDARIA EN MATEM\u00c1TICA<\/a><\/li>\n<\/ul>\n<\/div><\/div>\n\n\n\n<p><\/p>\n\n\n\n<h1 class=\"wp-block-heading has-text-align-center has-base-background-color has-background\">Los invitamos a visitar la secci\u00f3n <a href=\"https:\/\/iesmarchetti-tuc.infd.edu.ar\/sitio\/category\/informacion-y-noticias\/\" data-type=\"URL\" data-id=\"https:\/\/iesmarchetti-tuc.infd.edu.ar\/sitio\/category\/informacion-y-noticias\/\" target=\"_blank\" rel=\"noreferrer noopener\">INFORMACI\u00d3N Y NOTICIAS<\/a> para saber un poco m\u00e1s de algunas de las actividades del Instituto de Ense\u00f1anza Superior Profesor Manuel Marchettti.<\/h1>\n\n\n\n<p><\/p>\n\n\n\n<p><\/p>\n\n\n\n<blockquote class=\"wp-block-quote\">\n<h2 class=\"wp-block-heading has-text-align-center\"><em>CUALQUIER INFORMACI\u00d3N OFICIAL SE PUBLICAR\u00c1 EN LA P\u00c1GINA DEL IES PROFESOR MANUEL MARCHETTI https:\/\/iesmarchetti-tuc.infd.edu.ar\/sitio\/ .&nbsp;<\/em><\/h2>\n\n\n\n<h2 class=\"wp-block-heading has-text-align-center\"><strong>El Instituto de Ense\u00f1anza Superior Profesor Manuel Marchetti NO POSEE ninguna cuenta en Facebook, Twitter, WhatsApp, Instagram, n\u00famero telef\u00f3nico, etc.<\/strong><\/h2>\n<\/blockquote>\n\n\n\n<blockquote class=\"wp-block-quote\">\n<p><\/p>\n<\/blockquote>\n\n\n\n<p><\/p>\n\n\n\n<p><\/p>\n","protected":false},"excerpt":{"rendered":"<p>FECHA OFICIAL DE EX\u00c1MEN DE INGRESO 2026 Los resultados ser\u00e1n expuestos en esta web una vez que se hayan corregido la totalidad de los ex\u00e1menes, el listado corresponder\u00e1 solo a los que lograron ingresar. Los aspirantes a rendir deben presentarse con DNI. RESULTADO DE LOS EXAMENES DE INGRESO 2026 DESCARGAR RESULTADOS Lengua &#8211;&gt; 05\/03\/26(IES Central &#8230; <a title=\"ASPIRANTES 2026\" class=\"read-more\" href=\"https:\/\/iesmarchetti-tuc.infd.edu.ar\/sitio\/aspirantes-2023-2\/\" aria-label=\"More on ASPIRANTES 2026\">[+]<\/a><\/p>\n","protected":false},"author":3543,"featured_media":0,"parent":0,"menu_order":0,"comment_status":"closed","ping_status":"closed","template":"","meta":[],"acf":[],"_links":{"self":[{"href":"https:\/\/iesmarchetti-tuc.infd.edu.ar\/sitio\/wp-json\/wp\/v2\/pages\/5975"}],"collection":[{"href":"https:\/\/iesmarchetti-tuc.infd.edu.ar\/sitio\/wp-json\/wp\/v2\/pages"}],"about":[{"href":"https:\/\/iesmarchetti-tuc.infd.edu.ar\/sitio\/wp-json\/wp\/v2\/types\/page"}],"author":[{"embeddable":true,"href":"https:\/\/iesmarchetti-tuc.infd.edu.ar\/sitio\/wp-json\/wp\/v2\/users\/3543"}],"replies":[{"embeddable":true,"href":"https:\/\/iesmarchetti-tuc.infd.edu.ar\/sitio\/wp-json\/wp\/v2\/comments?post=5975"}],"version-history":[{"count":48,"href":"https:\/\/iesmarchetti-tuc.infd.edu.ar\/sitio\/wp-json\/wp\/v2\/pages\/5975\/revisions"}],"predecessor-version":[{"id":6660,"href":"https:\/\/iesmarchetti-tuc.infd.edu.ar\/sitio\/wp-json\/wp\/v2\/pages\/5975\/revisions\/6660"}],"wp:attachment":[{"href":"https:\/\/iesmarchetti-tuc.infd.edu.ar\/sitio\/wp-json\/wp\/v2\/media?parent=5975"}],"curies":[{"name":"wp","href":"https:\/\/api.w.org\/{rel}","templated":true}]}}