{"id":5469,"date":"2023-02-07T12:48:25","date_gmt":"2023-02-07T15:48:25","guid":{"rendered":"https:\/\/iesmarchetti-tuc.infd.edu.ar\/sitio\/?page_id=5469"},"modified":"2023-11-01T21:45:37","modified_gmt":"2023-11-02T00:45:37","slug":"mesas-de-examen-2023","status":"publish","type":"page","link":"https:\/\/iesmarchetti-tuc.infd.edu.ar\/sitio\/mesas-de-examen-2023\/","title":{"rendered":"MESAS DE EXAMEN 2023"},"content":{"rendered":"\n<p><\/p>\n\n\n\n<div class=\"wp-block-group has-base-background-color has-background is-layout-constrained\"><div class=\"wp-block-group__inner-container\">\n<h1 class=\"alignwide has-text-align-center wp-block-heading\">MESAS DE EXAMEN NOVIEMBRE &#8211; DICIEMBRE 2023<\/h1>\n\n\n\n<h1 class=\"alignwide has-text-align-center wp-block-heading\">2 (DOS) LLAMADOS<\/h1>\n\n\n\n<h2 class=\"has-text-align-center wp-block-heading\">VENTA DE PARTES DE EXAMEN  Y CONSTANCIAS PARA LOS D\u00cdAS DE EXAMEN &#8211; AMBOS LLAMADOS &#8211; COOPERADORA LOS D\u00cdAS 13, 14 Y 15 DE NOVIEMBRE 2023 DE 18:30 A 20:30<\/h2>\n\n\n\n<p><\/p>\n\n\n\n<p>Se recuerda que es 1 (un) parte por cada a\u00f1o de las materias, por ejemplo: 1 (un) parte para las materias de 1er a\u00f1o, 1 (un) parte para las de 2do a\u00f1o, etc.<\/p>\n\n\n\n<h2 class=\"has-text-align-center wp-block-heading\">INSCRIPCI\u00d3N CON SU RESPECTIV@ PRECEPTOR LOS D\u00cdAS 13, 14 Y 15 DE NOVIEMBRE 2023 DE 18:30 A 20:30<\/h2>\n\n\n\n<h2 class=\"wp-block-heading\"><strong>ATENCI\u00d3N:<\/strong><\/h2>\n\n\n\n<ul>\n<li><strong>DEBEN ESTAR REINSCRIPTOS PARA EL CICLO LECTIVO 2023 Y TENER LEGAJOS COMPLETOS PARA PODER RENDIR<\/strong>.<\/li>\n\n\n\n<li>Las mesas de examen ser\u00e1n con libreta y\/o D.N.I.<\/li>\n\n\n\n<li>Se deber\u00e1n respetar todas las normativas establecidas para los ex\u00e1menes, el sistema de correlativas, las disposiciones referentes a las Pr\u00e1cticas, los requisitos para alumnos libres y regulares, el Marco Jurisdiccional de Convivencia, las disposiciones institucionales, etc.<\/li>\n\n\n\n<li>Borrado de inscripci\u00f3n a examen: hasta 72hs. h\u00e1biles antes del mismo o no tendr\u00e1n acceso a la pr\u00f3xima mesa.<\/li>\n\n\n\n<li>Los alumnos deber\u00e1n confirmar al docente a cargo de la asignatura y preceptorEes que rendir\u00e1n el examen HASTA 72HS h\u00e1biles ANTES DEL MISMO.<\/li>\n\n\n\n<li>Los estudiantes que rindan <strong>libre<\/strong>, adem\u00e1s de cumplir con lo establecido por reglamento en funci\u00f3n a su condici\u00f3n, deber\u00e1n comunicarse en tiempo y forma con el profesor para saber las caracter\u00edsticas de este.<\/li>\n<\/ul>\n\n\n\n<h3 class=\"wp-block-heading\">1ER LLAMADO:&nbsp;<\/h3>\n\n\n\n<p><a href=\"https:\/\/docs.google.com\/spreadsheets\/d\/1XRmU7ms3zjFc1_IDsdqIbdAEvIhPwey8\/edit?usp=sharing&amp;ouid=114145934842939506670&amp;rtpof=true&amp;sd=true\">https:\/\/docs.google.com\/spreadsheets\/d\/1XRmU7ms3zjFc1_IDsdqIbdAEvIhPwey8\/edit?usp=sharing&amp;ouid=114145934842939506670&amp;rtpof=true&amp;sd=true<\/a><\/p>\n\n\n\n<h3 class=\"wp-block-heading\">2DO LLAMADO:&nbsp;<\/h3>\n\n\n\n<p><a href=\"https:\/\/docs.google.com\/spreadsheets\/d\/1Hjr923ygA26Xktks-2kV5E_F-QAwBjsD\/edit?usp=sharing&amp;ouid=114145934842939506670&amp;rtpof=true&amp;sd=true\">https:\/\/docs.google.com\/spreadsheets\/d\/1Hjr923ygA26Xktks-2kV5E_F-QAwBjsD\/edit?usp=sharing&amp;ouid=114145934842939506670&amp;rtpof=true&amp;sd=true<\/a><\/p>\n<\/div><\/div>\n\n\n\n<p><\/p>\n\n\n\n<div class=\"wp-block-group is-layout-constrained\"><div class=\"wp-block-group__inner-container\">\n<div class=\"wp-block-group has-base-background-color has-background is-layout-constrained\"><div class=\"wp-block-group__inner-container\">\n<h1 class=\"has-text-align-center wp-block-heading\">MESAS DE EXAMEN OCTUBRE 2023 &#8211; <\/h1>\n\n\n\n<h1 class=\"has-text-align-center wp-block-heading\">SIN SUSPENSI\u00d3N DE CLASES<\/h1>\n\n\n\n<p><\/p>\n\n\n\n<h2 class=\"has-text-align-center wp-block-heading\">VENTA DE PARTES DE EXAMEN Y CONSTANCIAS PARA LOS D\u00cdAS DE EXAMEN- COOPERADORA LOS D\u00cdAS 12, 13 Y 14 DE SEPTIEMBRE DE 2023 DE 18:30 A 20:30<\/h2>\n\n\n\n<p>Se recuerda que es 1 (un) parte por cada a\u00f1o de las materias, por ejemplo: 1 (un) parte para las materias de 1er a\u00f1o, 1 (un) parte para las de 2do a\u00f1o, etc.<\/p>\n\n\n\n<h2 class=\"has-text-align-center wp-block-heading\">INSCRIPCI\u00d3N CON SU RESPECTIV@ PRECEPTOR LOS D\u00cdAS 12, 13 Y 14 DE SEPTIEMBRE DE 2023  DE 18:30 A 20:30HS.<\/h2>\n\n\n\n<p><\/p>\n\n\n\n<h2 class=\"wp-block-heading\"><strong>ATENCI\u00d3N:<\/strong><\/h2>\n\n\n\n<ul>\n<li><strong>DEBEN ESTAR REINSCRIPTOS PARA EL CICLO LECTIVO 2023 Y TENER LEGAJOS COMPLETOS PARA PODER RENDIR<\/strong>.<\/li>\n\n\n\n<li>Las mesas de examen ser\u00e1n con libreta y\/o D.N.I.<\/li>\n\n\n\n<li>Se deber\u00e1n respetar todas las normativas establecidas para los ex\u00e1menes, el sistema de correlativas, las disposiciones referentes a las Pr\u00e1cticas, los requisitos para alumnos libres y regulares, el Marco Jurisdiccional de Convivencia, las disposiciones institucionales, etc.<\/li>\n\n\n\n<li>Borrado de inscripci\u00f3n a examen: hasta 72hs. h\u00e1biles antes del mismo o no tendr\u00e1n acceso a la pr\u00f3xima mesa.<\/li>\n\n\n\n<li>Los alumnos deber\u00e1n confirmar al docente a cargo de la asignatura y preceptors que rendir\u00e1n el examen HASTA 72HS h\u00e1biles ANTES DEL MISMO.<\/li>\n\n\n\n<li>Los estudiantes que rindan <strong>libre<\/strong>, adem\u00e1s de cumplir con lo establecido por reglamento en funci\u00f3n a su condici\u00f3n, deber\u00e1n comunicarse en tiempo y forma con el profesor para saber las caracter\u00edsticas de este.<\/li>\n<\/ul>\n\n\n\n<h2 class=\"wp-block-heading\"><strong>MESAS DE EXAMEN:<\/strong><\/h2>\n\n\n\n<p><a href=\"https:\/\/docs.google.com\/spreadsheets\/d\/1o3Z7fIWZtgQP37WhEN6EAqQn3DcodUeD\/edit?usp=sharing&amp;ouid=114145934842939506670&amp;rtpof=true&amp;sd=true\">https:\/\/docs.google.com\/spreadsheets\/d\/1o3Z7fIWZtgQP37WhEN6EAqQn3DcodUeD\/edit?usp=sharing&amp;ouid=114145934842939506670&amp;rtpof=true&amp;sd=true<\/a><\/p>\n<\/div><\/div>\n\n\n\n<div class=\"wp-block-group has-contrast-3-background-color has-background is-layout-constrained\"><div class=\"wp-block-group__inner-container\">\n<h3 class=\"has-text-align-center wp-block-heading\">Sobre solicitud de estudiantes para extender la condicionalidad de materias adeudadas para ingresar a las pr\u00e1cticas \u00e1ulicas:<\/h3>\n\n\n\n<p>El Equipo Directivo, coordinadores de carrera y docentes pr\u00e1cticas acordaron que los\/as estudiantes que no regularizaron su situaci\u00f3n podr\u00e1n continuar cursando las pr\u00e1cticas <strong>s\u00f3lo s\u00ed re\u00fane todos los requisitos que se mencionan a continuaci\u00f3n:<\/strong><\/p>\n\n\n\n<p>\u2022 Adeudar 1(una) materia requerida para las pr\u00e1cticas<br>\u2022 Haber justificado su inasistencia en las mesas de Julio\/Agosto ya sea al preceptor\/a o docente<br>\u2022 Registrar un cursado regular en las clases de pr\u00e1cticas de Abril a Agosto<br>\u2022 Cada c\u00e1tedra labrar\u00e1 acta en d\u00f3nde el\/la estudiante se compromete a arbitrar todos los recursos necesarios para rendir y aprobar en las mesas de Octubre<br>\u2022 Durante este 2do cuatrimestre, deber\u00e1 acreditar horas de cursado mediante el dise\u00f1o y defensa de microclases y participar en las l\u00edneas de acci\u00f3n de algunos de los 4 proyectos institucionales vigentes en el IES. Esta \u00faltima actividad acreditar\u00e1 un porcentaje m\u00ednimo del total requerido por cada pr\u00e1ctica.<br>\u2022 El resto de la carga horaria ser\u00e1 acreditada durante el 1er trimestre del ciclo lectivo 2024<br>\u2022 En caso de no aprobar en las mesas de Octubre, no podr\u00e1 continuar cursando la pr\u00e1ctica. Deber\u00e1 recursar el a\u00f1o siguiente ya que no se validan cursadas parciales<br>\u2022 El alumno que no se reincorpor\u00f3 a las clases de pr\u00e1ctica en el 2do cuatrimestre, deber\u00e1 comunicarse inmediatamente con la c\u00e1tedra para informar su situaci\u00f3n.<\/p>\n\n\n\n<p>La decisi\u00f3n se fundamenta en informe elevado por los\/as preceptores, el cual indica la cantidad de veces que rindieron en las \u00faltimas mesas, ausentismo justificado e injustificado y cantidad de materias adeudadas.<\/p>\n<\/div><\/div>\n<\/div><\/div>\n\n\n\n<div class=\"wp-block-group has-base-background-color has-background is-layout-constrained\"><div class=\"wp-block-group__inner-container\">\n<h1 class=\"has-text-align-center wp-block-heading\"><strong>MESAS DE EXAMEN JULIO \u2013 AGOSTO 2023<\/strong><\/h1>\n\n\n\n<p><\/p>\n\n\n\n<h2 class=\"has-text-align-center wp-block-heading\"><strong>VENTA DE PARTES DE EXAMEN &#8211; COOPERADORA D\u00cdAS 5, 6 Y 7 JULIO DE 2023 DE 18:30 A 20:30HS.<\/strong><\/h2>\n\n\n\n<p>Se recuerda que es 1 (un) parte por cada a\u00f1o de las materias, por ejemplo: 1 (un) parte para las materias de 1er a\u00f1o, 1 (un) parte para las de 2do a\u00f1o, etc.<\/p>\n\n\n\n<h2 class=\"has-text-align-center wp-block-heading\"><strong>INSCRIPCI\u00d3N CON SU RESPECTIV@ PRECEPTOR LOS D\u00cdAS 5, 6 Y 7 JULIO DE 2023 DE 18:30 A 20:30HS.<\/strong><\/h2>\n\n\n\n<p><\/p>\n\n\n\n<h2 class=\"wp-block-heading\"><strong>ATENCI\u00d3N:<\/strong><\/h2>\n\n\n\n<ul>\n<li><strong>DEBEN ESTAR REINSCRIPTOS PARA EL CICLO LECTIVO 2023 Y TENER LEGAJOS COMPLETOS PARA PODER RENDIR<\/strong>.<\/li>\n\n\n\n<li>Las mesas de examen ser\u00e1n con libreta y\/o D.N.I.<\/li>\n\n\n\n<li>Se deber\u00e1n respetar todas las normativas establecidas para los ex\u00e1menes, el sistema de correlativas, las disposiciones referentes a las Pr\u00e1cticas, los requisitos para alumnos libres y regulares, el Marco Jurisdiccional de Convivencia, las disposiciones institucionales, etc.<\/li>\n\n\n\n<li>Borrado de inscripci\u00f3n a examen: hasta 72hs. h\u00e1biles antes del mismo o no tendr\u00e1n acceso a la pr\u00f3xima mesa.<\/li>\n\n\n\n<li>Los alumnos deber\u00e1n confirmar al docente a cargo de la asignatura que rendir\u00e1n el examen HASTA 72HS h\u00e1biles ANTES DEL MISMO.<\/li>\n\n\n\n<li>Los estudiantes que rindan <strong>libre<\/strong>, adem\u00e1s de cumplir con lo establecido por reglamento en funci\u00f3n a su condici\u00f3n, deber\u00e1n comunicarse en tiempo y forma con el profesor para saber las caracter\u00edsticas de este.<\/li>\n<\/ul>\n\n\n\n<h2 class=\"wp-block-heading\"><strong>MESAS DE EXAMEN:<\/strong><\/h2>\n\n\n\n<p><a href=\"https:\/\/docs.google.com\/spreadsheets\/d\/1OajZ9hoeXZbe1HJJDvDoP1IYpjbTSdYE\/edit?usp=sharing&amp;ouid=114145934842939506670&amp;rtpof=true&amp;sd=true\">https:\/\/docs.google.com\/spreadsheets\/d\/1OajZ9hoeXZbe1HJJDvDoP1IYpjbTSdYE\/edit?usp=sharing&amp;ouid=114145934842939506670&amp;rtpof=true&amp;sd=true<\/a><\/p>\n\n\n\n<h2 class=\"alignwide has-text-align-center wp-block-heading\"><strong>LAS MESAS DE EXAMEN PUEDEN SUFRIR MODIFICACIONES. ESTAR ATENT@S.<\/strong><\/h2>\n<\/div><\/div>\n\n\n\n<p><\/p>\n\n\n\n<div class=\"wp-block-group has-base-background-color has-background is-layout-constrained\"><div class=\"wp-block-group__inner-container\">\n<h1 class=\"has-text-align-center wp-block-heading\">MESAS DE EXAMEN JUNIO 2023<\/h1>\n\n\n\n<h2 class=\"has-text-align-center wp-block-heading\">SIN SUSPENSI\u00d3N DE CLASES<\/h2>\n\n\n\n<p><\/p>\n\n\n\n<h2 class=\"has-text-align-center wp-block-heading\">VENTA DE PARTES DE EXAMEN &#8211; COOPERADORA D\u00cdAS 22, 23 Y 24 DE MAYO DE 2023 de 18:30 a 21hs.<\/h2>\n\n\n\n<p>Se recuerda que es 1 (un) parte por cada a\u00f1o de las materias, por ejemplo: 1 (un) parte para las materias de 1er a\u00f1o, 1 (un) parte para las de 2do a\u00f1o, etc.<\/p>\n\n\n\n<p><\/p>\n\n\n\n<h2 class=\"has-text-align-center wp-block-heading\">INSCRIPCI\u00d3N CON SU RESPECTIV@ PRECEPTOR LOS D\u00cdAS 22, 23 Y 24 DE MAYO DE 2023 de 19 a 21hs.<\/h2>\n\n\n\n<h3 class=\"wp-block-heading\">ATENCI\u00d3N:<\/h3>\n\n\n\n<ul>\n<li>DEBEN ESTAR REINSCRIPTOS PARA EL CICLO LECTIVO 2023.<\/li>\n\n\n\n<li>Las mesas de examen ser\u00e1n con libreta y\/o D.N.I.<\/li>\n\n\n\n<li>Se deber\u00e1n respetar todas las normativas establecidas para los ex\u00e1menes, el sistema de correlativas, las disposiciones referentes a las Pr\u00e1cticas, los requisitos para alumnos libres y regulares, el Marco Jurisdiccional de Convivencia, las disposiciones institucionales, etc.<\/li>\n\n\n\n<li>Borrado de inscripci\u00f3n a examen: hasta 72hs. h\u00e1biles antes del mismo o no tendr\u00e1n acceso a la pr\u00f3xima mesa.<\/li>\n\n\n\n<li>Los alumnos deber\u00e1n confirmar al docente a cargo de la asignatura que rendir\u00e1n el examen HASTA 72HS h\u00e1biles ANTES DEL MISMO.<\/li>\n\n\n\n<li>Los estudiantes que rindan <strong>libre<\/strong>, adem\u00e1s de cumplir con lo establecido por reglamento en funci\u00f3n a su condici\u00f3n, deber\u00e1n comunicarse en tiempo y forma con el profesor para saber las caracter\u00edsticas del mismo.<\/li>\n<\/ul>\n\n\n\n<h2 class=\"wp-block-heading\">MESAS DE EXAMEN:<\/h2>\n\n\n\n<p><a href=\"https:\/\/docs.google.com\/spreadsheets\/d\/17FkuOWXveFHISZXkQwOoPLIP6ulzIUYj\/edit?usp=sharing&amp;ouid=114145934842939506670&amp;rtpof=true&amp;sd=true\">https:\/\/docs.google.com\/spreadsheets\/d\/17FkuOWXveFHISZXkQwOoPLIP6ulzIUYj\/edit?usp=sharing&amp;ouid=114145934842939506670&amp;rtpof=true&amp;sd=true<\/a><\/p>\n\n\n\n<h3 class=\"has-text-align-center wp-block-heading\">LAS MESAS DE EXAMEN PUEDEN SUFRIR MODIFICACIONES. ESTAR ATENT@S<\/h3>\n<\/div><\/div>\n\n\n\n<p><\/p>\n\n\n\n<div class=\"wp-block-group has-base-background-color has-background is-layout-constrained\"><div class=\"wp-block-group__inner-container\">\n<h1 class=\"has-text-align-center wp-block-heading\">MESAS DE EXAMEN ABRIL 2023<\/h1>\n\n\n\n<p><\/p>\n\n\n\n<h2 class=\"has-text-align-center wp-block-heading\">VENTA DE PARTES DE EXAMEN &#8211; COOPERADORA D\u00cdAS 10, 11 y 12 dE ABRIL DE 2023 de 18:30 a 21hs.<\/h2>\n\n\n\n<p>Se recuerda que es 1 (un) parte por cada a\u00f1o de las materias, por ejemplo: 1 (un) parte para las materias de 1er a\u00f1o, 1 (un) parte para las de 2do a\u00f1o, etc.<\/p>\n\n\n\n<p><\/p>\n\n\n\n<h2 class=\"has-text-align-center wp-block-heading\">INSCRIPCI\u00d3N CON SU RESPECTIV@ PRECEPTOR LOS D\u00cdAS 10, 11 y 12 dE ABRIL DE 2023 de 19 a 21hs.<\/h2>\n\n\n\n<h3 class=\"wp-block-heading\">ATENCI\u00d3N:<\/h3>\n\n\n\n<ul>\n<li>DEBEN ESTAR REINSCRIPTOS PARA EL CICLO LECTIVO 2023.<\/li>\n\n\n\n<li>Las mesas de examen ser\u00e1n con libreta y\/o D.N.I.<\/li>\n\n\n\n<li>Se deber\u00e1n respetar todas las normativas establecidas para los ex\u00e1menes, el sistema de correlativas, las disposiciones referentes a las Pr\u00e1cticas, los requisitos para alumnos libres y regulares, el Marco Jurisdiccional de Convivencia, las disposiciones institucionales, etc.<\/li>\n\n\n\n<li>Borrado de inscripci\u00f3n a examen: hasta 72hs. antes del mismo o no tendr\u00e1n acceso a la pr\u00f3xima mesa.<\/li>\n\n\n\n<li>Los alumnos deber\u00e1n confirmar al docente a cargo de la asignatura que rendir\u00e1n el examen HASTA 72HS ANTES DEL MISMO.<\/li>\n\n\n\n<li>Los estudiantes que rindan <strong>libre<\/strong>, adem\u00e1s de cumplir con lo establecido por reglamento en funci\u00f3n a su condici\u00f3n, deber\u00e1n comunicarse en tiempo y forma con el profesor para saber las caracter\u00edsticas del mismo.<\/li>\n<\/ul>\n\n\n\n<p>MESAS DE EXAMEN: <a rel=\"noreferrer noopener\" href=\"https:\/\/docs.google.com\/spreadsheets\/d\/1jbcMQYCpSvYD4lDlOmmfSksS2TL_PQYY\/edit?usp=sharing&amp;ouid=116054722038819725286&amp;rtpof=true&amp;sd=true\" target=\"_blank\">https:\/\/docs.google.com\/spreadsheets\/d\/1jbcMQYCpSvYD4lDlOmmfSksS2TL_PQYY\/edit?usp=sharing&amp;ouid=116054722038819725286&amp;rtpof=true&amp;sd=true&nbsp;<\/a><\/p>\n\n\n\n<blockquote class=\"wp-block-quote has-text-align-center\">\n<p><em>LAS MESAS PUEDEN SUFRIR MODIFICACIONES. ESTAR ATENTOS.<\/em><\/p>\n<\/blockquote>\n<\/div><\/div>\n\n\n\n<div class=\"wp-block-group has-base-background-color has-background is-layout-constrained\"><div class=\"wp-block-group__inner-container\">\n<h1 class=\"has-text-align-center wp-block-heading\">MESA DE EXAMEN EXTRAORDINARIA PARA REGULARIZAR SITUACI\u00d3N ACAD\u00c9MICA PARA LAS PR\u00c1CTICAS DOCENTES:<\/h1>\n\n\n\n<ul>\n<li>Lunes 20 de marzo de 2023: venta de partes de examen e inscripci\u00f3n con su respectivo preceptor (\u00fanico d\u00eda)<\/li>\n\n\n\n<li>Las mesas se desarrollar\u00e1n del 27 de marzo al 05 de abril EN EL HORARIO DE CLASES DEL PROFESOR. Recuerden contactar con el mismo.<\/li>\n\n\n\n<li>Se podr\u00e1n rendir hasta 3 (tres) espacios curriculares.<\/li>\n\n\n\n<li>Solamente se podr\u00e1n rendir materias espec\u00edficas necesarias para las Pr\u00e1cticas Docentes, seg\u00fan lo establecido por las Disposiciones N\u00b0 9 y N\u00b012. \n<ul>\n<li><a href=\"https:\/\/iesmarchetti-tuc.infd.edu.ar\/sitio\/wp-content\/uploads\/2022\/12\/Disposicion-N%C2%B0-09_2022-DESyA-Condiciones-de-cursado-de-las-Practicas.pdf\">Disposicion-N\u00b0-09_2022-DESyA-Condiciones-de-cursado-de-las-PracticasDescarga<\/a><\/li>\n\n\n\n<li><a href=\"https:\/\/iesmarchetti-tuc.infd.edu.ar\/sitio\/wp-content\/uploads\/2022\/12\/Disposicion-N%C2%B0-12_2022-DESyA-Condiciones-de-cursado-de-las-Practicas.pdf\">Disposicion-N\u00b0-12_2022-DESyA-Condiciones-de-cursado-de-las-PracticasDescarga<\/a><\/li>\n\n\n\n<li><a rel=\"noreferrer noopener\" href=\"https:\/\/iesmarchetti-tuc.infd.edu.ar\/sitio\/condiciones-para-cursar-y-rendir-las-practicas-segun-disposicion-n09-2022-desya-y-disposicion-n12-2022\/\" target=\"_blank\">CONDICIONES PARA CURSAR Y RENDIR LAS PRACTICAS SEG\u00daN DISPOSICI\u00d3N N\u00b009\/2022 (DESyA) Y DISPOSICI\u00d3N N\u00b012\/2022<\/a><\/li>\n<\/ul>\n<\/li>\n\n\n\n<li><strong>Les recordamos que, si no van a rendir alguna asignatura, deben borrarse de la misma hasta 72hs antes. En caso de estar ausentes no podr\u00e1n rendir esa materia en el pr\u00f3ximo llamado.<\/strong><\/li>\n<\/ul>\n\n\n\n<p>MESAS DE EXAMEN EXTRAORDINARIAS: <\/p>\n\n\n\n<p><a href=\"https:\/\/docs.google.com\/spreadsheets\/d\/1Tn7ZW8VtyEUJCySaA3rRXsx1regO8I9s\/edit?usp=sharing&amp;ouid=114145934842939506670&amp;rtpof=true&amp;sd=true\">https:\/\/docs.google.com\/spreadsheets\/d\/1Tn7ZW8VtyEUJCySaA3rRXsx1regO8I9s\/edit?usp=sharing&amp;ouid=114145934842939506670&amp;rtpof=true&amp;sd=true<\/a><\/p>\n\n\n\n<p class=\"has-text-align-center\"><em>LAS MESAS PUEDEN SUFRIR MODIFICACIONES. ESTAR ATENTOS.<\/em><\/p>\n<\/div><\/div>\n\n\n\n<p><\/p>\n\n\n\n<h1 class=\"has-text-align-center wp-block-heading\">MESAS DE EXAMEN FEBRERO &#8211; MARZO 2023 (DOS LLAMADOS)<\/h1>\n\n\n\n<p><\/p>\n\n\n\n<blockquote class=\"wp-block-quote\">\n<pre class=\"wp-block-verse has-text-align-center has-medium-font-size\" style=\"font-style:normal;font-weight:800\">IMPORTANTE: LLAMADO FEBRERO - MARZO  2023 \u00daLTIMAS MESAS DE EXAMEN PARA PLANES RESIDUALES.<\/pre>\n<\/blockquote>\n\n\n\n<p><\/p>\n\n\n\n<h2 class=\"has-text-align-center wp-block-heading\">VENTA DE PARTES DE EXAMEN PARA AMBOS LLAMADOS &#8211; COOPERADORA D\u00cdAS 15, 16 Y 17 DE FEBRERO DE 2023 de 18:30 a 21hs.<\/h2>\n\n\n\n<p>Se recuerda que es 1 (un) parte por cada a\u00f1o de las materias, por ejemplo: 1 (un) parte para las materias de 1er a\u00f1o, 1 (un) parte para las de 2do a\u00f1o, etc.<\/p>\n\n\n\n<blockquote class=\"wp-block-quote has-text-align-center\">\n<p>\u00daNICOS D\u00cdAS DE VENTAS PARA LOS DOS LLAMADOS.<\/p>\n<\/blockquote>\n\n\n\n<h2 class=\"has-text-align-center wp-block-heading\">INSCRIPCI\u00d3N CON SU RESPECTIV@ PRECEPTOR LOS D\u00cdAS 15, 16 Y 17 DE FEBRERO DE 2023 de 19 a 21hs.<\/h2>\n\n\n\n<p><\/p>\n\n\n\n<blockquote class=\"wp-block-quote has-text-align-center\">\n<p><\/p>\n<\/blockquote>\n\n\n\n<h2 class=\"wp-block-heading\">ATENCI\u00d3N:<\/h2>\n\n\n\n<ul>\n<li>Las mesas de examen ser\u00e1n con libreta y\/o D.N.I.<\/li>\n\n\n\n<li>Se deber\u00e1n respetar todas las normativas establecidas para los ex\u00e1menes, el sistema de correlativas, las disposiciones referentes a las Pr\u00e1cticas, los requisitos para alumnos libres y regulares, el Marco Jurisdiccional de Convivencia, las disposiciones institucionales, etc.<\/li>\n\n\n\n<li>Borrado de inscripci\u00f3n a examen: hasta 72hs. antes del mismo. <\/li>\n\n\n\n<li>Los alumnos deber\u00e1n confirmar al docente a cargo de la asignatura que rendir\u00e1n el examen HASTA 72HS ANTES DEL MISMO.<\/li>\n\n\n\n<li>Los estudiantes que rindan <strong>libre<\/strong>, adem\u00e1s de cumplir con lo establecido por reglamento en funci\u00f3n a su condici\u00f3n, deber\u00e1n comunicarse en tiempo y forma con el profesor para saber fecha de examen y caracter\u00edsticas del mismo.<\/li>\n\n\n\n<li>Los alumnos de <strong>planes residuales<\/strong>, adem\u00e1s de cumplir con lo establecido por reglamento en funci\u00f3n a su condici\u00f3n, deber\u00e1n comunicarse en tiempo y forma con el profesor para saber fecha de examen y caracter\u00edsticas del mismo. <\/li>\n<\/ul>\n\n\n\n<p><\/p>\n\n\n\n<p>1ER LLAMADO:&nbsp;&nbsp;<a href=\"https:\/\/docs.google.com\/spreadsheets\/d\/1p--1GpvIDxYFNwFccwt-I8kZn_oRKguu\/edit?usp=sharing&amp;ouid=116054722038819725286&amp;rtpof=true&amp;sd=true\" target=\"_blank\" rel=\"noreferrer noopener\">https:\/\/docs.google.com\/spreadsheets\/d\/1p&#8211;1GpvIDxYFNwFccwt-I8kZn_oRKguu\/edit?usp=sharing&amp;ouid=116054722038819725286&amp;rtpof=true&amp;sd=true<\/a><\/p>\n\n\n\n<p>2DO LLAMADO <a href=\"https:\/\/docs.google.com\/spreadsheets\/d\/1yT2enlgclg6plB_QDsggfkMyqJ0A1DM_\/edit?usp=sharing&amp;ouid=116054722038819725286&amp;rtpof=true&amp;sd=true\" target=\"_blank\" rel=\"noreferrer noopener\">https:\/\/docs.google.com\/spreadsheets\/d\/1yT2enlgclg6plB_QDsggfkMyqJ0A1DM_\/edit?usp=sharing&amp;ouid=116054722038819725286&amp;rtpof=true&amp;sd=true<\/a><\/p>\n\n\n\n<p class=\"has-text-align-center has-large-font-size\"><em>LAS MESAS PUEDEN SUFRIR MODIFICACIONES. ESTAR ATENTOS.<\/em><\/p>\n\n\n\n<div class=\"wp-block-group has-very-light-gray-to-cyan-bluish-gray-gradient-background has-background is-layout-constrained\"><div class=\"wp-block-group__inner-container\">\n<h1 class=\"has-text-align-center wp-block-heading\">TUTOR\u00cdAS PARA RENDIR LAS SIGUIENTES ASIGNATURAS REQUERIDAS PARA LAS PR\u00c1CTICAS.<\/h1>\n\n\n\n<p><\/p>\n\n\n\n<h1 class=\"has-text-align-center wp-block-heading\">ATENCI\u00d3N: NO ES PARA ASPIRANTES.<\/h1>\n\n\n\n<ul>\n<li>Profesorado de F\u00edsica<\/li>\n<\/ul>\n\n\n\n<p>Prof. Fabian Mamani 02 de marzo de 18.30 a 20 hs.<\/p>\n\n\n\n<ul>\n<li>Profesorado de Matem\u00e1ticas<\/li>\n<\/ul>\n\n\n\n<p>Prof. Franco Arag\u00f3n: Geometr\u00eda 07 de marzo 18.30 a 19.50 hs.<\/p>\n\n\n\n<p>Prof. Javier Ledesma: An\u00e1lisis Matem\u00e1tico I  07 de marzo 18:30hs.<\/p>\n\n\n\n<ul>\n<li>Profesorado de Lengua<\/li>\n<\/ul>\n\n\n\n<p>Prof. Mar\u00eda Elisa Figueroa: Did\u00e1ctica Especial 09 de marzo 20hs.<\/p>\n\n\n\n<ul>\n<li>Profesorado de Inicial<\/li>\n<\/ul>\n\n\n\n<p>Prof. Javier Ledesma: Matem\u00e1tica 1er a\u00f1o 06 de marzo 20.30 hs.<\/p>\n\n\n\n<p>Prof. Mar\u00eda Elisa Figueroa: Lengua 09 de marzo 20hs.<\/p>\n\n\n\n<ul>\n<li>Profesorado de Historia<\/li>\n<\/ul>\n\n\n\n<p>Prof. Rodolfo Su\u00e1rez 02 de marzo 18.30 a 20 hs. Historia Mundial I y 20.30 a 22 hs. Historia Mundial II<\/p>\n\n\n\n<ul>\n<li>Profesorado de Especial<\/li>\n<\/ul>\n\n\n\n<p>Prof. Gonz\u00e1lez Rebelo Ciencias Naturales 07 de marzo 19:30 hs.<\/p>\n\n\n\n<p>Prof. Carla Carvallo: 01 de marzo de 18.30 a 20.30 hs.<\/p>\n\n\n\n<p>Prof. Jofre trastornos 09 de marzo 19 hs.<\/p>\n<\/div><\/div>\n","protected":false},"excerpt":{"rendered":"<p>MESAS DE EXAMEN NOVIEMBRE &#8211; DICIEMBRE 2023 2 (DOS) LLAMADOS VENTA DE PARTES DE EXAMEN Y CONSTANCIAS PARA LOS D\u00cdAS DE EXAMEN &#8211; AMBOS LLAMADOS &#8211; COOPERADORA LOS D\u00cdAS 13, 14 Y 15 DE NOVIEMBRE 2023 DE 18:30 A 20:30 Se recuerda que es 1 (un) parte por cada a\u00f1o de las materias, por ejemplo: &#8230; <a title=\"MESAS DE EXAMEN 2023\" class=\"read-more\" href=\"https:\/\/iesmarchetti-tuc.infd.edu.ar\/sitio\/mesas-de-examen-2023\/\" aria-label=\"More on MESAS DE EXAMEN 2023\">[+]<\/a><\/p>\n","protected":false},"author":3543,"featured_media":0,"parent":0,"menu_order":0,"comment_status":"closed","ping_status":"closed","template":"","meta":[],"acf":[],"_links":{"self":[{"href":"https:\/\/iesmarchetti-tuc.infd.edu.ar\/sitio\/wp-json\/wp\/v2\/pages\/5469"}],"collection":[{"href":"https:\/\/iesmarchetti-tuc.infd.edu.ar\/sitio\/wp-json\/wp\/v2\/pages"}],"about":[{"href":"https:\/\/iesmarchetti-tuc.infd.edu.ar\/sitio\/wp-json\/wp\/v2\/types\/page"}],"author":[{"embeddable":true,"href":"https:\/\/iesmarchetti-tuc.infd.edu.ar\/sitio\/wp-json\/wp\/v2\/users\/3543"}],"replies":[{"embeddable":true,"href":"https:\/\/iesmarchetti-tuc.infd.edu.ar\/sitio\/wp-json\/wp\/v2\/comments?post=5469"}],"version-history":[{"count":19,"href":"https:\/\/iesmarchetti-tuc.infd.edu.ar\/sitio\/wp-json\/wp\/v2\/pages\/5469\/revisions"}],"predecessor-version":[{"id":6172,"href":"https:\/\/iesmarchetti-tuc.infd.edu.ar\/sitio\/wp-json\/wp\/v2\/pages\/5469\/revisions\/6172"}],"wp:attachment":[{"href":"https:\/\/iesmarchetti-tuc.infd.edu.ar\/sitio\/wp-json\/wp\/v2\/media?parent=5469"}],"curies":[{"name":"wp","href":"https:\/\/api.w.org\/{rel}","templated":true}]}}