{"id":4794,"date":"2022-05-24T21:42:50","date_gmt":"2022-05-25T00:42:50","guid":{"rendered":"https:\/\/iesmarchetti-tuc.infd.edu.ar\/sitio\/?page_id=4794"},"modified":"2022-08-30T21:42:28","modified_gmt":"2022-08-31T00:42:28","slug":"cooperadora-y-centro-de-estudiantes","status":"publish","type":"page","link":"https:\/\/iesmarchetti-tuc.infd.edu.ar\/sitio\/cooperadora-y-centro-de-estudiantes\/","title":{"rendered":"COOPERADORA Y CENTRO DE ESTUDIANTES"},"content":{"rendered":"\n<figure class=\"wp-block-image size-large is-resized\"><img decoding=\"async\" loading=\"lazy\" src=\"https:\/\/iesmarchetti-tuc.infd.edu.ar\/sitio\/wp-content\/uploads\/2022\/08\/WhatsApp-Image-2022-08-25-at-8.45.46-PM-1.jpeg\" alt=\"\" class=\"wp-image-4987\" width=\"236\" height=\"419\" srcset=\"https:\/\/iesmarchetti-tuc.infd.edu.ar\/sitio\/wp-content\/uploads\/2022\/08\/WhatsApp-Image-2022-08-25-at-8.45.46-PM-1.jpeg 899w, https:\/\/iesmarchetti-tuc.infd.edu.ar\/sitio\/wp-content\/uploads\/2022\/08\/WhatsApp-Image-2022-08-25-at-8.45.46-PM-1-562x1000.jpeg 562w, https:\/\/iesmarchetti-tuc.infd.edu.ar\/sitio\/wp-content\/uploads\/2022\/08\/WhatsApp-Image-2022-08-25-at-8.45.46-PM-1-768x1366.jpeg 768w, https:\/\/iesmarchetti-tuc.infd.edu.ar\/sitio\/wp-content\/uploads\/2022\/08\/WhatsApp-Image-2022-08-25-at-8.45.46-PM-1-864x1536.jpeg 864w\" sizes=\"(max-width: 236px) 100vw, 236px\" \/><\/figure>\n\n\n\n<p><\/p>\n\n\n\n<p><\/p>\n\n\n\n<p>San Miguel de Tucum\u00e1n, 24 de Mayo de 2022.<br><\/p>\n\n\n\n<p>Estimados estudiantes:<br><\/p>\n\n\n\n<p>Tras haberse conformado la Junta Electoral en la asamblea el pasado viernes 20 de mayo del corriente a\u00f1o, nos complace informarles que, a partir de la fecha, se hace extensivo el llamado a todos los alumno\/as regulares del I.E.S. Prof. M. Marchetti que deseen presentar una lista de estudiantes con el objetivo de conformar el Centro de Estudiantes 2022.<br>Los estudiantes interesados deber\u00e1n presentar una carpeta con los datos de los miembros de la lista y sus propuestas, en la secretar\u00eda del I.E.S. Prof. M. Marchetti hasta las 20.30hs del d\u00eda viernes 27 de mayo de 2022.<br>Ansiamos la participaci\u00f3n de todos los estudiantes para continuar trabajando en pos de mejorar las trayectorias acad\u00e9micas.<br><\/p>\n\n\n\n<p class=\"has-text-align-right\">Sin otro particular, los saludamos atentamente.<br>Junta Electoral<br>I.E.S. Prof. M. Marchetti<\/p>\n\n\n\n<p><\/p>\n\n\n\n<p><\/p>\n","protected":false},"excerpt":{"rendered":"<p>San Miguel de Tucum\u00e1n, 24 de Mayo de 2022. Estimados estudiantes: Tras haberse conformado la Junta Electoral en la asamblea el pasado viernes 20 de mayo del corriente a\u00f1o, nos complace informarles que, a partir de la fecha, se hace extensivo el llamado a todos los alumno\/as regulares del I.E.S. Prof. M. Marchetti que deseen &#8230; <a title=\"COOPERADORA Y CENTRO DE ESTUDIANTES\" class=\"read-more\" href=\"https:\/\/iesmarchetti-tuc.infd.edu.ar\/sitio\/cooperadora-y-centro-de-estudiantes\/\" aria-label=\"More on COOPERADORA Y CENTRO DE ESTUDIANTES\">[+]<\/a><\/p>\n","protected":false},"author":3543,"featured_media":0,"parent":0,"menu_order":0,"comment_status":"closed","ping_status":"closed","template":"","meta":[],"acf":[],"_links":{"self":[{"href":"https:\/\/iesmarchetti-tuc.infd.edu.ar\/sitio\/wp-json\/wp\/v2\/pages\/4794"}],"collection":[{"href":"https:\/\/iesmarchetti-tuc.infd.edu.ar\/sitio\/wp-json\/wp\/v2\/pages"}],"about":[{"href":"https:\/\/iesmarchetti-tuc.infd.edu.ar\/sitio\/wp-json\/wp\/v2\/types\/page"}],"author":[{"embeddable":true,"href":"https:\/\/iesmarchetti-tuc.infd.edu.ar\/sitio\/wp-json\/wp\/v2\/users\/3543"}],"replies":[{"embeddable":true,"href":"https:\/\/iesmarchetti-tuc.infd.edu.ar\/sitio\/wp-json\/wp\/v2\/comments?post=4794"}],"version-history":[{"count":3,"href":"https:\/\/iesmarchetti-tuc.infd.edu.ar\/sitio\/wp-json\/wp\/v2\/pages\/4794\/revisions"}],"predecessor-version":[{"id":5193,"href":"https:\/\/iesmarchetti-tuc.infd.edu.ar\/sitio\/wp-json\/wp\/v2\/pages\/4794\/revisions\/5193"}],"wp:attachment":[{"href":"https:\/\/iesmarchetti-tuc.infd.edu.ar\/sitio\/wp-json\/wp\/v2\/media?parent=4794"}],"curies":[{"name":"wp","href":"https:\/\/api.w.org\/{rel}","templated":true}]}}