{"id":4425,"date":"2021-12-28T22:49:50","date_gmt":"2021-12-29T01:49:50","guid":{"rendered":"https:\/\/iesmarchetti-tuc.infd.edu.ar\/sitio\/?page_id=4425"},"modified":"2023-02-16T19:22:14","modified_gmt":"2023-02-16T22:22:14","slug":"profesorado-de-educacion-secundaria-en-historia","status":"publish","type":"page","link":"https:\/\/iesmarchetti-tuc.infd.edu.ar\/sitio\/profesorado-de-educacion-secundaria-en-historia\/","title":{"rendered":"Profesorado de Educaci\u00f3n Secundaria en Historia"},"content":{"rendered":"\n<p class=\"has-pale-cyan-blue-background-color has-background\"><a href=\"https:\/\/iesmarchetti-tuc.infd.edu.ar\/sitio\/profesorado-historia\/upload\/Disen_o_Curricular_Histori_a-.pdf\" data-type=\"URL\" data-id=\"https:\/\/iesmarchetti-tuc.infd.edu.ar\/sitio\/profesorado-historia\/upload\/Disen_o_Curricular_Histori_a-.pdf\" target=\"_blank\" rel=\"noreferrer noopener\">Dise\u00f1o Curricula<\/a><a rel=\"noreferrer noopener\" href=\"https:\/\/iesmarchetti-tuc.infd.edu.ar\/sitio\/profesorado-fisica\/upload\/Res._242_-_Profesorado_de_Secundaria_en_Fisica.pdf\" target=\"_blank\">r<\/a><\/p>\n\n\n\n<p class=\"has-pale-cyan-blue-background-color has-background\"><a href=\"https:\/\/iesmarchetti-tuc.infd.edu.ar\/sitio\/profesorado-historia\/upload\/Disp._150_-_Correls_Prof_de_Educacion_Secund_Historia.pdf\" data-type=\"URL\" data-id=\"https:\/\/iesmarchetti-tuc.infd.edu.ar\/sitio\/profesorado-historia\/upload\/Disp._150_-_Correls_Prof_de_Educacion_Secund_Historia.pdf\" target=\"_blank\" rel=\"noreferrer noopener\">R\u00e9gimen de Correlatividades (no aplica a las Pr\u00e1cticas)<\/a><\/p>\n\n\n\n<p class=\"has-pale-cyan-blue-background-color has-background\">DISPOSICI\u00d3N N\u00b009\/2022 (DESyA) sobre Pr\u00e1cticas Docentes.<\/p>\n\n\n\n<div class=\"wp-block-file\"><a id=\"wp-block-file--media-f6802322-2b7f-4f00-8ea6-3bc7ab2b8074\" href=\"https:\/\/iesmarchetti-tuc.infd.edu.ar\/sitio\/wp-content\/uploads\/2022\/12\/Disposicion-N\u00b0-09_2022-DESyA-Condiciones-de-cursado-de-las-Practicas.pdf\">Disposicion-N\u00b0-09_2022-DESyA-Condiciones-de-cursado-de-las-Practicas<\/a><a href=\"https:\/\/iesmarchetti-tuc.infd.edu.ar\/sitio\/wp-content\/uploads\/2022\/12\/Disposicion-N\u00b0-09_2022-DESyA-Condiciones-de-cursado-de-las-Practicas.pdf\" class=\"wp-block-file__button wp-element-button\" download aria-describedby=\"wp-block-file--media-f6802322-2b7f-4f00-8ea6-3bc7ab2b8074\">Descarga<\/a><\/div>\n\n\n\n<p><a href=\"https:\/\/iesmarchetti-tuc.infd.edu.ar\/sitio\/wp-content\/uploads\/2022\/12\/Disposicion-N%C2%B0-12_2022-DESyA-Condiciones-de-cursado-de-las-Practicas.pdf\">Disposicion-N\u00b0-12_2022-DESyA-Condiciones-de-cursado-de-las-Practicas Descarga<\/a><\/p>\n\n\n\n<p><a rel=\"noreferrer noopener\" href=\"https:\/\/iesmarchetti-tuc.infd.edu.ar\/sitio\/condiciones-para-cursar-y-rendir-las-practicas-segun-disposicion-n09-2022-desya-y-disposicion-n12-2022\/\" target=\"_blank\">CONDICIONES PARA CURSAR Y RENDIR LAS PRACTICAS SEG\u00daN DISPOSICI\u00d3N N\u00b009\/2022 (DESyA) Y DISPOSICI\u00d3N N\u00b012\/2022<\/a><\/p>\n","protected":false},"excerpt":{"rendered":"<p>Dise\u00f1o Curricular R\u00e9gimen de Correlatividades (no aplica a las Pr\u00e1cticas) DISPOSICI\u00d3N N\u00b009\/2022 (DESyA) sobre Pr\u00e1cticas Docentes. Disposicion-N\u00b0-12_2022-DESyA-Condiciones-de-cursado-de-las-Practicas Descarga CONDICIONES PARA CURSAR Y RENDIR LAS PRACTICAS SEG\u00daN DISPOSICI\u00d3N N\u00b009\/2022 (DESyA) Y DISPOSICI\u00d3N N\u00b012\/2022<\/p>\n","protected":false},"author":3543,"featured_media":0,"parent":0,"menu_order":0,"comment_status":"closed","ping_status":"closed","template":"","meta":[],"acf":[],"_links":{"self":[{"href":"https:\/\/iesmarchetti-tuc.infd.edu.ar\/sitio\/wp-json\/wp\/v2\/pages\/4425"}],"collection":[{"href":"https:\/\/iesmarchetti-tuc.infd.edu.ar\/sitio\/wp-json\/wp\/v2\/pages"}],"about":[{"href":"https:\/\/iesmarchetti-tuc.infd.edu.ar\/sitio\/wp-json\/wp\/v2\/types\/page"}],"author":[{"embeddable":true,"href":"https:\/\/iesmarchetti-tuc.infd.edu.ar\/sitio\/wp-json\/wp\/v2\/users\/3543"}],"replies":[{"embeddable":true,"href":"https:\/\/iesmarchetti-tuc.infd.edu.ar\/sitio\/wp-json\/wp\/v2\/comments?post=4425"}],"version-history":[{"count":5,"href":"https:\/\/iesmarchetti-tuc.infd.edu.ar\/sitio\/wp-json\/wp\/v2\/pages\/4425\/revisions"}],"predecessor-version":[{"id":5536,"href":"https:\/\/iesmarchetti-tuc.infd.edu.ar\/sitio\/wp-json\/wp\/v2\/pages\/4425\/revisions\/5536"}],"wp:attachment":[{"href":"https:\/\/iesmarchetti-tuc.infd.edu.ar\/sitio\/wp-json\/wp\/v2\/media?parent=4425"}],"curies":[{"name":"wp","href":"https:\/\/api.w.org\/{rel}","templated":true}]}}