{"id":4415,"date":"2021-12-28T22:35:24","date_gmt":"2021-12-29T01:35:24","guid":{"rendered":"https:\/\/iesmarchetti-tuc.infd.edu.ar\/sitio\/?page_id=4415"},"modified":"2023-02-16T19:21:40","modified_gmt":"2023-02-16T22:21:40","slug":"profesorado-en-educacion-especial-con-orientacion-en-discapacidad-intelectual","status":"publish","type":"page","link":"https:\/\/iesmarchetti-tuc.infd.edu.ar\/sitio\/profesorado-en-educacion-especial-con-orientacion-en-discapacidad-intelectual\/","title":{"rendered":"Profesorado en Educaci\u00f3n Especial con Orientaci\u00f3n en Discapacidad Intelectual"},"content":{"rendered":"\n<p class=\"has-light-green-cyan-background-color has-background\"><a rel=\"noreferrer noopener\" href=\"https:\/\/iesmarchetti-tuc.infd.edu.ar\/sitio\/profesorado-educacion-especial\/upload\/Especial_Intelectuales_Res._645-5.pdf\" data-type=\"URL\" data-id=\"https:\/\/iesmarchetti-tuc.infd.edu.ar\/sitio\/profesorado-educacion-especial\/upload\/Especial_Intelectuales_Res._645-5.pdf\" target=\"_blank\">Dise\u00f1o Curricular<\/a><\/p>\n\n\n\n<p class=\"has-light-green-cyan-background-color has-background\">Sistema de correlativas (no aplica a las Pr\u00e1cticas)<\/p>\n\n\n\n<div class=\"wp-block-file\"><a href=\"https:\/\/iesmarchetti-tuc.infd.edu.ar\/sitio\/wp-content\/uploads\/2022\/08\/CORRELATIVAS-PROFESORADO-EN-EDUCACION-ESPECIAL-CON-ORIENTACION-EN-DISCAPACIDAD-INTELECTUAL-RES645.pdf\" class=\"wp-block-file__button wp-element-button\" download>Descarga<\/a><\/div>\n\n\n\n<p class=\"has-light-green-cyan-background-color has-background\">DISPOSICI\u00d3N N\u00b009\/2022 (DESyA) sobre Pr\u00e1cticas Docentes.<\/p>\n\n\n\n<div class=\"wp-block-file\"><a id=\"wp-block-file--media-8bc89d07-3214-4c41-a924-ee69b3245a92\" href=\"https:\/\/iesmarchetti-tuc.infd.edu.ar\/sitio\/wp-content\/uploads\/2022\/12\/Disposicion-N\u00b0-09_2022-DESyA-Condiciones-de-cursado-de-las-Practicas.pdf\">Disposicion-N\u00b0-09_2022-DESyA-Condiciones-de-cursado-de-las-Practicas<\/a><a href=\"https:\/\/iesmarchetti-tuc.infd.edu.ar\/sitio\/wp-content\/uploads\/2022\/12\/Disposicion-N\u00b0-09_2022-DESyA-Condiciones-de-cursado-de-las-Practicas.pdf\" class=\"wp-block-file__button wp-element-button\" download aria-describedby=\"wp-block-file--media-8bc89d07-3214-4c41-a924-ee69b3245a92\">Descarga<\/a><\/div>\n\n\n\n<p><a href=\"https:\/\/iesmarchetti-tuc.infd.edu.ar\/sitio\/wp-content\/uploads\/2022\/12\/Disposicion-N%C2%B0-12_2022-DESyA-Condiciones-de-cursado-de-las-Practicas.pdf\">Disposicion-N\u00b0-12_2022-DESyA-Condiciones-de-cursado-de-las-Practicas Descarga<\/a> <\/p>\n\n\n\n<p><a href=\"https:\/\/iesmarchetti-tuc.infd.edu.ar\/sitio\/condiciones-para-cursar-y-rendir-las-practicas-segun-disposicion-n09-2022-desya-y-disposicion-n12-2022\/\" data-type=\"URL\" data-id=\"https:\/\/iesmarchetti-tuc.infd.edu.ar\/sitio\/condiciones-para-cursar-y-rendir-las-practicas-segun-disposicion-n09-2022-desya-y-disposicion-n12-2022\/\" target=\"_blank\" rel=\"noreferrer noopener\">CONDICIONES PARA CURSAR Y RENDIR LAS PRACTICAS SEG\u00daN DISPOSICI\u00d3N N\u00b009\/2022 (DESyA) Y DISPOSICI\u00d3N N\u00b012\/2022<\/a><\/p>\n","protected":false},"excerpt":{"rendered":"<p>Dise\u00f1o Curricular Sistema de correlativas (no aplica a las Pr\u00e1cticas) DISPOSICI\u00d3N N\u00b009\/2022 (DESyA) sobre Pr\u00e1cticas Docentes. Disposicion-N\u00b0-12_2022-DESyA-Condiciones-de-cursado-de-las-Practicas Descarga CONDICIONES PARA CURSAR Y RENDIR LAS PRACTICAS SEG\u00daN DISPOSICI\u00d3N N\u00b009\/2022 (DESyA) Y DISPOSICI\u00d3N N\u00b012\/2022<\/p>\n","protected":false},"author":3543,"featured_media":0,"parent":0,"menu_order":0,"comment_status":"closed","ping_status":"closed","template":"","meta":[],"acf":[],"_links":{"self":[{"href":"https:\/\/iesmarchetti-tuc.infd.edu.ar\/sitio\/wp-json\/wp\/v2\/pages\/4415"}],"collection":[{"href":"https:\/\/iesmarchetti-tuc.infd.edu.ar\/sitio\/wp-json\/wp\/v2\/pages"}],"about":[{"href":"https:\/\/iesmarchetti-tuc.infd.edu.ar\/sitio\/wp-json\/wp\/v2\/types\/page"}],"author":[{"embeddable":true,"href":"https:\/\/iesmarchetti-tuc.infd.edu.ar\/sitio\/wp-json\/wp\/v2\/users\/3543"}],"replies":[{"embeddable":true,"href":"https:\/\/iesmarchetti-tuc.infd.edu.ar\/sitio\/wp-json\/wp\/v2\/comments?post=4415"}],"version-history":[{"count":6,"href":"https:\/\/iesmarchetti-tuc.infd.edu.ar\/sitio\/wp-json\/wp\/v2\/pages\/4415\/revisions"}],"predecessor-version":[{"id":5533,"href":"https:\/\/iesmarchetti-tuc.infd.edu.ar\/sitio\/wp-json\/wp\/v2\/pages\/4415\/revisions\/5533"}],"wp:attachment":[{"href":"https:\/\/iesmarchetti-tuc.infd.edu.ar\/sitio\/wp-json\/wp\/v2\/media?parent=4415"}],"curies":[{"name":"wp","href":"https:\/\/api.w.org\/{rel}","templated":true}]}}