{"id":4088,"date":"2021-04-06T01:43:04","date_gmt":"2021-04-06T04:43:04","guid":{"rendered":"https:\/\/iesmarchetti-tuc.infd.edu.ar\/sitio\/?page_id=4088"},"modified":"2021-04-06T01:47:07","modified_gmt":"2021-04-06T04:47:07","slug":"notificaciones-para-alumns","status":"publish","type":"page","link":"https:\/\/iesmarchetti-tuc.infd.edu.ar\/sitio\/notificaciones-para-alumns\/","title":{"rendered":"NOTIFICACIONES PARA ALUMNOS"},"content":{"rendered":"<p>06\/04\/2021<\/p>\n<h1>ALUMNOS QUE DEBEN COMPLETAR LEGAJOS<\/h1>\n<pre>Historia:<\/pre>\n<ul>\n<li>Medina Mar\u00eda Claudia<\/li>\n<\/ul>\n<pre>Matem\u00e1tica:<\/pre>\n<ul>\n<li>\u00c1lvarez Andrea Milagros<\/li>\n<li>Luj\u00e1n Pamela Beatr\u00edz<\/li>\n<li>Serrizuela Isa\u00edas Emanuel<\/li>\n<li>Villalobo Pereira, Nancy Gabriela<\/li>\n<\/ul>\n<pre>Lengua:<\/pre>\n<ul>\n<li>Montenegro Paula Romina<\/li>\n<\/ul>\n","protected":false},"excerpt":{"rendered":"<p>06\/04\/2021 ALUMNOS QUE DEBEN COMPLETAR LEGAJOS Historia: Medina Mar\u00eda Claudia Matem\u00e1tica: \u00c1lvarez Andrea Milagros Luj\u00e1n Pamela Beatr\u00edz Serrizuela Isa\u00edas Emanuel Villalobo Pereira, Nancy Gabriela Lengua: Montenegro Paula Romina<\/p>\n","protected":false},"author":1469,"featured_media":0,"parent":0,"menu_order":0,"comment_status":"closed","ping_status":"closed","template":"","meta":[],"acf":[],"_links":{"self":[{"href":"https:\/\/iesmarchetti-tuc.infd.edu.ar\/sitio\/wp-json\/wp\/v2\/pages\/4088"}],"collection":[{"href":"https:\/\/iesmarchetti-tuc.infd.edu.ar\/sitio\/wp-json\/wp\/v2\/pages"}],"about":[{"href":"https:\/\/iesmarchetti-tuc.infd.edu.ar\/sitio\/wp-json\/wp\/v2\/types\/page"}],"author":[{"embeddable":true,"href":"https:\/\/iesmarchetti-tuc.infd.edu.ar\/sitio\/wp-json\/wp\/v2\/users\/1469"}],"replies":[{"embeddable":true,"href":"https:\/\/iesmarchetti-tuc.infd.edu.ar\/sitio\/wp-json\/wp\/v2\/comments?post=4088"}],"version-history":[{"count":3,"href":"https:\/\/iesmarchetti-tuc.infd.edu.ar\/sitio\/wp-json\/wp\/v2\/pages\/4088\/revisions"}],"predecessor-version":[{"id":4092,"href":"https:\/\/iesmarchetti-tuc.infd.edu.ar\/sitio\/wp-json\/wp\/v2\/pages\/4088\/revisions\/4092"}],"wp:attachment":[{"href":"https:\/\/iesmarchetti-tuc.infd.edu.ar\/sitio\/wp-json\/wp\/v2\/media?parent=4088"}],"curies":[{"name":"wp","href":"https:\/\/api.w.org\/{rel}","templated":true}]}}