{"id":286,"date":"2016-10-31T13:17:59","date_gmt":"2016-10-31T16:17:59","guid":{"rendered":"https:\/\/iesmarchetti-tuc.infd.edu.ar\/sitio\/?page_id=286"},"modified":"2026-04-10T21:27:29","modified_gmt":"2026-04-11T00:27:29","slug":"inicio","status":"publish","type":"page","link":"https:\/\/iesmarchetti-tuc.infd.edu.ar\/sitio\/","title":{"rendered":"Inicio"},"content":{"rendered":"\n<p class=\"has-text-align-center has-base-3-color has-accent-background-color has-text-color has-background\" style=\"font-size:25px\"><strong>Equivalencias 2026<\/strong><\/p>\n\n\n\n<p class=\"has-text-align-center has-contrast-color has-text-color\" style=\"font-size:22px\">Se informa a los alumnos que hasta el LUNES 20 de ABRIL del corriente a\u00f1o se recepcionar\u00e1 la documentaci\u00f3n referida a los pedidos de equivalencia, las mismas deben ser presentadas en el horario de 19:00 a 21:00 en secretaria del IES Marchetti Central y de 8:00 a 11:30 en Secretaria del CIIDEPT, dicha solicitud debe ir acompa\u00f1ada del formulario de \u00abSolicitud de equivalencia\u00bb.<\/p>\n\n\n\n<p class=\"has-text-align-center has-medium-font-size\">For<a href=\"https:\/\/drive.google.com\/file\/d\/1tOw9d-tR8CfFQVVCde6XvYj8L9n9laa9\/view?usp=sharing\">mulario de Solicitud de Equivalencia<\/a> <a href=\"https:\/\/forms.gle\/66NYwcz3DbY8G5Qi9\"> <\/a><\/p>\n\n\n\n<p><\/p>\n\n\n\n<h2 class=\"wp-block-heading\"><\/h2>\n\n\n\n<p><\/p>\n\n\n\n<p><\/p>\n\n\n\n<p><\/p>\n\n\n\n<p><\/p>\n\n\n\n<p><\/p>\n\n\n\n<p><\/p>\n\n\n\n<p><\/p>\n\n\n\n<p><\/p>\n\n\n\n<p class=\"has-text-align-center\" style=\"font-size:25px\"><\/p>\n\n\n\n<p class=\"has-text-align-center\" style=\"font-size:25px\"><\/p>\n\n\n\n<p class=\"has-text-align-center\" style=\"font-size:25px\"><\/p>\n\n\n\n<p class=\"has-text-align-center\" style=\"font-size:25px\"><\/p>\n\n\n\n<p class=\"has-text-align-center\" style=\"font-size:21px\"><\/p>\n\n\n\n<p class=\"has-text-align-center\" style=\"font-size:21px\"><a rel=\"noreferrer noopener\" href=\"https:\/\/drive.google.com\/file\/d\/1JLjv0AbknVPjsrE9vHHWE3VsefSFY_pY\/view?usp=sharing\" target=\"_blank\"> <\/a><\/p>\n\n\n\n<p><\/p>\n\n\n\n<p class=\"has-text-align-center\" style=\"font-size:22px\"><\/p>\n\n\n\n<p><\/p>\n\n\n\n<p style=\"font-size:27px\"><\/p>\n\n\n\n<p><\/p>\n\n\n\n<p><\/p>\n\n\n\n<p><\/p>\n\n\n\n<p class=\"has-text-align-center\" style=\"font-size:31px\"><strong><a href=\"https:\/\/drive.google.com\/file\/d\/1ia-ghiVu6i6IEWS1NUSrhdcEe1ELm2z0\/view?usp=sharing\"> <\/a><\/strong><\/p>\n\n\n\n<p><\/p>\n\n\n\n<p><\/p>\n\n\n\n<p><\/p>\n\n\n\n<p><\/p>\n\n\n\n<p><\/p>\n\n\n\n<p><\/p>\n\n\n\n<h2 class=\"wp-block-heading\"><\/h2>\n","protected":false},"excerpt":{"rendered":"<p>Equivalencias 2026 Se informa a los alumnos que hasta el LUNES 20 de ABRIL del corriente a\u00f1o se recepcionar\u00e1 la documentaci\u00f3n referida a los pedidos de equivalencia, las mismas deben ser presentadas en el horario de 19:00 a 21:00 en secretaria del IES Marchetti Central y de 8:00 a 11:30 en Secretaria del CIIDEPT, dicha &#8230; <a title=\"Inicio\" class=\"read-more\" href=\"https:\/\/iesmarchetti-tuc.infd.edu.ar\/sitio\/\" aria-label=\"More on Inicio\">[+]<\/a><\/p>\n","protected":false},"author":1,"featured_media":0,"parent":0,"menu_order":0,"comment_status":"closed","ping_status":"closed","template":"","meta":[],"acf":[],"_links":{"self":[{"href":"https:\/\/iesmarchetti-tuc.infd.edu.ar\/sitio\/wp-json\/wp\/v2\/pages\/286"}],"collection":[{"href":"https:\/\/iesmarchetti-tuc.infd.edu.ar\/sitio\/wp-json\/wp\/v2\/pages"}],"about":[{"href":"https:\/\/iesmarchetti-tuc.infd.edu.ar\/sitio\/wp-json\/wp\/v2\/types\/page"}],"author":[{"embeddable":true,"href":"https:\/\/iesmarchetti-tuc.infd.edu.ar\/sitio\/wp-json\/wp\/v2\/users\/1"}],"replies":[{"embeddable":true,"href":"https:\/\/iesmarchetti-tuc.infd.edu.ar\/sitio\/wp-json\/wp\/v2\/comments?post=286"}],"version-history":[{"count":1270,"href":"https:\/\/iesmarchetti-tuc.infd.edu.ar\/sitio\/wp-json\/wp\/v2\/pages\/286\/revisions"}],"predecessor-version":[{"id":6683,"href":"https:\/\/iesmarchetti-tuc.infd.edu.ar\/sitio\/wp-json\/wp\/v2\/pages\/286\/revisions\/6683"}],"wp:attachment":[{"href":"https:\/\/iesmarchetti-tuc.infd.edu.ar\/sitio\/wp-json\/wp\/v2\/media?parent=286"}],"curies":[{"name":"wp","href":"https:\/\/api.w.org\/{rel}","templated":true}]}}