{"id":1310,"date":"2018-06-29T19:05:35","date_gmt":"2018-06-29T22:05:35","guid":{"rendered":"https:\/\/iesmarchetti-tuc.infd.edu.ar\/sitio\/oferta-academica\/"},"modified":"2019-09-14T17:21:04","modified_gmt":"2019-09-14T20:21:04","slug":"oferta-academica","status":"publish","type":"page","link":"https:\/\/iesmarchetti-tuc.infd.edu.ar\/sitio\/oferta-academica\/","title":{"rendered":"Oferta Acad\u00e9mica"},"content":{"rendered":"<p>&nbsp;<\/p>\n<p><span style=\"font-size: 12pt;\"><span style=\"font-family: verdana,geneva;\">En el I.E.S. Prof. Manuel Marchetti se dictan las siguientes carreras de Formaci\u00f3n Docente:<\/span><\/span><\/p>\n<ul>\n<li>\n<h4><a href=\"https:\/\/iesmarchetti-tuc.infd.edu.ar\/sitio\/profesorado-educacion-inicial\/\"><span style=\"font-size: 12pt;\"><span style=\"font-family: verdana,geneva;\">Profesorado para el Nivel Inicial<\/span><\/span><\/a><\/h4>\n<\/li>\n<li>\n<h4><a href=\"https:\/\/iesmarchetti-tuc.infd.edu.ar\/sitio\/profesorado-educacion-especial\/\"><span style=\"font-size: 12pt;\"><span style=\"font-family: verdana,geneva;\">Profesorado en Educaci\u00f3n Especial con orientaci\u00f3n en Discapacidad Intelectual<\/span><\/span><\/a><\/h4>\n<\/li>\n<li>\n<h4><a href=\"https:\/\/iesmarchetti-tuc.infd.edu.ar\/sitio\/profesorado-matematica\/\"><span style=\"font-size: 12pt;\"><span style=\"font-family: verdana,geneva;\">Profesorado <\/span><\/span><span style=\"font-size: 12pt;\"><span style=\"font-family: verdana,geneva;\">de Educaci\u00f3n Secundaria<\/span><\/span> <span style=\"font-size: 12pt;\">en Matem\u00e1tica<\/span><\/a><\/h4>\n<\/li>\n<li>\n<h4><a href=\"https:\/\/iesmarchetti-tuc.infd.edu.ar\/sitio\/profesorado-lengua-y-literatura\/\"><span style=\"font-size: 12pt;\"><span style=\"font-family: verdana,geneva;\">Profesorado <\/span><\/span><span style=\"font-size: 12pt;\"><span style=\"font-family: verdana,geneva;\">de Educaci\u00f3n Secundaria<\/span><\/span> <span style=\"font-size: 12pt;\">en Lengua y Literatura<\/span><\/a><\/h4>\n<\/li>\n<li>\n<h4><a href=\"https:\/\/iesmarchetti-tuc.infd.edu.ar\/sitio\/profesorado-historia\/\"><span style=\"font-size: 12pt;\"><span style=\"font-family: verdana,geneva;\">Profesorado <\/span><\/span><span style=\"font-size: 12pt;\"><span style=\"font-family: verdana,geneva;\">de Educaci\u00f3n Secundaria<\/span><\/span> <span style=\"font-size: 12pt;\">en Historia <\/span><\/a><\/h4>\n<\/li>\n<li>\n<h4><a href=\"https:\/\/iesmarchetti-tuc.infd.edu.ar\/sitio\/profesorado-fisica\/\"><span style=\"font-size: 12pt;\"><span style=\"font-family: verdana,geneva;\">Profesorado <\/span><\/span><span style=\"font-size: 12pt;\"><span style=\"font-family: verdana,geneva;\">de Educaci\u00f3n Secundaria<\/span><\/span><span style=\"font-size: 12pt;\"><span style=\"font-family: verdana,geneva;\"> en F\u00edsica<\/span><\/span><\/a><\/h4>\n<\/li>\n<\/ul>\n<p>&nbsp;<\/p>\n","protected":false},"excerpt":{"rendered":"<p>&nbsp; En el I.E.S. Prof. Manuel Marchetti se dictan las siguientes carreras de Formaci\u00f3n Docente: Profesorado para el Nivel Inicial Profesorado en Educaci\u00f3n Especial con orientaci\u00f3n en Discapacidad Intelectual Profesorado de Educaci\u00f3n Secundaria en Matem\u00e1tica Profesorado de Educaci\u00f3n Secundaria en Lengua y Literatura Profesorado de Educaci\u00f3n Secundaria en Historia Profesorado de Educaci\u00f3n Secundaria en F\u00edsica &#8230; <a title=\"Oferta Acad\u00e9mica\" class=\"read-more\" href=\"https:\/\/iesmarchetti-tuc.infd.edu.ar\/sitio\/oferta-academica\/\" aria-label=\"More on Oferta Acad\u00e9mica\">[+]<\/a><\/p>\n","protected":false},"author":7,"featured_media":0,"parent":0,"menu_order":0,"comment_status":"closed","ping_status":"closed","template":"","meta":[],"acf":[],"_links":{"self":[{"href":"https:\/\/iesmarchetti-tuc.infd.edu.ar\/sitio\/wp-json\/wp\/v2\/pages\/1310"}],"collection":[{"href":"https:\/\/iesmarchetti-tuc.infd.edu.ar\/sitio\/wp-json\/wp\/v2\/pages"}],"about":[{"href":"https:\/\/iesmarchetti-tuc.infd.edu.ar\/sitio\/wp-json\/wp\/v2\/types\/page"}],"author":[{"embeddable":true,"href":"https:\/\/iesmarchetti-tuc.infd.edu.ar\/sitio\/wp-json\/wp\/v2\/users\/7"}],"replies":[{"embeddable":true,"href":"https:\/\/iesmarchetti-tuc.infd.edu.ar\/sitio\/wp-json\/wp\/v2\/comments?post=1310"}],"version-history":[{"count":2,"href":"https:\/\/iesmarchetti-tuc.infd.edu.ar\/sitio\/wp-json\/wp\/v2\/pages\/1310\/revisions"}],"predecessor-version":[{"id":2601,"href":"https:\/\/iesmarchetti-tuc.infd.edu.ar\/sitio\/wp-json\/wp\/v2\/pages\/1310\/revisions\/2601"}],"wp:attachment":[{"href":"https:\/\/iesmarchetti-tuc.infd.edu.ar\/sitio\/wp-json\/wp\/v2\/media?parent=1310"}],"curies":[{"name":"wp","href":"https:\/\/api.w.org\/{rel}","templated":true}]}}