{"id":1301,"date":"2018-06-29T19:05:32","date_gmt":"2018-06-29T22:05:32","guid":{"rendered":"https:\/\/iesmarchetti-tuc.infd.edu.ar\/sitio\/datos-institucionales\/"},"modified":"2023-03-20T15:12:40","modified_gmt":"2023-03-20T18:12:40","slug":"datos-institucionales","status":"publish","type":"page","link":"https:\/\/iesmarchetti-tuc.infd.edu.ar\/sitio\/datos-institucionales\/","title":{"rendered":"Datos institucionales"},"content":{"rendered":"<p>El Instituto de Ense\u00f1anza Superior Profesor Manuel Marchetti abre sus puertas en la ciudad de San Miguel de Tucum\u00e1n en el a\u00f1o 1970 llam\u00e1ndose Escuela Superior de Magisterio.<\/p>\n<p>Reci\u00e9n a partir del per\u00edodo lectivo 1991 cambia su denominaci\u00f3n, aunque sigue funcionando en el local escolar compartido con la Escuela Ra\u00fal Colombres.<\/p>\n<p>En 2016 asume como directora Provisoria del IES la Profesora Adriana Cuello y posteriormente queda a cargo la Prof. Julia Salvatierra.<\/p>\n<p><strong>De su historia<\/strong><\/p>\n<p>En 1968 -69 la provincia se not\u00f3 la vacancia de profesionales para trabajar en la ense\u00f1anza dividida en ciclos y se decidi\u00f3 la creaci\u00f3n de una escuela de Nivel Terciario en 1970 que se llam\u00f3 Escuela Superior de Magisterio. Resoluci\u00f3n 660\/14(SE) del 18 de marzo de 1970 con tres posibles carreras de formaci\u00f3n de docentes y que deb\u00eda funcionar en la Escuela Ra\u00fal Colombres desde las 19 hasta las 22h<\/p>\n<p>Era presidente del entonces Consejo de Educaci\u00f3n el Profesor Miguel Angel Torres y el proyecto lo desarroll\u00f3 con el Profesor Manuel Marchetti<\/p>\n<p>La primera directora fue Mar\u00eda P\u00e9rez de Posse Cuezzo hasta 1976 -se jubila. En 1977 asume Eva Mart\u00ednez de Rojo hasta 1981 -se jubila. Asume Mar\u00eda Luisa C. de M\u00f3naco hasta 1991 cuando pide licencia por cargo de mayor jerarqu\u00eda y asume Cristina de L\u00f3pez \u00c1vila hasta 2000.<\/p>\n<p>En 1991 se emite una resoluci\u00f3n N\u00b0 1934 del Consejo de Educaci\u00f3n de la Provincia y se cambia el nombre por el actual IES Profesor Manuel Marchetti, haciendo honor a su primer director.<\/p>\n<p>Se design\u00f3 como directoras a la profesora Beatriz Zapata (luego directora de Nivel Superior) y a la profesora Marta Ram\u00edrez -jubilada en 2009. Ese a\u00f1o fue designada la Profesora Liliana Ragone.<\/p>\n<p><strong>De sus planes de estudio<\/strong><\/p>\n<ul>\n<li>En 1970<\/li>\n<\/ul>\n<p>Se crea Profesorado del Ciclo Preescolar Resoluci\u00f3n 47\/14 (SE) del 3\/3\/70<\/p>\n<p>Se crea la carrera de Profesorado en Ciencias F\u00edsico \u2013 Matem\u00e1ticas Decreto 660\/14 (SE), para el Ciclo intermedio, con plan de estudios aprobado por Resoluci\u00f3n 47\/14(SE) del 3\/3\/70<\/p>\n<ul>\n<li>En 1971<\/li>\n<\/ul>\n<p>Los planes del Profesorado del Ciclo Preescolar se reajustan y se aprueba el reajuste de planes de para las cohortes 1970 mediante la Resoluci\u00f3n 741\/14 del 11\/11\/71.<\/p>\n<ul>\n<li>En 1973<\/li>\n<\/ul>\n<p>El Profesorado del Ciclo Preescolar ajusta su plan Resoluci\u00f3n 1324\/21(SE) del 9\/10\/73<\/p>\n<ul>\n<li>En 1974<\/li>\n<\/ul>\n<p>Se crea la carrea de Profesorado de Jard\u00edn de Infantes por Acta 10 Resoluci\u00f3n 16 del Consejo de Educaci\u00f3n con fecha 6\/3\/74 y su creaci\u00f3n se aprueba por Decreto 2030\/1 (SE) del 17\/5\/ 74.<\/p>\n<p>Se crean las carreras de Preescolar y Educaci\u00f3n Diferenciada cuyos planes se aprueban por Acta 26 Resoluci\u00f3n 46 del 18\/4\/74.<\/p>\n<ul>\n<li>En 1975<\/li>\n<\/ul>\n<p>Profesorado de Educaci\u00f3n Diferenciada ajusta su plan de estudios Resol 1568 (SE) del 31\/10\/75<\/p>\n<ul>\n<li>En 1976<\/li>\n<\/ul>\n<p>Profesorado en Ciencias F\u00edsico \u2013 Matem\u00e1ticas ajusta su plan de estudios por Resoluci\u00f3n 336(SE)<\/p>\n<ul>\n<li>En 1977<\/li>\n<\/ul>\n<p>Para el Profesorado en Ciencias F\u00edsico \u2013 Matem\u00e1ticas se aprueba la apertura de otra divisi\u00f3n para el 1\u00b0 a\u00f1o. Resoluci\u00f3n 152\/21(SE)<\/p>\n<ul>\n<li>En 1978<\/li>\n<\/ul>\n<p>Se crea la carrera de Profesorado de Educaci\u00f3n de Adultos de dos a\u00f1os de duraci\u00f3n<\/p>\n<p>La carrera de Preescolar ajusta su plan Resol. 1324\/21 del 9\/10\/78<\/p>\n<p>Profesorado de Educaci\u00f3n Diferenciada ajusta su plan por Resoluci\u00f3n 603\/21 (SE) del 7\/6\/78<\/p>\n<ul>\n<li>En 1985<\/li>\n<\/ul>\n<p>Profesorado en Ciencias F\u00edsico \u2013 Matem\u00e1ticas solicita ajuste de su plan de estudios por Expediente 5455\/23\/E\/82 para incorporar Computaci\u00f3n.<\/p>\n<ul>\n<li>En 1988<\/li>\n<\/ul>\n<p>Profesorado para la Ense\u00f1anza Primaria se crea y establece su plan de estudios por acta 61- Resoluci\u00f3n 1588 del Consejo de Educaci\u00f3n de Tucum\u00e1n, con fecha 27\/12\/88<\/p>\n<ul>\n<li>En1989<\/li>\n<\/ul>\n<p>Profesorado de Educaci\u00f3n Diferenciada ajusta su plan por Resoluci\u00f3n779\/230\/89 del 15\/6\/89<\/p>\n<ul>\n<li>En 1992<\/li>\n<\/ul>\n<p>Cierra la inscripci\u00f3n la carrera de adultos<\/p>\n<ul>\n<li>En 1993<\/li>\n<\/ul>\n<p>PEP y PEPE cierran la inscripci\u00f3n y se transforman las carreras con el PTFD<\/p>\n<ul>\n<li>En 1994<\/li>\n<\/ul>\n<p>Se crea el PEB Profesorado de Ense\u00f1anza B\u00e1sica, sustituyendo a los planes de Profesorado de Educaci\u00f3n Preescolar y Profesorado de Educaci\u00f3n Primaria. Resoluci\u00f3n 897\/14(SE) del 10\/10\/94<\/p>\n<ul>\n<li>En 1996<\/li>\n<\/ul>\n<p>Presentamos el protocolo de acreditaci\u00f3n de la instituci\u00f3n con el informe del per\u00edodo 1991 \u2013 1995, previo y como insumo al proyecto de reconversi\u00f3n curricular<\/p>\n<ul>\n<li>En 1999<\/li>\n<\/ul>\n<p>Propusimos la reconversi\u00f3n de las carreras de Profesorado:<\/p>\n<p>Educaci\u00f3n Inicial Res 28\/5 (SE)<\/p>\n<p>Educaci\u00f3n Especial Res 27\/5 (SE)<\/p>\n<p>Tercer Ciclo de la EGB y la Educaci\u00f3n Polimodal en<\/p>\n<p>Matem\u00e1tica Res 13\/5 (SE)<\/p>\n<p>Lengua Res 15\/5 (SE)<\/p>\n<p>Historia Res 22\/5 (SE)<\/p>\n<ul>\n<li>En 2013<\/li>\n<\/ul>\n<p>Comienza la carrera de Profesorado de Educaci\u00f3n Secundaria en F\u00edsica<\/p>\n<ul>\n<li>2015<\/li>\n<\/ul>\n<h6>Cambian los planes de las carreras de Matem\u00e1tica, Lengua e Historia<\/h6>\n<p><span style=\"font-size: 10pt; font-family: verdana, geneva;\">del per\u00edodo lectivo 1991 cambia su denominaci\u00f3n, aunque sigue funcionando en el local escolar compartido con la Escuela Ra\u00fal Colombres.<\/span><\/p>\n<p><span style=\"font-size: 12pt;\"><span style=\"font-family: verdana,geneva;\">En 2016 asume como Directora Provisoria del <\/span><\/span><span style=\"font-size: 12pt;\"><span style=\"font-family: verdana,geneva;\">IES la Profesora Adriana Cuello.<\/span><\/span><\/p>\n<p><strong><span style=\"font-size: 12pt;\"><span style=\"font-family: verdana,geneva;\">De su historia<\/span><\/span><\/strong><\/p>\n<p>En 1968 -69 la provincia se not\u00f3 la vacancia de profesionales para trabajar en la ense\u00f1anza dividida en ciclos y se decidi\u00f3 la creaci\u00f3n de una escuela de Nivel Terciario en 1970 que se llam\u00f3 Escuela Superior de Magisterio. Resoluci\u00f3n 660\/14(SE) del 18 de marzo de 1970 con tres posibles carreras de formaci\u00f3n de docentes y que deb\u00eda funcionar en la Escuela Ra\u00fal Colombres desde las 19 hasta las 22h<\/p>\n<p>Era presidente del entonces Consejo de Educaci\u00f3n el Profesor Miguel Angel Torres y el proyecto lo desarroll\u00f3 con el Profesor Manuel Marchetti<\/p>\n<p>La primera directora fue Mar\u00eda Perez de Posse Cuezzo hasta 1976 -se jubila. En 1977 asume Eva Mart\u00ednez de Rojo hasta 1981 -se jubila. Asume Mar\u00eda Luisa C. de Monaco hasta 1991 cuando pide licencia por cargo de mayor jerarqu\u00eda y asume Cristina de L\u00f3pez Avila hasta 2000.<\/p>\n<p>En 1991 se emite una resoluci\u00f3n N\u00b0 1934 del Consejo de Educaci\u00f3n de la Provincia y se cambia el nombre por el actual IES Profesor Manuel Marchetti, haciendo honor a su primer director.<\/p>\n<p>Se design\u00f3 como directoras a la profesora Beatriz Zapata (luego Directora de Nivel Superior) y a la profesora Marta Ram\u00edrez -jubilada en 2009. Ese a\u00f1o, por concurso de antecedentes y oposici\u00f3n fue designada la Profesora Liliana Ragone.<\/p>\n<p><strong>De sus planes de estudio<\/strong><\/p>\n<p>En 1970<\/p>\n<p>Se crea Profesorado del Ciclo Preescolar Resoluci\u00f3n 47\/14 (SE) del 3\/3\/70<\/p>\n<p>Se crea la carrera de Profesorado en Ciencias F\u00edsico \u2013 Matem\u00e1ticas Decreto 660\/14 (SE), para el Ciclo intermedio, con plan de estudios aprobado por Resoluci\u00f3n 47\/14(SE) del 3\/3\/70<\/p>\n<p>En 1971<\/p>\n<p>Los planes del Profesorado del Ciclo Preescolar se reajustan y se aprueba el reajuste de planes de para las cohortes 1970 mediante la Resoluci\u00f3n 741\/14 del 11\/11\/71.<\/p>\n<p>En 1973<\/p>\n<p>El Profesorado del Ciclo Preescolar ajusta su plan Resoluci\u00f3n 1324\/21(SE) del 9\/10\/73<\/p>\n<p>En 1974<\/p>\n<p>Se crea la carrea de Profesorado de Jard\u00edn de Infantes por Acta 10 Resoluci\u00f3n 16 del Consejo de Educaci\u00f3n con fecha 6\/3\/74 y su creaci\u00f3n se aprueba por Decreto 2030\/1 (SE) del 17\/5\/ 74.<\/p>\n<p>Se crean las carreras de Preescolar y Educaci\u00f3n Diferenciada cuyos planes se aprueban por Acta 26 Resoluci\u00f3n 46 del 18\/4\/74.<\/p>\n<p>En 1975<\/p>\n<p>Profesorado de Educaci\u00f3n Diferenciada ajusta su plan de estudios Resol 1568 (SE) del 31\/10\/75<\/p>\n<p>En 1976<\/p>\n<p>Profesorado en Ciencias F\u00edsico \u2013 Matem\u00e1ticas ajusta su plan de estudios por Resoluci\u00f3n 336(SE)<\/p>\n<p>En 1977<\/p>\n<p>Para el Profesorado en Ciencias F\u00edsico \u2013 Matem\u00e1ticas se aprueba la apertura de otra divisi\u00f3n para el 1\u00b0 a\u00f1o. Resoluci\u00f3n 152\/21(SE)<\/p>\n<p>En 1978<\/p>\n<p>Se crea la carrera de Profesorado de Educaci\u00f3n de Adultos de dos a\u00f1os de duraci\u00f3n<\/p>\n<p>La carrera de Preescolar ajusta su plan Resol. 1324\/21 del 9\/10\/78<\/p>\n<p>Profesorado de Educaci\u00f3n Diferenciada ajusta su plan por Resoluci\u00f3n 603\/21 (SE) del 7\/6\/78<\/p>\n<p>En 1985<\/p>\n<p>Profesorado en Ciencias F\u00edsico \u2013 Matem\u00e1ticas solicita ajuste de su plan de estudios por Expediente 5455\/23\/E\/82 para incorporar Computaci\u00f3n.<\/p>\n<p>1988<\/p>\n<p>Profesorado para la Ense\u00f1anza Primaria se crea y establece su plan de estudios por acta 61- Resoluci\u00f3n 1588 del Consejo de Educaci\u00f3n de Tucum\u00e1n, con fecha 27\/12\/88<\/p>\n<p>1989<\/p>\n<p>Profesorado de Educaci\u00f3n Diferenciada ajusta su plan por Resoluci\u00f3n779\/230\/89 del 15\/6\/89<\/p>\n<p>1992<\/p>\n<p>Cierra la inscripci\u00f3n la carrera de adultos<\/p>\n<p>1993<\/p>\n<p>PEP y PEPE cierran la inscripci\u00f3n y se transforman las carreras con el PTFD<\/p>\n<p>1994<\/p>\n<p>Se crea el PEB Profesorado de Ense\u00f1anza B\u00e1sica, sustituyendo a los planes de Profesorado de Educaci\u00f3n Preescolar y Profesorado de Educaci\u00f3n Primaria. Resoluci\u00f3n 897\/14(SE) del 10\/10\/94<\/p>\n<p>1996<\/p>\n<p>Presentamos el protocolo de acreditaci\u00f3n de la instituci\u00f3n con el informe del per\u00edodo 1991 \u2013 1995, previo y como insumo al proyecto de reconversi\u00f3n curricular<\/p>\n<p>1999<\/p>\n<p>Propusimos la reconversi\u00f3n de las carreras de Profesorado:<\/p>\n<p>Educaci\u00f3n Inicial Res 28\/5 (SE)<\/p>\n<p>Educaci\u00f3n Especial Res 27\/5 (SE)<\/p>\n<p>Tercer Ciclo de la EGB y la Educaci\u00f3n Polimodal en<\/p>\n<p style=\"padding-left: 30px;\">Matem\u00e1tica Res 13\/5 (SE)<\/p>\n<p style=\"padding-left: 30px;\">Lengua Res 15\/5 (SE)<\/p>\n<p style=\"padding-left: 30px;\">Historia Res 22\/5 (SE)<\/p>\n<p>2013<\/p>\n<p>Comienza la carrera de Profesorado de Educaci\u00f3n Secundaria en F\u00edsica<\/p>\n<p>2015<\/p>\n<p>Cambian los planes de las carreras de Matem\u00e1tica, Lengua e Historia<\/p>\n","protected":false},"excerpt":{"rendered":"<p>El Instituto de Ense\u00f1anza Superior Profesor Manuel Marchetti abre sus puertas en la ciudad de San Miguel de Tucum\u00e1n en el a\u00f1o 1970 llam\u00e1ndose Escuela Superior de Magisterio. Reci\u00e9n a partir del per\u00edodo lectivo 1991 cambia su denominaci\u00f3n, aunque sigue funcionando en el local escolar compartido con la Escuela Ra\u00fal Colombres. En 2016 asume como &#8230; <a title=\"Datos institucionales\" class=\"read-more\" href=\"https:\/\/iesmarchetti-tuc.infd.edu.ar\/sitio\/datos-institucionales\/\" aria-label=\"More on Datos institucionales\">[+]<\/a><\/p>\n","protected":false},"author":7,"featured_media":0,"parent":0,"menu_order":0,"comment_status":"closed","ping_status":"closed","template":"","meta":[],"acf":[],"_links":{"self":[{"href":"https:\/\/iesmarchetti-tuc.infd.edu.ar\/sitio\/wp-json\/wp\/v2\/pages\/1301"}],"collection":[{"href":"https:\/\/iesmarchetti-tuc.infd.edu.ar\/sitio\/wp-json\/wp\/v2\/pages"}],"about":[{"href":"https:\/\/iesmarchetti-tuc.infd.edu.ar\/sitio\/wp-json\/wp\/v2\/types\/page"}],"author":[{"embeddable":true,"href":"https:\/\/iesmarchetti-tuc.infd.edu.ar\/sitio\/wp-json\/wp\/v2\/users\/7"}],"replies":[{"embeddable":true,"href":"https:\/\/iesmarchetti-tuc.infd.edu.ar\/sitio\/wp-json\/wp\/v2\/comments?post=1301"}],"version-history":[{"count":2,"href":"https:\/\/iesmarchetti-tuc.infd.edu.ar\/sitio\/wp-json\/wp\/v2\/pages\/1301\/revisions"}],"predecessor-version":[{"id":5653,"href":"https:\/\/iesmarchetti-tuc.infd.edu.ar\/sitio\/wp-json\/wp\/v2\/pages\/1301\/revisions\/5653"}],"wp:attachment":[{"href":"https:\/\/iesmarchetti-tuc.infd.edu.ar\/sitio\/wp-json\/wp\/v2\/media?parent=1301"}],"curies":[{"name":"wp","href":"https:\/\/api.w.org\/{rel}","templated":true}]}}