{"id":1298,"date":"2018-06-29T19:05:30","date_gmt":"2018-06-29T22:05:30","guid":{"rendered":"https:\/\/iesmarchetti-tuc.infd.edu.ar\/sitio\/progresar\/"},"modified":"2021-03-17T23:25:52","modified_gmt":"2021-03-18T02:25:52","slug":"progresar","status":"publish","type":"page","link":"https:\/\/iesmarchetti-tuc.infd.edu.ar\/sitio\/progresar\/","title":{"rendered":"POL\u00cdTICAS ESTUDIANTILES"},"content":{"rendered":"<h1>INFORMACI\u00d3N 2020<\/h1>\n<p>&nbsp;<\/p>\n<h1>&#x1f4e3;Abrimos la Pre-inscripci\u00f3n a Cursos Virtuales Tutorados para Estudiantes de la Formaci\u00f3n Docente<\/h1>\n<p>1. ESI: un derecho. Un desaf\u00edo. Un camino por recorrer.<br \/>\n2. ESI: derechos y diversidad sexual.<br \/>\nDesde el \u00c1rea de Pol\u00edticas Estudiantiles del Instituto Nacional de Formaci\u00f3n Docente en conjunto con el Programa Nacional de Educaci\u00f3n Sexual Integral nos alegra contarles que abrimos la pre inscripci\u00f3n a dos cursos virtuales con el objeto de acompa\u00f1ar y profundizar instancias de reflexi\u00f3n y formaci\u00f3n que permitan garantizar la efectiva implementaci\u00f3n de la ESI en todas las instituciones educativas de nuestro pa\u00eds.<br \/>\nEstos cursos est\u00e1n especialmente dise\u00f1ados para estudiantes de la formaci\u00f3n docente buscando interpelar sus propias trayectorias formativas actuales y sus futuras pr\u00e1cticas en el ejercicio de la docencia.<br \/>\n&#x1f4cc;Los cursos comienzan el pr\u00f3ximo 21 de septiembre. Constan de 6 clases quincenales, una dedicaci\u00f3n esperada de 6 horas semanales y la elaboraci\u00f3n de un trabajo final integrador para su aprobaci\u00f3n.<br \/>\n&#x1f4cd;Entregan constancia de aprobaci\u00f3n (por tratarse de cursos para estudiantes en formaci\u00f3n NO otorgan puntaje docente).<br \/>\nPara m\u00e1s Info y Pre-inscripci\u00f3n &#x1f447;&#x1f3fd;<\/p>\n<blockquote class=\"wp-embedded-content\" data-secret=\"cWgTwUK5VD\"><p><a href=\"https:\/\/red.infd.edu.ar\/estudiantes\/cursos-para-estudiantes-de-la-carrera-de-formacion-docente\/\">Cursos para estudiantes de carreras de formaci\u00f3n docente<\/a><\/p><\/blockquote>\n<p><iframe class=\"wp-embedded-content\" sandbox=\"allow-scripts\" security=\"restricted\" style=\"position: absolute; clip: rect(1px, 1px, 1px, 1px);\" src=\"https:\/\/red.infd.edu.ar\/estudiantes\/cursos-para-estudiantes-de-la-carrera-de-formacion-docente\/embed\/#?secret=cWgTwUK5VD\" data-secret=\"cWgTwUK5VD\" width=\"600\" height=\"338\" title=\"\u00abCursos para estudiantes de carreras de formaci\u00f3n docente\u00bb \u2014 Instituto Nacional de Formaci\u00f3n Docente\" frameborder=\"0\" marginwidth=\"0\" marginheight=\"0\" scrolling=\"no\"><\/iframe><\/p>\n<p>&nbsp;<\/p>\n<p>&nbsp;<\/p>\n<p>Informaci\u00f3n:\u00a0<a href=\"https:\/\/www.boletinoficial.gob.ar\/detalleAviso\/primera\/227372\/20200402\">https:\/\/www.boletinoficial.gob.ar\/detalleAviso\/primera\/227372\/20200402<\/a><\/p>\n<h1><\/h1>\n<h1>PROGRESAR: La recepci\u00f3n de formularios se encuentra suspendida moment\u00e1neamente. Se informar\u00e1 por este medio su reprogramaci\u00f3n.<\/h1>\n<h1><\/h1>\n<h1>PROGRESAR<\/h1>\n<p>&nbsp;<\/p>\n<p>Importante:\u00a0<span style=\"color: #0000ff;\">Lunes 16 de Marzo de 2020, 19 a 20:30 hs. \u00danico d\u00eda de recepci\u00f3n de formularios para materias aprobadas. Viernes 20 de Marzo de 2020, de 19 a 20:30 hs. <span style=\"color: #000080;\">\u00danico d\u00eda de entrega a los alumnos de\u00a0 formularios completos para Becas PROGRESAR presentados el d\u00eda 16 de marzo de 2020.<\/span><\/span><\/p>\n<p>&nbsp;<\/p>\n<p>&nbsp;<\/p>\n<p>&nbsp;<\/p>\n<p>&nbsp;<\/p>\n<p>El periodo de inscripci\u00f3n ser\u00e1 del\u00a0<u>1 al 31 de marzo,\u00a0<\/u>para los estudiantes de\u00a0<b>educaci\u00f3n superior<\/b>\u00a0la inscripci\u00f3n es \u00fanicamente a trav\u00e9s de<u>\u00a0<\/u><a href=\"https:\/\/progresar.educacion.gob.ar\/\" target=\"_blank\" rel=\"noopener\" data-saferedirecturl=\"https:\/\/www.google.com\/url?q=https:\/\/progresar.educacion.gob.ar\/&amp;source=gmail&amp;ust=1583274508329000&amp;usg=AFQjCNFyzhhcspNOp8YPtZo-mU6lT9X0SA\">https:\/\/progresar.<wbr \/>educacion.gob.ar\/<\/a><\/p>\n<p>&nbsp;<\/p>\n<p><span style=\"font-family: arial, sans-serif;\">N\u00fameros de consulta para atenci\u00f3n de los estudiantes:\u00a0<\/span><b>(011) 4129-2038\/46\/48\/75\u00a0 o 0800-999-1066<\/b><\/p>\n<p>Referente Provincial de\u00a0Pol\u00edticas\u00a0Estudiantiles\u00a0<b>Lic. Lorena Cabrera o con la Prof. Silvina Ordo\u00f1ez (<\/b>Equipo\u00a0T\u00e9cnico\u00a0de la Linea<b>)\u00a0<\/b>a\u00a0trav\u00e9s\u00a0del Mail de la Linea:\u00a0<b><a href=\"mailto:politicasestudiantilestuc@gmail.com\" target=\"_blank\" rel=\"noopener\">politicasestudiantilestuc@<wbr \/>gmail.com<\/a>,<\/b>\u00a0mediante el cual se\u00a0responder\u00e1n\u00a0todas las\u00a0consultas referidas a Linea de Becas Progresar.<\/p>\n<p><a href=\"https:\/\/iesmarchetti-tuc.infd.edu.ar\/sitio\/wp-content\/uploads\/2020\/03\/BP_bases_y_condiciones-2020.pdf\">BP_bases_y_condiciones 2020<\/a><\/p>\n<h1><\/h1>\n<h1><\/h1>\n<hr \/>\n<hr \/>\n<h1>Alumnos rechazados en BECAS PROGRESAR, se les recuerda que tienen hasta el 5 de julio de 2019 para hacer el reclamo en becasprogresar.educacion.gob.ar.<\/h1>\n<p>Recuerden haber colocado \u00abfinalizar\u00bb al terminar el reclamo y descargar el pdf correspondiente.<\/p>\n<p>&nbsp;<\/p>\n<hr \/>\n<h1>IMPORTANTE: ETAPA DE RECLAMOS HASTA EL D\u00cdA 5 DE JULIO DE 2019<\/h1>\n<p style=\"font-weight: 400;\">La Oficina Nacional de Becas a nivel nacional, comunica que:<\/p>\n<p style=\"font-weight: 400;\">La fecha l\u00edmite para activar el reclamo es el\u00a0<strong>05\/07.\u00a0<\/strong><\/p>\n<p>&nbsp;<\/p>\n<p style=\"font-weight: 400;\"><em><u>IMPORTANTE:\u00a0NO DEBEN REALIZAR POR\u00a0M\u00d3VIL\u00a0CELULAR, EL RECLAMO. ES RECOMENDABLE REALIZARLO A TRAV\u00c9S\u00a0DE UNA COMPUTADORA.<\/u><\/em><\/p>\n<p style=\"font-weight: 400;\"><em>Es importante aclararles que si tienen dudas con la informaci\u00f3n brindada por la instituci\u00f3n, que corroboren si tienen aprobadas m\u00e1s del 50 por ciento de las materias seg\u00fan plan de estudio. En caso que tengan dudas pueden comunicarse con los referentes que han realizado la certificaci\u00f3n en la instituci\u00f3n de pertenencia.<\/em><\/p>\n<p style=\"font-weight: 400;\">Ante cualquier duda, Comunicarse con la Lic. Lorena Cabrera al n\u00famero: 381-529-1932 o a la Profe. Silvina Ordo\u00f1ez al siguiente n\u00famero: 381-543-4564.<\/p>\n<p>Informaci\u00f3n complementaria:<\/p>\n<p><a href=\"https:\/\/iesmarchetti-tuc.infd.edu.ar\/sitio\/wp-content\/uploads\/2019\/06\/Proceso-de-Reclamos-2019-2.pptx\">Proceso de Reclamos 2019<\/a><\/p>\n<p>&nbsp;<\/p>\n<h1 style=\"text-align: center;\"><span style=\"color: #ff0000;\">IMPORTANTE &#8211; BECAS PUEBLOS ORIGINARIOS &#8211; EST\u00cdMULOS ECON\u00d3MICOS<\/span><\/h1>\n<p>Los siguientes alumnos se encuentran inscriptos en los programas de becas Pueblos Originarios o Est\u00edmulos Econ\u00f3micos y deber\u00e1n presentar la documentaci\u00f3n correspondiente el d\u00eda <span style=\"color: #ff0000;\">28 de Mayo de 2019 a las 20:30<\/span> hs. al Prof. Visuara. <span style=\"color: #ff0000;\">\u00daNICA FECHA DE PRESENTACI\u00d3N<\/span> ya que cierra el plazo de validaci\u00f3n a nivel nacional. Los siguientes alumnos se encuentran inscriptos en los programas de becas Pueblos Originarios o Est\u00edmulos Econ\u00f3micos y deber\u00e1n presentar la documentaci\u00f3n correspondiente el d\u00eda <span style=\"color: #ff0000;\">28 de Mayo de 2019 a las 20:30<\/span> hs. al Prof. Visuara. <span style=\"color: #ff0000;\">\u00daNICA FECHA DE PRESENTACI\u00d3N<\/span> ya que cierra el plazo de validaci\u00f3n a nivel nacional.<\/p>\n<table width=\"485\">\n<tbody>\n<tr>\n<td width=\"165\">APELLIDO Y NOMBRES<\/td>\n<td width=\"165\">APELLIDO Y NOMBRES<\/td>\n<td width=\"155\">CARRERA<\/td>\n<td width=\"155\">CARRERA<\/td>\n<td width=\"165\">SOLICITUD<\/td>\n<td width=\"165\">SOLICITUD<\/td>\n<\/tr>\n<tr>\n<td>ACHES SABRINA<\/td>\n<td>ACHES SABRINA<\/td>\n<td>P.E.I.<\/td>\n<td>P.E.I.<\/td>\n<td>PUEBLOS ORIGINARIOS<\/td>\n<td>PUEBLOS ORIGINARIOS<\/td>\n<\/tr>\n<tr>\n<td>AVILA VALENTINA<\/td>\n<td>AVILA VALENTINA<\/td>\n<td>P.E.I.<\/td>\n<td>P.E.I.<\/td>\n<td>PUEBLOS ORIGINARIOS<\/td>\n<td>PUEBLOS ORIGINARIOS<\/td>\n<\/tr>\n<tr>\n<td>BARRIO YANINA<\/td>\n<td>BARRIO YANINA<\/td>\n<td>P.E.I.<\/td>\n<td>P.E.I.<\/td>\n<td>PUEBLOS ORIGINARIOS<\/td>\n<td>PUEBLOS ORIGINARIOS<\/td>\n<\/tr>\n<tr>\n<td>BORQUE YENIFER<\/td>\n<td>BORQUE YENIFER<\/td>\n<td>P.E.I.<\/td>\n<td>P.E.I.<\/td>\n<td>PUEBLOS ORIGINARIOS<\/td>\n<td>PUEBLOS ORIGINARIOS<\/td>\n<\/tr>\n<tr>\n<td>BUSTAMANTE NOELIA<\/td>\n<td>BUSTAMANTE NOELIA<\/td>\n<td>P.E.E.<\/td>\n<td>P.E.E.<\/td>\n<td>PUEBLOS ORIGINARIOS<\/td>\n<td>PUEBLOS ORIGINARIOS<\/td>\n<\/tr>\n<tr>\n<td>BUSTO PAMELA<\/td>\n<td>BUSTO PAMELA<\/td>\n<td>P.E.I.<\/td>\n<td>P.E.I.<\/td>\n<td>PUEBLOS ORIGINARIOS<\/td>\n<td>PUEBLOS ORIGINARIOS<\/td>\n<\/tr>\n<tr>\n<td>GEREZ ROMINA<\/td>\n<td>GEREZ ROMINA<\/td>\n<td>P.E.I.<\/td>\n<td>P.E.I.<\/td>\n<td>ESTIMULOS ECONOMICOS<\/td>\n<td>ESTIMULOS ECONOMICOS<\/td>\n<\/tr>\n<tr>\n<td>JIMENEZ ROCIO<\/td>\n<td>JIMENEZ ROCIO<\/td>\n<td>MATEM\u00c1TICA<\/td>\n<td>MATEM\u00c1TICA<\/td>\n<td>PUEBLOS ORIGINARIOS<\/td>\n<td>PUEBLOS ORIGINARIOS<\/td>\n<\/tr>\n<tr>\n<td>LOPEZ INGRID<\/td>\n<td>LOPEZ INGRID<\/td>\n<td>LENGUA<\/td>\n<td>LENGUA<\/td>\n<td>PUEBLOS ORIGINARIOS<\/td>\n<td>PUEBLOS ORIGINARIOS<\/td>\n<\/tr>\n<tr>\n<td>MAIDANA WALTER<\/td>\n<td>MAIDANA WALTER<\/td>\n<td>MATEM\u00c1TICA<\/td>\n<td>MATEM\u00c1TICA<\/td>\n<td>PUEBLOS ORIGINARIOS<\/td>\n<td>PUEBLOS ORIGINARIOS<\/td>\n<\/tr>\n<tr>\n<td>MAZA FACUNDO<\/td>\n<td>MAZA FACUNDO<\/td>\n<td>HISTORIA<\/td>\n<td>HISTORIA<\/td>\n<td>PUEBLOS ORIGINARIOS<\/td>\n<td>PUEBLOS ORIGINARIOS<\/td>\n<\/tr>\n<tr>\n<td>PE\u00d1ALBA FLORENCIA<\/td>\n<td>PE\u00d1ALBA FLORENCIA<\/td>\n<td>P.E.I.<\/td>\n<td>P.E.I.<\/td>\n<td>PUEBLOS ORIGINARIOS<\/td>\n<td>PUEBLOS ORIGINARIOS<\/td>\n<\/tr>\n<tr>\n<td>PERALTA CELESTE<\/td>\n<td>PERALTA CELESTE<\/td>\n<td>MATEM\u00c1TICA<\/td>\n<td>MATEM\u00c1TICA<\/td>\n<td>PUEBLOS ORIGINARIOS<\/td>\n<td>PUEBLOS ORIGINARIOS<\/td>\n<\/tr>\n<tr>\n<td>PLAZA MACARENA<\/td>\n<td>PLAZA MACARENA<\/td>\n<td>P.E.I.<\/td>\n<td>P.E.I.<\/td>\n<td>PUEBLOS ORIGINARIOS<\/td>\n<td>PUEBLOS ORIGINARIOS<\/td>\n<\/tr>\n<tr>\n<td>RUIZ ANDREA<\/td>\n<td>RUIZ ANDREA<\/td>\n<td>P.E.E.<\/td>\n<td>P.E.E.<\/td>\n<td>PUEBLOS ORIGINARIOS<\/td>\n<td>PUEBLOS ORIGINARIOS<\/td>\n<\/tr>\n<tr>\n<td>TORRES YANETTE<\/td>\n<td>TORRES YANETTE<\/td>\n<td>MATEM\u00c1TICA<\/td>\n<td>MATEM\u00c1TICA<\/td>\n<td>PUEBLOS ORIGINARIOS<\/td>\n<td>PUEBLOS ORIGINARIOS<\/td>\n<\/tr>\n<tr>\n<td>VERA LUCIANA<\/td>\n<td>VERA LUCIANA<\/td>\n<td>P.E.E.<\/td>\n<td>P.E.E.<\/td>\n<td>PUEBLOS ORIGINARIOS<\/td>\n<td>PUEBLOS ORIGINARIOS<\/td>\n<\/tr>\n<\/tbody>\n<tbody>\n<tr>\n<td width=\"165\">APELLIDO Y NOMBRES<\/td>\n<td width=\"165\">APELLIDO Y NOMBRES<\/td>\n<td width=\"155\">CARRERA<\/td>\n<td width=\"155\">CARRERA<\/td>\n<td width=\"165\">SOLICITUD<\/td>\n<td width=\"165\">SOLICITUD<\/td>\n<\/tr>\n<tr>\n<td>ACHES SABRINA<\/td>\n<td>ACHES SABRINA<\/td>\n<td>P.E.I.<\/td>\n<td>P.E.I.<\/td>\n<td>PUEBLOS ORIGINARIOS<\/td>\n<td>PUEBLOS ORIGINARIOS<\/td>\n<\/tr>\n<tr>\n<td>AVILA VALENTINA<\/td>\n<td>AVILA VALENTINA<\/td>\n<td>P.E.I.<\/td>\n<td>P.E.I.<\/td>\n<td>PUEBLOS ORIGINARIOS<\/td>\n<td>PUEBLOS ORIGINARIOS<\/td>\n<\/tr>\n<tr>\n<td>BARRIO YANINA<\/td>\n<td>BARRIO YANINA<\/td>\n<td>P.E.I.<\/td>\n<td>P.E.I.<\/td>\n<td>PUEBLOS ORIGINARIOS<\/td>\n<td>PUEBLOS ORIGINARIOS<\/td>\n<\/tr>\n<tr>\n<td>BORQUE YENIFER<\/td>\n<td>BORQUE YENIFER<\/td>\n<td>P.E.I.<\/td>\n<td>P.E.I.<\/td>\n<td>PUEBLOS ORIGINARIOS<\/td>\n<td>PUEBLOS ORIGINARIOS<\/td>\n<\/tr>\n<tr>\n<td>BUSTAMANTE NOELIA<\/td>\n<td>BUSTAMANTE NOELIA<\/td>\n<td>P.E.E.<\/td>\n<td>P.E.E.<\/td>\n<td>PUEBLOS ORIGINARIOS<\/td>\n<td>PUEBLOS ORIGINARIOS<\/td>\n<\/tr>\n<tr>\n<td>BUSTO PAMELA<\/td>\n<td>BUSTO PAMELA<\/td>\n<td>P.E.I.<\/td>\n<td>P.E.I.<\/td>\n<td>PUEBLOS ORIGINARIOS<\/td>\n<td>PUEBLOS ORIGINARIOS<\/td>\n<\/tr>\n<tr>\n<td>GEREZ ROMINA<\/td>\n<td>GEREZ ROMINA<\/td>\n<td>P.E.I.<\/td>\n<td>P.E.I.<\/td>\n<td>ESTIMULOS ECONOMICOS<\/td>\n<td>ESTIMULOS ECONOMICOS<\/td>\n<\/tr>\n<tr>\n<td>JIMENEZ ROCIO<\/td>\n<td>JIMENEZ ROCIO<\/td>\n<td>MATEM\u00c1TICA<\/td>\n<td>MATEM\u00c1TICA<\/td>\n<td>PUEBLOS ORIGINARIOS<\/td>\n<td>PUEBLOS ORIGINARIOS<\/td>\n<\/tr>\n<tr>\n<td>LOPEZ INGRID<\/td>\n<td>LOPEZ INGRID<\/td>\n<td>LENGUA<\/td>\n<td>LENGUA<\/td>\n<td>PUEBLOS ORIGINARIOS<\/td>\n<td>PUEBLOS ORIGINARIOS<\/td>\n<\/tr>\n<tr>\n<td>MAIDANA WALTER<\/td>\n<td>MAIDANA WALTER<\/td>\n<td>MATEM\u00c1TICA<\/td>\n<td>MATEM\u00c1TICA<\/td>\n<td>PUEBLOS ORIGINARIOS<\/td>\n<td>PUEBLOS ORIGINARIOS<\/td>\n<\/tr>\n<tr>\n<td>MAZA FACUNDO<\/td>\n<td>MAZA FACUNDO<\/td>\n<td>HISTORIA<\/td>\n<td>HISTORIA<\/td>\n<td>PUEBLOS ORIGINARIOS<\/td>\n<td>PUEBLOS ORIGINARIOS<\/td>\n<\/tr>\n<tr>\n<td>PE\u00d1ALBA FLORENCIA<\/td>\n<td>PE\u00d1ALBA FLORENCIA<\/td>\n<td>P.E.I.<\/td>\n<td>P.E.I.<\/td>\n<td>PUEBLOS ORIGINARIOS<\/td>\n<td>PUEBLOS ORIGINARIOS<\/td>\n<\/tr>\n<tr>\n<td>PERALTA CELESTE<\/td>\n<td>PERALTA CELESTE<\/td>\n<td>MATEM\u00c1TICA<\/td>\n<td>MATEM\u00c1TICA<\/td>\n<td>PUEBLOS ORIGINARIOS<\/td>\n<td>PUEBLOS ORIGINARIOS<\/td>\n<\/tr>\n<tr>\n<td>PLAZA MACARENA<\/td>\n<td>PLAZA MACARENA<\/td>\n<td>P.E.I.<\/td>\n<td>P.E.I.<\/td>\n<td>PUEBLOS ORIGINARIOS<\/td>\n<td>PUEBLOS ORIGINARIOS<\/td>\n<\/tr>\n<tr>\n<td>RUIZ ANDREA<\/td>\n<td>RUIZ ANDREA<\/td>\n<td>P.E.E.<\/td>\n<td>P.E.E.<\/td>\n<td>PUEBLOS ORIGINARIOS<\/td>\n<td>PUEBLOS ORIGINARIOS<\/td>\n<\/tr>\n<tr>\n<td>TORRES YANETTE<\/td>\n<td>TORRES YANETTE<\/td>\n<td>MATEM\u00c1TICA<\/td>\n<td>MATEM\u00c1TICA<\/td>\n<td>PUEBLOS ORIGINARIOS<\/td>\n<td>PUEBLOS ORIGINARIOS<\/td>\n<\/tr>\n<tr>\n<td>VERA LUCIANA<\/td>\n<td>VERA LUCIANA<\/td>\n<td>P.E.E.<\/td>\n<td>P.E.E.<\/td>\n<td>PUEBLOS ORIGINARIOS<\/td>\n<td>PUEBLOS ORIGINARIOS<\/td>\n<\/tr>\n<\/tbody>\n<\/table>\n<h1>INFORMACI\u00d3N IMPORTANTE:\u00a0BECAS PROGRESAR.FECHA DE INSCRIPCI\u00d3N:<span style=\"color: #0000ff;\"> DEL 01 DE MARZO DE 2019 AL 31 DE MARZO DEL 2019<\/span><\/h1>\n<p>Se les recuerda que est\u00e1n abiertas las inscripciones para las\u00a0<a href=\"https:\/\/iesmarchetti-tuc.infd.edu.ar\/sitio\/wp-content\/uploads\/2019\/03\/BECAS-PROGRESAR.pdf\">BECAS PROGRESAR<\/a>\u00a0en el siguiente enlace:\u00a0<a href=\"https:\/\/becasprogresar.educacion.gob.ar\/\" data-saferedirecturl=\"https:\/\/www.google.com\/url?q=https:\/\/becasprogresar.educacion.gob.ar\/&amp;source=gmail&amp;ust=1552528314365000&amp;usg=AFQjCNFrj1Bk9NkBrDesXTTPw-RDxDeSfQ\">https:\/\/becasprogresar.educacion.gob.ar<\/a>Es importante que recuerden:\u2013 S\u00f3lo podr\u00e1n inscribirse en\u00a0<strong><u>una<\/u><\/strong>\u00a0l\u00ednea de beca y\u00a0<strong>TODOS\u00a0<\/strong>deben inscribirse.\u2013 La inscripci\u00f3n consta de<strong>\u00a0tres pasos<\/strong>:1- Completar datos personales2- Encuesta.3- Datos acad\u00e9micos (eligen l\u00ednea de beca donde se postular\u00e1n) y FINALIZAR\u00a0INSCRIPCI\u00d3N.-Pueden guardar parcialmente la informaci\u00f3n pero debe<u>\u00a0FINALIZAR INSCRIPCI\u00d3N<\/u>\u00a0para postularse a la beca.\u2013 La informaci\u00f3n que se coloque en Datos Personales y Datos acad\u00e9micos es una Declaraci\u00f3n Jurada, los datos que all\u00ed coloque\u00a0<strong>NO<\/strong>\u00a0podr\u00e1n ser modificados una vez finalizada la inscripci\u00f3n.-Si\u00a0 no recuerda su usuario y contrase\u00f1a puede comunicarse al\u00a0<strong>0800-999-1066.<\/strong><strong><u>L\u00edneas de Becas:<\/u><\/strong>\u2013<strong>Becas Progresar:\u00a0<\/strong>Para estudiantes de nivel terciario y universitarios que cursen en una instituci\u00f3n de gesti\u00f3n estatal. Deben re-inscribirse todos aunque ya hayan sido becarios en 2018. (Inscripci\u00f3n del 1 al 31 de marzo)\u2013<strong>\u00a0PRONAFE<\/strong>: Para estudiantes de Enfermer\u00eda de nivel terciario y Universitario (inscripci\u00f3n del 1 al 31 de marzo).\u2013<strong>Compromiso Docente:\u00a0<\/strong>Deben inscribirse los becarios 2018, y para nuevos postulantes s\u00f3lo est\u00e1 disponible para aquellos que en el 2018 hayan quedado fuera de la beca por no tener cupo en la jurisdicci\u00f3n (inscripci\u00f3n del 1 al 31 de marzo). S\u00f3lo estar\u00e1n disponibles los profesorados que hayan sido priorizados por la regi\u00f3n.\u2013<strong>Pueblos originarios:\u00a0<\/strong>Para estudiantes de formaci\u00f3n docente que pertenezcan a un pueblo originario. Deben re-inscribirse todos aunque ya hayan sido becarios en 2018 (inscripci\u00f3n del 1 al 31 de marzo).\u2013<strong>Est\u00edmulos Econ\u00f3micos y Est\u00edmulos Econ\u00f3micos para Pueblos Originarios:\u00a0<\/strong>Deben actualizar su informaci\u00f3n aquellos que son becarios de esta l\u00ednea. No est\u00e1 abierta la inscripci\u00f3n para nuevos postulantes.\u00a0(La actualizaci\u00f3n de informaci\u00f3n estar\u00e1 disponible del 1 al 30 de abril).<\/p>\n","protected":false},"excerpt":{"rendered":"<p>INFORMACI\u00d3N 2020 &nbsp; &#x1f4e3;Abrimos la Pre-inscripci\u00f3n a Cursos Virtuales Tutorados para Estudiantes de la Formaci\u00f3n Docente 1. ESI: un derecho. Un desaf\u00edo. Un camino por recorrer. 2. ESI: derechos y diversidad sexual. Desde el \u00c1rea de Pol\u00edticas Estudiantiles del Instituto Nacional de Formaci\u00f3n Docente en conjunto con el Programa Nacional de Educaci\u00f3n Sexual Integral nos &#8230; <a title=\"POL\u00cdTICAS ESTUDIANTILES\" class=\"read-more\" href=\"https:\/\/iesmarchetti-tuc.infd.edu.ar\/sitio\/progresar\/\" aria-label=\"More on POL\u00cdTICAS ESTUDIANTILES\">[+]<\/a><\/p>\n","protected":false},"author":7,"featured_media":0,"parent":0,"menu_order":0,"comment_status":"closed","ping_status":"closed","template":"","meta":[],"acf":[],"_links":{"self":[{"href":"https:\/\/iesmarchetti-tuc.infd.edu.ar\/sitio\/wp-json\/wp\/v2\/pages\/1298"}],"collection":[{"href":"https:\/\/iesmarchetti-tuc.infd.edu.ar\/sitio\/wp-json\/wp\/v2\/pages"}],"about":[{"href":"https:\/\/iesmarchetti-tuc.infd.edu.ar\/sitio\/wp-json\/wp\/v2\/types\/page"}],"author":[{"embeddable":true,"href":"https:\/\/iesmarchetti-tuc.infd.edu.ar\/sitio\/wp-json\/wp\/v2\/users\/7"}],"replies":[{"embeddable":true,"href":"https:\/\/iesmarchetti-tuc.infd.edu.ar\/sitio\/wp-json\/wp\/v2\/comments?post=1298"}],"version-history":[{"count":15,"href":"https:\/\/iesmarchetti-tuc.infd.edu.ar\/sitio\/wp-json\/wp\/v2\/pages\/1298\/revisions"}],"predecessor-version":[{"id":4026,"href":"https:\/\/iesmarchetti-tuc.infd.edu.ar\/sitio\/wp-json\/wp\/v2\/pages\/1298\/revisions\/4026"}],"wp:attachment":[{"href":"https:\/\/iesmarchetti-tuc.infd.edu.ar\/sitio\/wp-json\/wp\/v2\/media?parent=1298"}],"curies":[{"name":"wp","href":"https:\/\/api.w.org\/{rel}","templated":true}]}}