{"id":1272,"date":"2018-06-29T19:05:21","date_gmt":"2018-06-29T22:05:21","guid":{"rendered":"https:\/\/iesmarchetti-tuc.infd.edu.ar\/sitio\/profesorado-educacion-inicial\/"},"modified":"2021-12-22T20:15:00","modified_gmt":"2021-12-22T23:15:00","slug":"profesorado-educacion-inicial","status":"publish","type":"page","link":"https:\/\/iesmarchetti-tuc.infd.edu.ar\/sitio\/profesorado-educacion-inicial\/","title":{"rendered":"Profesorado Educaci\u00f3n Inicial"},"content":{"rendered":"<p><span style=\"font-size: 14pt;\">Descarga el plan modificado del profesorado haciendo clic <a title=\"Educaci\u00f3n Inicial\" href=\"upload\/Disen_o_Curricular_Educ._Inicial.pdf\" target=\"_blank\" rel=\"noopener\">aqu\u00ed.<\/a><br \/>\n<\/span><span style=\"font-size: 14pt;\">Las correlativas est\u00e1n <a title=\"Educaci\u00f3n Inicial\" href=\"upload\/Disp._149_-_Correlatividades_Profesorado_de_Educacion_Inicia.pdf\" target=\"_blank\" rel=\"noopener\">en este archivo<\/a>.<\/span><span style=\"font-size: 14pt;\">El viejo plan de estudio est\u00e1 en la biblioteca de la escuela<\/span><\/p>\n<h2>IMPORTANTE: PARA EL EJE DE LA PR\u00c1CTICA APLICA LA \u00a0<a href=\"https:\/\/iesmarchetti-tuc.infd.edu.ar\/sitio\/wp-content\/uploads\/2021\/12\/Disposicion-N\u00b0-02-21-DESyA.pdf\">Disposici\u00f3n N\u00b0 02-21 DESyA<\/a><\/h2>\n<table style=\"width: 100%; height: 22px;\" border=\"0\">\n<tbody style=\"text-align: left;\">\n<tr style=\"text-align: left;\">\n<td style=\"border: 1px solid #d2752d; background-color: #738938;\">\n<p style=\"text-align: center;\"><strong><span style=\"color: #ffff99;\"><span style=\"font-size: 14pt;\"><span style=\"font-family: verdana,geneva;\">Informaci\u00f3n general del Profesorado, <\/span><\/span><\/span><\/strong><\/p>\n<p style=\"text-align: center;\"><strong><span style=\"color: #ffff99;\"><span style=\"font-size: 14pt;\"><span style=\"font-family: verdana,geneva;\">de sus docentes y de sus estudiantes<\/span><\/span><\/span><\/strong><\/p>\n<\/td>\n<\/tr>\n<\/tbody>\n<\/table>\n<h1>Materias:<\/h1>\n<p>Pedagog\u00eda<\/p>\n<ul>\n<li>Programa: <a href=\"https:\/\/iesmarchetti-tuc.infd.edu.ar\/sitio\/wp-content\/uploads\/2019\/05\/pedagogia.pdf\">2019<\/a><\/li>\n<\/ul>\n<p>Psicolog\u00eda Educacional<\/p>\n<p>Did\u00e1ctica General<\/p>\n<ul>\n<li>Programa: <a href=\"https:\/\/iesmarchetti-tuc.infd.edu.ar\/sitio\/wp-content\/uploads\/2019\/09\/Did\u00e1ctica-General.pdf\">2019<\/a><\/li>\n<\/ul>\n<p>Lectura, Escritura y Oralidad<\/p>\n<ul>\n<li>Programa: <a href=\"https:\/\/iesmarchetti-tuc.infd.edu.ar\/sitio\/wp-content\/uploads\/2019\/05\/Programa-LEO-2019-PEI-con-firma-digital.pdf\">2019<\/a><\/li>\n<\/ul>\n<p>Problem\u00e1tica de la Educaci\u00f3n Inicial<\/p>\n<ul>\n<li>Programa: <a href=\"https:\/\/iesmarchetti-tuc.infd.edu.ar\/sitio\/wp-content\/uploads\/2019\/05\/PEI-ProblEducInicial-Celiz-2019.pdf\">2019<\/a><\/li>\n<\/ul>\n<p>Psicolog\u00eda del Desarrollo: Sujeto del Nivel Inicial I<\/p>\n<ul>\n<li>Programa: <a href=\"https:\/\/iesmarchetti-tuc.infd.edu.ar\/sitio\/wp-content\/uploads\/2019\/03\/Progr.-Ps.-del-desarrollo-Sujeto-del-Nivel-Inicial-I.pdf\">2018<\/a><\/li>\n<li>Programa: <a href=\"https:\/\/iesmarchetti-tuc.infd.edu.ar\/sitio\/wp-content\/uploads\/2019\/05\/Ps-del-desarrollo_Sujeto-del-Nivel-Inicial-I-19.pdf\">2019<\/a><\/li>\n<\/ul>\n<p>Matem\u00e1tica<\/p>\n<ul>\n<li>Programa: <a href=\"https:\/\/iesmarchetti-tuc.infd.edu.ar\/sitio\/wp-content\/uploads\/2019\/03\/Programa_Matem\u00e1tica.pdf\">2018<\/a><\/li>\n<li>Programa: <a href=\"https:\/\/iesmarchetti-tuc.infd.edu.ar\/sitio\/wp-content\/uploads\/2019\/09\/Matem\u00e1tica.pdf\">2019<\/a><\/li>\n<\/ul>\n<p>Lengua y Literatura<\/p>\n<ul>\n<li>Programa: <a href=\"https:\/\/iesmarchetti-tuc.infd.edu.ar\/sitio\/wp-content\/uploads\/2019\/03\/Programa-L-ENGUA-y-LITERATURA.pdf\">2018<\/a><\/li>\n<li>Programa: <a href=\"https:\/\/iesmarchetti-tuc.infd.edu.ar\/sitio\/wp-content\/uploads\/2019\/09\/LENGUA-Y-LITERATURA.pdf\">2019<\/a><\/li>\n<\/ul>\n<p>Taller de Juego y Actividad L\u00fadica<\/p>\n<ul>\n<li>Programa: <a href=\"https:\/\/iesmarchetti-tuc.infd.edu.ar\/sitio\/wp-content\/uploads\/2019\/03\/Programa-de-Juego-y-Actividad-L\u00fadica.pdf\">2018<\/a><\/li>\n<\/ul>\n<p>Expresi\u00f3n Art\u00edstica\/ Expresi\u00f3n Corporal<\/p>\n<ul>\n<li>Programa: <a href=\"https:\/\/iesmarchetti-tuc.infd.edu.ar\/sitio\/wp-content\/uploads\/2019\/04\/Instituto-de-Ense\u00f1anza-Superior-Prof-1.pdf\">2019<\/a><\/li>\n<\/ul>\n<p>Pr\u00e1ctica Profesional I<\/p>\n<ul>\n<li>Programa: <a href=\"https:\/\/iesmarchetti-tuc.infd.edu.ar\/sitio\/wp-content\/uploads\/2019\/03\/Progr.-Pr\u00e1ctica-I.pdf\">2018<\/a><\/li>\n<\/ul>\n<p>Historia y Pol\u00edtica Educacional Argentina<\/p>\n<p>Sociolog\u00eda de la Educaci\u00f3n<\/p>\n<ul>\n<li>Programa: <a href=\"https:\/\/iesmarchetti-tuc.infd.edu.ar\/sitio\/wp-content\/uploads\/2019\/09\/programa-de-sociologia-de-la-educacion.pdf\">2019<\/a><\/li>\n<\/ul>\n<p>Tecnolog\u00edas de la Informaci\u00f3n y de la Comunicaci\u00f3n<\/p>\n<p>EDI<\/p>\n<p>Psicolog\u00eda del Desarrollo: Sujeto del Nivel Inicial II<\/p>\n<p>Did\u00e1ctica del Nivel Inicial<\/p>\n<ul>\n<li>Programa: <a href=\"https:\/\/iesmarchetti-tuc.infd.edu.ar\/sitio\/wp-content\/uploads\/2019\/03\/PROGRAMA-Did\u00e1ctica-del-Nivel-Inicial.pdf\">2018<\/a><\/li>\n<\/ul>\n<p>Educaci\u00f3n Psicomotriz (cuerpo, sujeto y movimiento)<\/p>\n<ul>\n<li>Programa: <a href=\"https:\/\/iesmarchetti-tuc.infd.edu.ar\/sitio\/wp-content\/uploads\/2019\/04\/psicomotricidad-1.pdf\">2019<\/a><\/li>\n<\/ul>\n<p>Estimulaci\u00f3n, Atenci\u00f3n y Educaci\u00f3n Temprana<\/p>\n<p>Did\u00e1ctica de la Matem\u00e1tica I<\/p>\n<ul>\n<li>Programa: <a href=\"https:\/\/iesmarchetti-tuc.infd.edu.ar\/sitio\/wp-content\/uploads\/2019\/05\/Planificaci\u00f3n-did\u00e1ctica-I-2019-Marchetti.pdf\">2019<\/a><\/li>\n<\/ul>\n<p>Did\u00e1ctica de la Lengua y la Literatura<\/p>\n<ul>\n<li>Programa: <a href=\"https:\/\/iesmarchetti-tuc.infd.edu.ar\/sitio\/wp-content\/uploads\/2019\/03\/PROGRAMA-Did\u00e1ctica-de-Lengua-y-la-Literatura-I.pdf\">2018<\/a><\/li>\n<\/ul>\n<p>Expresi\u00f3n Art\u00edstica: Pl\u00e1stica<\/p>\n<ul>\n<li>Programa: <a href=\"https:\/\/iesmarchetti-tuc.infd.edu.ar\/sitio\/wp-content\/uploads\/2019\/03\/PROGRAMA-Expresi\u00f3n-Art\u00edstica-Pl\u00e1stica.pdf\">2018<\/a><\/li>\n<\/ul>\n<p>Expresi\u00f3n Art\u00edstica: M\u00fasica<\/p>\n<ul>\n<li>Programa: <a href=\"https:\/\/iesmarchetti-tuc.infd.edu.ar\/sitio\/wp-content\/uploads\/2019\/09\/PROGRAMA-MUSICA-2019.pdf\">2019<\/a><\/li>\n<\/ul>\n<p>EDI: Jugando con la matem\u00e1tica<\/p>\n<ul>\n<li>Programa: <a href=\"https:\/\/iesmarchetti-tuc.infd.edu.ar\/sitio\/wp-content\/uploads\/2019\/09\/EDI-\u2013-JUGANDO-CON-LA-MATEMATICA.pdf\">2019<\/a><\/li>\n<\/ul>\n<p>Pr\u00e1ctica Profesional II<\/p>\n<ul>\n<li>Programa: <a href=\"https:\/\/iesmarchetti-tuc.infd.edu.ar\/sitio\/wp-content\/uploads\/2019\/03\/Progr.-Pr\u00e1ctica-II.pdf\">2018<\/a><\/li>\n<li>Programa:\u00a0<a href=\"https:\/\/iesmarchetti-tuc.infd.edu.ar\/sitio\/wp-content\/uploads\/2019\/04\/PROGRAMA-Pr\u00e1ctica-Profesional-II.pdf\">2019<\/a><\/li>\n<\/ul>\n<p>Filosof\u00eda de la Educaci\u00f3n<\/p>\n<ul>\n<li>Programa: <a href=\"https:\/\/iesmarchetti-tuc.infd.edu.ar\/sitio\/wp-content\/uploads\/2019\/03\/Prog.-Filosof\u00eda-de-la-educaci\u00f3n.pdf\">2018<\/a><\/li>\n<li>Programa: <a href=\"https:\/\/iesmarchetti-tuc.infd.edu.ar\/sitio\/wp-content\/uploads\/2019\/05\/PEI-FilosofiadeEduc-Celiz-2019.pdf\">2019<\/a><\/li>\n<\/ul>\n<p>Educaci\u00f3n Sexual Integral<\/p>\n<ul>\n<li>Programa: <a href=\"https:\/\/iesmarchetti-tuc.infd.edu.ar\/sitio\/wp-content\/uploads\/2019\/03\/Progr.-ESI.pdf\">2018<\/a><\/li>\n<li>Programa: <a href=\"https:\/\/iesmarchetti-tuc.infd.edu.ar\/sitio\/wp-content\/uploads\/2019\/05\/ESI-19.pdf\">2019<\/a><\/li>\n<\/ul>\n<p>Alfabetizaci\u00f3n en el Nivel Inicial<\/p>\n<p>Did\u00e1ctica de la Lengua y la Literatura II<\/p>\n<ul>\n<li>Programa: <a href=\"https:\/\/iesmarchetti-tuc.infd.edu.ar\/sitio\/wp-content\/uploads\/2019\/09\/DID\u00c1CTICA-DE-LA-LENGUA-Y-LITERATURA-II.pdf\">2019<\/a><\/li>\n<\/ul>\n<p>Did\u00e1ctica de las Ciencias Sociales<\/p>\n<ul>\n<li>Programa: <a href=\"https:\/\/iesmarchetti-tuc.infd.edu.ar\/sitio\/wp-content\/uploads\/2019\/09\/Planificacion-Did\u00e1ctica-de-las-Ciencias-Sociales.-PEI-1.pdf\">2019<\/a><\/li>\n<\/ul>\n<p>Did\u00e1ctica de las Ciencias Naturales<\/p>\n<ul>\n<li>Programa: <a href=\"https:\/\/iesmarchetti-tuc.infd.edu.ar\/sitio\/wp-content\/uploads\/2019\/03\/Progr.-Did\u00e1ctica-de-las-Ciencias-Naturales.pdf\">2018<\/a><\/li>\n<li>Programa: <a href=\"https:\/\/iesmarchetti-tuc.infd.edu.ar\/sitio\/wp-content\/uploads\/2019\/09\/FORMATO-PROGRAMA-2019.pdf\">2019<\/a><\/li>\n<\/ul>\n<p>Educaci\u00f3n Tecnol\u00f3gica y su did\u00e1ctica<\/p>\n<ul>\n<li>Programas: <a href=\"https:\/\/iesmarchetti-tuc.infd.edu.ar\/sitio\/wp-content\/uploads\/2019\/03\/Programa-Educaci\u00f3n-Tecnol\u00f3gica-y-su-didactica.pdf\">2018<\/a><\/li>\n<li>Programas: <a href=\"https:\/\/iesmarchetti-tuc.infd.edu.ar\/sitio\/wp-content\/uploads\/2019\/05\/planificacion-anual-de-tecnologia.pdf\">2019<\/a><\/li>\n<\/ul>\n<p>Did\u00e1ctica de la Matem\u00e1tica II<\/p>\n<p>Taller de integraci\u00f3n y ense\u00f1anza de lenguajes art\u00edsticos: Expresi\u00f3n corporal, m\u00fasica y pl\u00e1stica<\/p>\n<ul>\n<li>Programa: <a href=\"https:\/\/iesmarchetti-tuc.infd.edu.ar\/sitio\/wp-content\/uploads\/2019\/03\/PROGRAMA-Taller-de-Integraci\u00f3n.pdf\">2018<\/a><\/li>\n<\/ul>\n<p>EDI: Integraci\u00f3n en el Nivel Inicial<\/p>\n<ul>\n<li>Programa: <a href=\"https:\/\/iesmarchetti-tuc.infd.edu.ar\/sitio\/wp-content\/uploads\/2019\/05\/Integraci\u00f3n-en-el-nivel-inicial.pdf\">2019<\/a><\/li>\n<\/ul>\n<p>EDI<\/p>\n<p>Pr\u00e1ctica Profesional III<\/p>\n<p>Formaci\u00f3n \u00c9tica y Ciudadana<\/p>\n<p>Integraci\u00f3n e Inclusi\u00f3n Educativa<\/p>\n<ul>\n<li>Programa: <a href=\"https:\/\/iesmarchetti-tuc.infd.edu.ar\/sitio\/wp-content\/uploads\/2019\/03\/Progr.-Integraci\u00f3n-e-Inclusi\u00f3n-Educativa.pdf\">2018<\/a><\/li>\n<li>Programa: <a href=\"https:\/\/iesmarchetti-tuc.infd.edu.ar\/sitio\/wp-content\/uploads\/2019\/05\/Integraci\u00f3n-e-Inclusi\u00f3n-Educativa-19.pdf\">2019<\/a><\/li>\n<\/ul>\n<p>Dise\u00f1o, Ense\u00f1anza y Evaluaci\u00f3n en Matem\u00e1tica<\/p>\n<p>Dise\u00f1o, Ense\u00f1anza y Evaluaci\u00f3n en Lengua y Literatura<\/p>\n<ul>\n<li>Programa: <a href=\"https:\/\/iesmarchetti-tuc.infd.edu.ar\/sitio\/wp-content\/uploads\/2019\/05\/DISE\u00d1O-ENSE\u00d1ANZA-Y-EVALUACI\u00d3N-LENGUA-Y-LITERATURA-INICIAL-2019.pdf\">2019<\/a><\/li>\n<\/ul>\n<p>Dise\u00f1o, Ense\u00f1anza y Evaluaci\u00f3n en Ciencias Naturales<\/p>\n<p>Dise\u00f1o, Ense\u00f1anza y Evaluaci\u00f3n en Ciencias Sociales<\/p>\n<ul>\n<li>Programa: <a href=\"https:\/\/iesmarchetti-tuc.infd.edu.ar\/sitio\/wp-content\/uploads\/2019\/05\/Programa-2019.pdf\">2019<\/a><\/li>\n<\/ul>\n<p>Dise\u00f1o, Ense\u00f1anza y Evaluaci\u00f3n de Lenguajes Art\u00edsticos Integrados: Expresi\u00f3n corporal, m\u00fasica y pl\u00e1stica.<\/p>\n<ul>\n<li>Programa: <a href=\"https:\/\/iesmarchetti-tuc.infd.edu.ar\/sitio\/wp-content\/uploads\/2019\/09\/FORMATO-PROGRAMA-2019-LAI.pdf\">2019<\/a><\/li>\n<\/ul>\n<p>EDI<\/p>\n<p>EDI<\/p>\n<p>Pr\u00e1ctica Profesional IV y Residencia Docente<\/p>\n<ul>\n<li>Programa: <a href=\"https:\/\/iesmarchetti-tuc.infd.edu.ar\/sitio\/wp-content\/uploads\/2019\/03\/Programa-Residencia.pdf\">2018<\/a><\/li>\n<li>Programa: <a href=\"https:\/\/iesmarchetti-tuc.infd.edu.ar\/sitio\/wp-content\/uploads\/2019\/05\/prog-de-resi.pdf\">2019<\/a><\/li>\n<\/ul>\n","protected":false},"excerpt":{"rendered":"<p>Descarga el plan modificado del profesorado haciendo clic aqu\u00ed. Las correlativas est\u00e1n en este archivo.El viejo plan de estudio est\u00e1 en la biblioteca de la escuela IMPORTANTE: PARA EL EJE DE LA PR\u00c1CTICA APLICA LA \u00a0Disposici\u00f3n N\u00b0 02-21 DESyA Informaci\u00f3n general del Profesorado, de sus docentes y de sus estudiantes Materias: Pedagog\u00eda Programa: 2019 Psicolog\u00eda &#8230; <a title=\"Profesorado Educaci\u00f3n Inicial\" class=\"read-more\" href=\"https:\/\/iesmarchetti-tuc.infd.edu.ar\/sitio\/profesorado-educacion-inicial\/\" aria-label=\"More on Profesorado Educaci\u00f3n Inicial\">[+]<\/a><\/p>\n","protected":false},"author":7,"featured_media":0,"parent":0,"menu_order":0,"comment_status":"closed","ping_status":"closed","template":"","meta":[],"acf":[],"_links":{"self":[{"href":"https:\/\/iesmarchetti-tuc.infd.edu.ar\/sitio\/wp-json\/wp\/v2\/pages\/1272"}],"collection":[{"href":"https:\/\/iesmarchetti-tuc.infd.edu.ar\/sitio\/wp-json\/wp\/v2\/pages"}],"about":[{"href":"https:\/\/iesmarchetti-tuc.infd.edu.ar\/sitio\/wp-json\/wp\/v2\/types\/page"}],"author":[{"embeddable":true,"href":"https:\/\/iesmarchetti-tuc.infd.edu.ar\/sitio\/wp-json\/wp\/v2\/users\/7"}],"replies":[{"embeddable":true,"href":"https:\/\/iesmarchetti-tuc.infd.edu.ar\/sitio\/wp-json\/wp\/v2\/comments?post=1272"}],"version-history":[{"count":19,"href":"https:\/\/iesmarchetti-tuc.infd.edu.ar\/sitio\/wp-json\/wp\/v2\/pages\/1272\/revisions"}],"predecessor-version":[{"id":4398,"href":"https:\/\/iesmarchetti-tuc.infd.edu.ar\/sitio\/wp-json\/wp\/v2\/pages\/1272\/revisions\/4398"}],"wp:attachment":[{"href":"https:\/\/iesmarchetti-tuc.infd.edu.ar\/sitio\/wp-json\/wp\/v2\/media?parent=1272"}],"curies":[{"name":"wp","href":"https:\/\/api.w.org\/{rel}","templated":true}]}}