{"id":1270,"date":"2018-06-29T19:05:20","date_gmt":"2018-06-29T22:05:20","guid":{"rendered":"https:\/\/iesmarchetti-tuc.infd.edu.ar\/sitio\/profesorado-matematica\/"},"modified":"2021-12-22T20:15:09","modified_gmt":"2021-12-22T23:15:09","slug":"profesorado-matematica","status":"publish","type":"page","link":"https:\/\/iesmarchetti-tuc.infd.edu.ar\/sitio\/profesorado-matematica\/","title":{"rendered":"Profesorado Matem\u00e1tica"},"content":{"rendered":"<h1>Profesorado en Matem\u00e1ticas<\/h1>\n<p><span style=\"color: #506b23; font-size: 12pt;\"><span style=\"color: #000000;\">Plan de estudios <\/span>\u00a0<a title=\"Profesorado Ed.Secundaria Matematica\" href=\"upload\/Disen_o_Curricular_Matematica.pdf\" target=\"_blank\" rel=\"noopener\">aqu\u00ed<\/a><\/span><\/p>\n<p><span style=\"color: #506b23; font-size: 12pt;\"><span style=\"color: #000000;\">Sistema de correlativas<\/span>\u00a0<a title=\"Profesorado Ed.Secundaria Matematica\" href=\"upload\/Disp._151_-_Correl_Prof_de_Educacion_Secund_Matem.pdf\" target=\"_blank\" rel=\"noopener\">aqu\u00ed<\/a><\/span><\/p>\n<h2>IMPORTANTE: PARA EL EJE DE LA PR\u00c1CTICA APLICA LA \u00a0<a href=\"https:\/\/iesmarchetti-tuc.infd.edu.ar\/sitio\/wp-content\/uploads\/2021\/12\/Disposicion-N\u00b0-02-21-DESyA.pdf\">Disposici\u00f3n N\u00b0 02-21 DESyA<\/a><\/h2>\n<p><span style=\"color: #506b23; font-size: 12pt;\">\u00a0\u00a0\u00a0\u00a0\u00a0\u00a0\u00a0\u00a0\u00a0\u00a0\u00a0\u00a0\u00a0\u00a0\u00a0\u00a0\u00a0\u00a0<\/span><\/p>\n<table style=\"width: 995px; height: 1925px;\" border=\"0\" cellspacing=\"0\" cellpadding=\"0\">\n<colgroup>\n<col width=\"396\" \/>\n<col width=\"96\" \/>\n<col width=\"48\" \/>\n<col width=\"68\" \/> <\/colgroup>\n<tbody>\n<tr style=\"background-color: #f0efef;\" align=\"center\" valign=\"middle\">\n<td style=\"border: 1px solid #000000;\">MATERIAS<\/td>\n<td style=\"border: 1px solid #000000;\">CORRELATIVAS<\/td>\n<td style=\"border: 1px solid #000000;\">HORAS<\/td>\n<td style=\"border: 1px solid #000000;\">C\u00c1TEDRAS<\/td>\n<\/tr>\n<tr style=\"background-color: #f0efef;\" align=\"center\" valign=\"middle\">\n<td style=\"border: 1px solid #000000;\">PEDAGOG\u00cdA<\/p>\n<p>Programa: <a href=\"https:\/\/iesmarchetti-tuc.infd.edu.ar\/sitio\/wp-content\/uploads\/2019\/04\/Planif-Pedagog\u00eda-March-2019.pdf\">2019<\/a><\/td>\n<td style=\"border: 1px solid #000000;\"><\/td>\n<td style=\"border: 1px solid #000000;\">64<\/td>\n<td style=\"border: 1px solid #000000;\">96<\/td>\n<\/tr>\n<tr style=\"background-color: #f0efef;\" align=\"center\" valign=\"middle\">\n<td style=\"border: 1px solid #000000;\">PSICOLOG\u00cdA EDUCACIONAL<\/p>\n<p>Programa: <a href=\"https:\/\/iesmarchetti-tuc.infd.edu.ar\/sitio\/wp-content\/uploads\/2019\/03\/PLANIFICACI\u00d3N-Psicolog\u00eda-Educacional.pdf\">2018<\/a><\/p>\n<p>Programa: <a href=\"https:\/\/iesmarchetti-tuc.infd.edu.ar\/sitio\/wp-content\/uploads\/2019\/05\/Programa-2019.-Prof.-Matem\u00e1tica.pdf\">2019<\/a><\/td>\n<td style=\"border: 1px solid #000000;\"><\/td>\n<td style=\"border: 1px solid #000000;\">64<\/td>\n<td style=\"border: 1px solid #000000;\">96<\/td>\n<\/tr>\n<tr style=\"background-color: #f0efef;\" align=\"center\" valign=\"middle\">\n<td style=\"border: 1px solid #000000;\">DID\u00c1CTICA GENERAL<\/p>\n<p>Programa: <a href=\"https:\/\/iesmarchetti-tuc.infd.edu.ar\/sitio\/wp-content\/uploads\/2019\/09\/DIDACTICA-GENERAL.docx.pdf\">2019<\/a><\/td>\n<td style=\"border: 1px solid #000000;\"><\/td>\n<td style=\"border: 1px solid #000000;\">64<\/td>\n<td style=\"border: 1px solid #000000;\">96<\/td>\n<\/tr>\n<tr style=\"background-color: #f0efef;\" align=\"center\" valign=\"middle\">\n<td style=\"border: 1px solid #000000;\">LECTURA, ESCRITURA Y ORALIDAD<\/td>\n<td style=\"border: 1px solid #000000;\"><\/td>\n<td style=\"border: 1px solid #000000;\">64<\/td>\n<td style=\"border: 1px solid #000000;\">96<\/td>\n<\/tr>\n<tr style=\"background-color: #f0efef;\" align=\"center\" valign=\"middle\">\n<td style=\"border: 1px solid #000000;\">PROBLEM\u00c1TICA DE LA EDUCACI\u00d3N SECUNDARIA<\/p>\n<p>Programa: <a href=\"https:\/\/iesmarchetti-tuc.infd.edu.ar\/sitio\/wp-content\/uploads\/2019\/09\/Problem\u00e1tica-de-la-Educaci\u00f3n-Secundaria.pdf\">2019<\/a><\/td>\n<td style=\"border: 1px solid #000000;\"><\/td>\n<td style=\"border: 1px solid #000000;\">64<\/td>\n<td style=\"border: 1px solid #000000;\">96<\/td>\n<\/tr>\n<tr style=\"background-color: #f0efef;\" align=\"center\" valign=\"middle\">\n<td style=\"border: 1px solid #000000;\">ELEMENTOS DE LA ARITM\u00c9TICA Y \u00c1LGEBRA<\/p>\n<p>Programa: <a href=\"https:\/\/iesmarchetti-tuc.infd.edu.ar\/sitio\/wp-content\/uploads\/2019\/03\/Planif.-Elementos-de-aritm\u00e9tica-y-\u00e4lgebra.pdf\">2018<\/a><\/p>\n<p>Programa: <a href=\"https:\/\/iesmarchetti-tuc.infd.edu.ar\/sitio\/wp-content\/uploads\/2019\/05\/ELEMENTOS-DE-ARITMETICA-Y-ALGEBRA-PROGRAMA-2019.docx.pdf\">2019<\/a><\/td>\n<td style=\"border: 1px solid #000000;\"><\/td>\n<td style=\"border: 1px solid #000000;\">128<\/td>\n<td style=\"border: 1px solid #000000;\">192<\/td>\n<\/tr>\n<tr style=\"background-color: #f0efef;\" align=\"center\" valign=\"middle\">\n<td style=\"border: 1px solid #000000;\">GEOMETR\u00cdA I<\/p>\n<p>Programa: <a href=\"https:\/\/iesmarchetti-tuc.infd.edu.ar\/sitio\/wp-content\/uploads\/2019\/03\/Programa-Geometria-1.pdf\">2018<\/a><\/p>\n<p>Programa: <a href=\"https:\/\/iesmarchetti-tuc.infd.edu.ar\/sitio\/wp-content\/uploads\/2019\/05\/Programa-Geometria-1-Marchetti-Primero-2019.pdf\">2019<\/a><\/td>\n<td style=\"border: 1px solid #000000;\"><\/td>\n<td style=\"border: 1px solid #000000;\">128<\/td>\n<td style=\"border: 1px solid #000000;\">192<\/td>\n<\/tr>\n<tr style=\"background-color: #f0efef;\" align=\"center\" valign=\"middle\">\n<td style=\"border: 1px solid #000000;\">EDI: TRIGONOMETR\u00cdA<\/p>\n<p>Programa: <a href=\"https:\/\/iesmarchetti-tuc.infd.edu.ar\/sitio\/wp-content\/uploads\/2019\/03\/programa-EDI-Trigonometr\u00eda.pdf\">2018<\/a><\/p>\n<p>Programa: 1A <a href=\"https:\/\/iesmarchetti-tuc.infd.edu.ar\/sitio\/wp-content\/uploads\/2019\/09\/EDI-Trigonometr\u00eda-1-A.pdf\">2019<\/a><\/td>\n<td style=\"border: 1px solid #000000;\"><\/td>\n<td style=\"border: 1px solid #000000;\">85<\/td>\n<td style=\"border: 1px solid #000000;\">128<\/td>\n<\/tr>\n<tr style=\"background-color: #f0efef;\" align=\"center\" valign=\"middle\">\n<td style=\"border: 1px solid #000000;\">PRACTICA PROFESIONAL I<\/p>\n<p>Programa: <a href=\"https:\/\/iesmarchetti-tuc.infd.edu.ar\/sitio\/wp-content\/uploads\/2019\/03\/1.Programa-Pr\u00e1ctica-profesional.pdf\">2018<\/a><\/p>\n<p>Programa: <a href=\"https:\/\/iesmarchetti-tuc.infd.edu.ar\/sitio\/wp-content\/uploads\/2019\/05\/1.Planificaci\u00f3n-PI-Marchetti-2019.pdf\">2019<\/a><\/td>\n<td style=\"border: 1px solid #000000;\">3-6-7<\/td>\n<td style=\"border: 1px solid #000000;\">85<\/td>\n<td style=\"border: 1px solid #000000;\">128<\/td>\n<\/tr>\n<tr style=\"background-color: #f0efef;\" align=\"center\" valign=\"middle\">\n<td style=\"border: 1px solid #000000;\">HISTORIA POL\u00cdTICA EDUCACIONAL ARGENTINA<\/p>\n<p>Programa: <a href=\"https:\/\/iesmarchetti-tuc.infd.edu.ar\/sitio\/wp-content\/uploads\/2019\/05\/PESM-HistyPolitEducArg-Celiz-2019-.pdf\">2019<\/a><\/td>\n<td style=\"border: 1px solid #000000;\">3<\/td>\n<td style=\"border: 1px solid #000000;\">85<\/td>\n<td style=\"border: 1px solid #000000;\">128<\/td>\n<\/tr>\n<tr style=\"background-color: #f0efef;\" align=\"center\" valign=\"middle\">\n<td style=\"border: 1px solid #000000;\">SOCIOLOG\u00cdA DE LA EDUCACI\u00d3N<\/p>\n<p>Programa: <a href=\"https:\/\/iesmarchetti-tuc.infd.edu.ar\/sitio\/wp-content\/uploads\/2019\/03\/Programa-Sociolog\u00eda-de-la-Educaci\u00f3n.pdf\">2018<\/a><\/p>\n<p>Programa: <a href=\"https:\/\/iesmarchetti-tuc.infd.edu.ar\/sitio\/wp-content\/uploads\/2019\/05\/PROGRAMA-sociolog\u00eda-de-la-educaci\u00f3n-Prof-matem\u00e1tica-2019.pdf\">2019<\/a><\/td>\n<td style=\"border: 1px solid #000000;\">7<\/td>\n<td style=\"border: 1px solid #000000;\">43<\/td>\n<td style=\"border: 1px solid #000000;\">64<\/td>\n<\/tr>\n<tr style=\"background-color: #f0efef;\" align=\"center\" valign=\"middle\">\n<td style=\"border: 1px solid #000000;\">TECNOLOG\u00cdAS DE LA INFORMACI\u00d3N Y DE LA COMUNICACI\u00d3N<\/p>\n<p>Programa: <a href=\"https:\/\/iesmarchetti-tuc.infd.edu.ar\/sitio\/wp-content\/uploads\/2019\/03\/Programa_TICS.pdf\">2018<\/a><\/p>\n<p>Programa: <a href=\"https:\/\/iesmarchetti-tuc.infd.edu.ar\/sitio\/wp-content\/uploads\/2019\/09\/Tecnolog\u00edas-de-la-Informaci\u00f3n-y-de-la-Comunicaci\u00f3n.pdf\">2019<\/a><\/td>\n<td style=\"border: 1px solid #000000;\">6<\/td>\n<td style=\"border: 1px solid #000000;\">64<\/td>\n<td style=\"border: 1px solid #000000;\">96<\/td>\n<\/tr>\n<tr style=\"background-color: #f0efef;\" align=\"center\" valign=\"middle\">\n<td style=\"border: 1px solid #000000;\">SUJETOS DE LA EDUCACI\u00d3N SECUNDARIA<\/td>\n<td style=\"border: 1px solid #000000;\">4-7<\/td>\n<td style=\"border: 1px solid #000000;\">43<\/td>\n<td style=\"border: 1px solid #000000;\">64<\/td>\n<\/tr>\n<tr style=\"background-color: #f0efef;\" align=\"center\" valign=\"middle\">\n<td style=\"border: 1px solid #000000;\">DID\u00c1CTICA DE LA MATEM\u00c1TICA I<\/p>\n<p>Programa: <a href=\"https:\/\/iesmarchetti-tuc.infd.edu.ar\/sitio\/wp-content\/uploads\/2019\/09\/DID\u00c1CTICA-DE-LA-MATEM\u00c1TICA-I.pdf\">2019<\/a><\/td>\n<td style=\"border: 1px solid #000000;\">5-8-9<\/td>\n<td style=\"border: 1px solid #000000;\">85<\/td>\n<td style=\"border: 1px solid #000000;\">128<\/td>\n<\/tr>\n<tr style=\"background-color: #f0efef;\" align=\"center\" valign=\"middle\">\n<td style=\"border: 1px solid #000000;\">\u00c1LGEBRA I<\/p>\n<p>Programa: <a href=\"https:\/\/iesmarchetti-tuc.infd.edu.ar\/sitio\/wp-content\/uploads\/2019\/05\/algebra-I-2019.pdf\">2019<\/a><\/td>\n<td style=\"border: 1px solid #000000;\">8-9<\/td>\n<td style=\"border: 1px solid #000000;\">85<\/td>\n<td style=\"border: 1px solid #000000;\">128<\/td>\n<\/tr>\n<tr style=\"background-color: #f0efef;\" align=\"center\" valign=\"middle\">\n<td style=\"border: 1px solid #000000;\">GEOMETR\u00cdA II<\/p>\n<p>Programa: <a href=\"https:\/\/iesmarchetti-tuc.infd.edu.ar\/sitio\/wp-content\/uploads\/2019\/03\/PROGRAMA-GEOMETRIA-II-2\u00b0-A\u00d1O.pdf\">2018<\/a><\/p>\n<p>Programa: <a href=\"https:\/\/iesmarchetti-tuc.infd.edu.ar\/sitio\/wp-content\/uploads\/2019\/05\/GEOMETRIA-II-PROGRAMA-2019.docx.pdf\">2019<\/a><\/td>\n<td style=\"border: 1px solid #000000;\">8-9<\/td>\n<td style=\"border: 1px solid #000000;\">85<\/td>\n<td style=\"border: 1px solid #000000;\">128<\/td>\n<\/tr>\n<tr style=\"background-color: #f0efef;\" align=\"center\" valign=\"middle\">\n<td style=\"border: 1px solid #000000;\">AN\u00c1LISIS MATEM\u00c1TICO I<\/p>\n<p>Programa: <a href=\"https:\/\/iesmarchetti-tuc.infd.edu.ar\/sitio\/wp-content\/uploads\/2019\/03\/Programa-An\u00e1lisis-Matem\u00e1tico-1.pdf\">2018<\/a><\/p>\n<p>Programa: <a href=\"https:\/\/iesmarchetti-tuc.infd.edu.ar\/sitio\/wp-content\/uploads\/2019\/05\/Programa-An\u00e1lisis-Matem\u00e1tico-I-Marchetti-Segundo.pdf\">2019<\/a><\/td>\n<td style=\"border: 1px solid #000000;\">8-9<\/td>\n<td style=\"border: 1px solid #000000;\">107<\/td>\n<td style=\"border: 1px solid #000000;\">160<\/td>\n<\/tr>\n<tr style=\"background-color: #f0efef;\" align=\"center\" valign=\"middle\">\n<td style=\"border: 1px solid #000000;\">EDI: JUGANDO CON LA MATEM\u00c1TICA<\/p>\n<p>Programa: <a href=\"https:\/\/iesmarchetti-tuc.infd.edu.ar\/sitio\/wp-content\/uploads\/2019\/03\/PLANIFICACION-ANUAL-2018-EDI-Jugando-con-la-Matematica-1.pdf\">2018 <\/a><\/p>\n<p>Programa:\u00a0<a href=\"https:\/\/iesmarchetti-tuc.infd.edu.ar\/sitio\/wp-content\/uploads\/2019\/04\/PROGRAMA-EDI-2019.pdf\">2019<\/a><\/td>\n<td style=\"border: 1px solid #000000;\"><\/td>\n<td style=\"border: 1px solid #000000;\">43<\/td>\n<td style=\"border: 1px solid #000000;\">64<\/td>\n<\/tr>\n<tr style=\"background-color: #f0efef;\" align=\"center\" valign=\"middle\">\n<td style=\"border: 1px solid #000000;\">PR\u00c1CTICA PROFESIONAL II<\/p>\n<p>Programa: <a href=\"https:\/\/iesmarchetti-tuc.infd.edu.ar\/sitio\/wp-content\/uploads\/2019\/09\/Pr\u00e1ctica-Profesional-II.pdf\">2019<\/a><\/td>\n<td style=\"border: 1px solid #000000;\">11<\/td>\n<td style=\"border: 1px solid #000000;\">85<\/td>\n<td style=\"border: 1px solid #000000;\">128<\/td>\n<\/tr>\n<tr style=\"background-color: #f0efef;\" align=\"center\" valign=\"middle\">\n<td style=\"border: 1px solid #000000;\">FILOSOF\u00cdA DE LA EDUCACI\u00d3N<\/p>\n<p>Programa: <a href=\"https:\/\/iesmarchetti-tuc.infd.edu.ar\/sitio\/wp-content\/uploads\/2019\/03\/Programa-Filosof\u00eda-de-la-educaci\u00f3n.pdf\">2018<\/a><\/p>\n<p>Programa: <a href=\"https:\/\/iesmarchetti-tuc.infd.edu.ar\/sitio\/wp-content\/uploads\/2019\/09\/Filosof\u00eda-de-la-Educaci\u00f3n-.pdf\">2019<\/a><\/td>\n<td style=\"border: 1px solid #000000;\">12<\/td>\n<td style=\"border: 1px solid #000000;\">64<\/td>\n<td style=\"border: 1px solid #000000;\">96<\/td>\n<\/tr>\n<tr style=\"background-color: #f0efef;\" align=\"center\" valign=\"middle\">\n<td style=\"border: 1px solid #000000;\">FORMACI\u00d3N \u00c9TICA Y CIUDADANA<\/p>\n<p>Programa: <a href=\"https:\/\/iesmarchetti-tuc.infd.edu.ar\/sitio\/wp-content\/uploads\/2019\/09\/Formaci\u00f3n-\u00c9tica-y-Ciudadana-1.pdf\">2019<\/a><\/td>\n<td style=\"border: 1px solid #000000;\">13<\/td>\n<td style=\"border: 1px solid #000000;\">64<\/td>\n<td style=\"border: 1px solid #000000;\">96<\/td>\n<\/tr>\n<tr style=\"background-color: #f0efef;\" align=\"center\" valign=\"middle\">\n<td style=\"border: 1px solid #000000;\">\u00c1LGEBRA II<\/p>\n<p>Programa: <a href=\"https:\/\/iesmarchetti-tuc.infd.edu.ar\/sitio\/wp-content\/uploads\/2019\/03\/PROGRAMA-DE-ALGEBRA-II-3ER-A\u00d1O.pdf\">2018<\/a><\/p>\n<p>Programa: <a href=\"https:\/\/iesmarchetti-tuc.infd.edu.ar\/sitio\/wp-content\/uploads\/2019\/05\/ALGEBRA-II.pdf\">2019<\/a><\/td>\n<td style=\"border: 1px solid #000000;\">17-18-19<\/td>\n<td style=\"border: 1px solid #000000;\">64<\/td>\n<td style=\"border: 1px solid #000000;\">96<\/td>\n<\/tr>\n<tr style=\"background-color: #f0efef;\" align=\"center\" valign=\"middle\">\n<td style=\"border: 1px solid #000000;\">AN\u00c1LISIS MATEM\u00c1TICO II<\/p>\n<p>Programa: <a href=\"https:\/\/iesmarchetti-tuc.infd.edu.ar\/sitio\/wp-content\/uploads\/2019\/03\/programa_analisis_matematico_II.pdf\">2018<\/a><\/p>\n<p>Programa: <a href=\"https:\/\/iesmarchetti-tuc.infd.edu.ar\/sitio\/wp-content\/uploads\/2019\/09\/programa_analisis_matematico_II_2019.pdf\">2019<\/a><\/td>\n<td style=\"border: 1px solid #000000;\">17-18-19<\/td>\n<td style=\"border: 1px solid #000000;\">64<\/td>\n<td style=\"border: 1px solid #000000;\">96<\/td>\n<\/tr>\n<tr style=\"background-color: #f0efef;\" align=\"center\" valign=\"middle\">\n<td style=\"border: 1px solid #000000;\">PROBABILIDADES Y ESTAD\u00cdSTICAS I<\/p>\n<p>Programa: <a href=\"https:\/\/iesmarchetti-tuc.infd.edu.ar\/sitio\/wp-content\/uploads\/2019\/04\/probabilidades-y-estadistica-I-2019.pdf\">2019<\/a><\/td>\n<td style=\"border: 1px solid #000000;\">17-19<\/td>\n<td style=\"border: 1px solid #000000;\">64<\/td>\n<td style=\"border: 1px solid #000000;\">96<\/td>\n<\/tr>\n<tr style=\"background-color: #f0efef;\" align=\"center\" valign=\"middle\">\n<td style=\"border: 1px solid #000000;\">PRODUCCI\u00d3N DE RECURSOS DID\u00c1CTICOS Y DIGITALES PARA LA ENSE\u00d1ANZA<\/p>\n<p>Programa: <a href=\"https:\/\/iesmarchetti-tuc.infd.edu.ar\/sitio\/wp-content\/uploads\/2019\/05\/Programa-PRODUCCI\u00d3N-DE-RECURSOS-DID\u00c1CTICOS-Y-DIGITALES-PARA-LA-ENSE\u00d1ANZA-Tercero-2019.pdf\">2019<\/a><\/td>\n<td style=\"border: 1px solid #000000;\">14<\/td>\n<td style=\"border: 1px solid #000000;\">43<\/td>\n<td style=\"border: 1px solid #000000;\">64<\/td>\n<\/tr>\n<tr style=\"background-color: #f0efef;\" align=\"center\" valign=\"middle\">\n<td style=\"border: 1px solid #000000;\">DID\u00c1CTICA DE LA MATEM\u00c1TICA II<\/p>\n<p>Programa: <a href=\"https:\/\/iesmarchetti-tuc.infd.edu.ar\/sitio\/wp-content\/uploads\/2019\/03\/PLANIF.-DID\u00c1CTICA-DE-LA-MATEM\u00c1TICA-II.pdf\">2018<\/a><\/p>\n<p>Programa: <a href=\"https:\/\/iesmarchetti-tuc.infd.edu.ar\/sitio\/wp-content\/uploads\/2019\/09\/3er-a\u00f1o-2019-PROGRAMA-DIDACTICA-II-IES-MARCHETTI.pdf\">2019<\/a><\/td>\n<td style=\"border: 1px solid #000000;\">16-17-18-19<\/td>\n<td style=\"border: 1px solid #000000;\">64<\/td>\n<td style=\"border: 1px solid #000000;\">96<\/td>\n<\/tr>\n<tr style=\"background-color: #f0efef;\" align=\"center\" valign=\"middle\">\n<td style=\"border: 1px solid #000000;\">EDI: MODELIZACI\u00d3N MATEM\u00c1TICA<\/p>\n<p>Programa: <a href=\"https:\/\/iesmarchetti-tuc.infd.edu.ar\/sitio\/wp-content\/uploads\/2019\/03\/PROGRAMA-EDI-MODELIZACION-MATEMATICA-3\u00b0-A\u00d1O.pdf\">2018<\/a><\/p>\n<p>Programa: <a href=\"https:\/\/iesmarchetti-tuc.infd.edu.ar\/sitio\/wp-content\/uploads\/2019\/05\/EDI-MODELIZACION-MATEMATICA-PROGRAMA-2019.docx.pdf\">2019<\/a><\/td>\n<td style=\"border: 1px solid #000000;\"><\/td>\n<td style=\"border: 1px solid #000000;\">64<\/td>\n<td style=\"border: 1px solid #000000;\">96<\/td>\n<\/tr>\n<tr style=\"background-color: #f0efef;\" align=\"center\" valign=\"middle\">\n<td style=\"border: 1px solid #000000;\">PRACTICA PROFESIONAL III. EN EL CICLO B\u00c1SICO DE NIVEL SECUNDARIO<\/p>\n<p>Programa: <a href=\"https:\/\/iesmarchetti-tuc.infd.edu.ar\/sitio\/wp-content\/uploads\/2019\/03\/programa-Pr\u00e1ctica-III.pdf\">2018<\/a><\/p>\n<p>Programa: <a href=\"https:\/\/iesmarchetti-tuc.infd.edu.ar\/sitio\/wp-content\/uploads\/2019\/05\/programa-19-1.docx.pdf\">2019<\/a><\/td>\n<td style=\"border: 1px solid #000000;\">16-21<\/td>\n<td style=\"border: 1px solid #000000;\">171<\/td>\n<td style=\"border: 1px solid #000000;\">256<\/td>\n<\/tr>\n<tr style=\"background-color: #f0efef;\" align=\"center\" valign=\"middle\">\n<td style=\"border: 1px solid #000000;\">EDUCACI\u00d3N SEXUAL INTEGRAL<\/td>\n<td style=\"border: 1px solid #000000;\">15<\/td>\n<td style=\"border: 1px solid #000000;\">43<\/td>\n<td style=\"border: 1px solid #000000;\">64<\/td>\n<\/tr>\n<tr style=\"background-color: #f0efef;\" align=\"center\" valign=\"middle\">\n<td style=\"border: 1px solid #000000;\">EDI: TALLER DE RESOLUCI\u00d3N DE PROBLEMAS<\/p>\n<p>Programa: <a href=\"https:\/\/iesmarchetti-tuc.infd.edu.ar\/sitio\/wp-content\/uploads\/2019\/03\/Planif.-EDI-Taller-de-Resoluci\u00f3n-de-problemas.pdf\">2018<\/a><\/p>\n<p>Programa: <a href=\"https:\/\/iesmarchetti-tuc.infd.edu.ar\/sitio\/wp-content\/uploads\/2019\/05\/EDI-Taller-de-Resoluci\u00f3n-de-Problemas.docx.pdf\">2019<\/a><\/td>\n<td style=\"border: 1px solid #000000;\"><\/td>\n<td style=\"border: 1px solid #000000;\">43<\/td>\n<td style=\"border: 1px solid #000000;\">64<\/td>\n<\/tr>\n<tr style=\"background-color: #f0efef;\" align=\"center\" valign=\"middle\">\n<td style=\"border: 1px solid #000000;\">TRANSFORMACIONES GEOM\u00c9TRICAS<\/p>\n<p>Programa: <a href=\"https:\/\/iesmarchetti-tuc.infd.edu.ar\/sitio\/wp-content\/uploads\/2019\/09\/TRANSFORMACIONES-GEOMETRICAS.pdf\">2019<\/a><\/td>\n<td style=\"border: 1px solid #000000;\">24-25<\/td>\n<td style=\"border: 1px solid #000000;\">64<\/td>\n<td style=\"border: 1px solid #000000;\">96<\/td>\n<\/tr>\n<tr style=\"background-color: #f0efef;\" align=\"center\" valign=\"middle\">\n<td style=\"border: 1px solid #000000;\">PROBABILIDADES Y ESTAD\u00cdSTICAS II<\/p>\n<p>Programa:<a href=\"https:\/\/iesmarchetti-tuc.infd.edu.ar\/sitio\/wp-content\/uploads\/2019\/04\/PROGRAMA-Probabilidad-y-Estadistica-II-2019.pdf\">\u00a02019<\/a><\/td>\n<td style=\"border: 1px solid #000000;\">24-25-26<\/td>\n<td style=\"border: 1px solid #000000;\">64<\/td>\n<td style=\"border: 1px solid #000000;\">96<\/td>\n<\/tr>\n<tr style=\"background-color: #f0efef;\" align=\"center\" valign=\"middle\">\n<td style=\"border: 1px solid #000000;\">DID\u00c1CTICAS DE LA MATEM\u00c1TICA III<\/p>\n<p>Programa: <a href=\"https:\/\/iesmarchetti-tuc.infd.edu.ar\/sitio\/wp-content\/uploads\/2019\/03\/Progr.-Did\u00e1ctica-de-la-Matem\u00e1tica-III.pdf\">2018<\/a><\/p>\n<p>Programa: <a href=\"https:\/\/iesmarchetti-tuc.infd.edu.ar\/sitio\/wp-content\/uploads\/2019\/05\/programa-de-didactica-2019.pdf\">2019<\/a><\/td>\n<td style=\"border: 1px solid #000000;\">24-25-26-28<\/td>\n<td style=\"border: 1px solid #000000;\">85<\/td>\n<td style=\"border: 1px solid #000000;\">128<\/td>\n<\/tr>\n<tr style=\"background-color: #f0efef;\" align=\"center\" valign=\"middle\">\n<td style=\"border: 1px solid #000000;\">HISTORIA Y EPISTEMOLOGIA DE LA MATEM\u00c1TICA<\/p>\n<p>Programa: <a href=\"https:\/\/iesmarchetti-tuc.infd.edu.ar\/sitio\/wp-content\/uploads\/2019\/09\/Historia-y-Fundamentos-Epistemol\u00f3gicos-de-la-Matem\u00e1tica.pdf\">2019<\/a><\/td>\n<td style=\"border: 1px solid #000000;\">24-25-28<\/td>\n<td style=\"border: 1px solid #000000;\">85<\/td>\n<td style=\"border: 1px solid #000000;\">128<\/td>\n<\/tr>\n<tr style=\"background-color: #f0efef;\" align=\"center\" valign=\"middle\">\n<td style=\"border: 1px solid #000000;\">AN\u00c1LISIS EN VARIAS VARIABLES<\/p>\n<p>Programa: <a href=\"https:\/\/iesmarchetti-tuc.infd.edu.ar\/sitio\/wp-content\/uploads\/2019\/03\/programa_analisis_varias_variables.pdf\">2018<\/a><\/p>\n<p>Programa: <a href=\"https:\/\/iesmarchetti-tuc.infd.edu.ar\/sitio\/wp-content\/uploads\/2019\/09\/An\u00e1lisis-de-varias-variables.pdf\">2019<\/a><\/td>\n<td style=\"border: 1px solid #000000;\">24-25<\/td>\n<td style=\"border: 1px solid #000000;\">85<\/td>\n<td style=\"border: 1px solid #000000;\">128<\/td>\n<\/tr>\n<tr style=\"background-color: #f0efef;\" align=\"center\" valign=\"middle\">\n<td style=\"border: 1px solid #000000;\">EDI: SEMINARIO DE MATEM\u00c1TICA APLICADA<\/p>\n<p>Programa: <a href=\"https:\/\/iesmarchetti-tuc.infd.edu.ar\/sitio\/wp-content\/uploads\/2019\/09\/EDI-Seminario-de-la-Matem\u00e1tica-Aplicada.pdf\">2019<\/a><\/td>\n<td style=\"border: 1px solid #000000;\"><\/td>\n<td style=\"border: 1px solid #000000;\">43<\/td>\n<td style=\"border: 1px solid #000000;\">64<\/td>\n<\/tr>\n<tr style=\"background-color: #f0efef;\" align=\"center\" valign=\"middle\">\n<td style=\"border: 1px solid #000000;\">PRACTICA PROFESIONAL IV Y RESIDENCIA DOCENTE EN EL CICLO ORIENTADO DEL NIVEL SECUNDARIO<\/p>\n<p>Programa: <a href=\"https:\/\/iesmarchetti-tuc.infd.edu.ar\/sitio\/wp-content\/uploads\/2019\/09\/Pr\u00e1ctica-Profesional-IV.docx.pdf\">2019<\/a><\/p>\n<p>Programa:\u00a0<a href=\"https:\/\/iesmarchetti-tuc.infd.edu.ar\/sitio\/wp-content\/uploads\/2019\/03\/Programa-Pr\u00e1ctica-IV.pdf\">2018<\/a><\/td>\n<td style=\"border: 1px solid #000000;\">30-28<\/td>\n<td style=\"border: 1px solid #000000;\">171<\/td>\n<td style=\"border: 1px solid #000000;\">256<\/td>\n<\/tr>\n<\/tbody>\n<\/table>\n<p><span style=\"color: #506b23; font-size: 12pt;\">\u00a0<\/span><\/p>\n<p><span style=\"color: #506b23; font-size: 12pt;\">\u00a0<\/span><\/p>\n","protected":false},"excerpt":{"rendered":"<p>Profesorado en Matem\u00e1ticas Plan de estudios \u00a0aqu\u00ed Sistema de correlativas\u00a0aqu\u00ed IMPORTANTE: PARA EL EJE DE LA PR\u00c1CTICA APLICA LA \u00a0Disposici\u00f3n N\u00b0 02-21 DESyA \u00a0\u00a0\u00a0\u00a0\u00a0\u00a0\u00a0\u00a0\u00a0\u00a0\u00a0\u00a0\u00a0\u00a0\u00a0\u00a0\u00a0\u00a0 MATERIAS CORRELATIVAS HORAS C\u00c1TEDRAS PEDAGOG\u00cdA Programa: 2019 64 96 PSICOLOG\u00cdA EDUCACIONAL Programa: 2018 Programa: 2019 64 96 DID\u00c1CTICA GENERAL Programa: 2019 64 96 LECTURA, ESCRITURA Y ORALIDAD 64 96 PROBLEM\u00c1TICA DE &#8230; <a title=\"Profesorado Matem\u00e1tica\" class=\"read-more\" href=\"https:\/\/iesmarchetti-tuc.infd.edu.ar\/sitio\/profesorado-matematica\/\" aria-label=\"More on Profesorado Matem\u00e1tica\">[+]<\/a><\/p>\n","protected":false},"author":7,"featured_media":0,"parent":0,"menu_order":0,"comment_status":"closed","ping_status":"closed","template":"","meta":[],"acf":[],"_links":{"self":[{"href":"https:\/\/iesmarchetti-tuc.infd.edu.ar\/sitio\/wp-json\/wp\/v2\/pages\/1270"}],"collection":[{"href":"https:\/\/iesmarchetti-tuc.infd.edu.ar\/sitio\/wp-json\/wp\/v2\/pages"}],"about":[{"href":"https:\/\/iesmarchetti-tuc.infd.edu.ar\/sitio\/wp-json\/wp\/v2\/types\/page"}],"author":[{"embeddable":true,"href":"https:\/\/iesmarchetti-tuc.infd.edu.ar\/sitio\/wp-json\/wp\/v2\/users\/7"}],"replies":[{"embeddable":true,"href":"https:\/\/iesmarchetti-tuc.infd.edu.ar\/sitio\/wp-json\/wp\/v2\/comments?post=1270"}],"version-history":[{"count":23,"href":"https:\/\/iesmarchetti-tuc.infd.edu.ar\/sitio\/wp-json\/wp\/v2\/pages\/1270\/revisions"}],"predecessor-version":[{"id":4402,"href":"https:\/\/iesmarchetti-tuc.infd.edu.ar\/sitio\/wp-json\/wp\/v2\/pages\/1270\/revisions\/4402"}],"wp:attachment":[{"href":"https:\/\/iesmarchetti-tuc.infd.edu.ar\/sitio\/wp-json\/wp\/v2\/media?parent=1270"}],"curies":[{"name":"wp","href":"https:\/\/api.w.org\/{rel}","templated":true}]}}