{"id":1268,"date":"2018-06-29T19:05:19","date_gmt":"2018-06-29T22:05:19","guid":{"rendered":"https:\/\/iesmarchetti-tuc.infd.edu.ar\/sitio\/profesorado-lengua-y-literatura\/"},"modified":"2021-12-22T20:15:06","modified_gmt":"2021-12-22T23:15:06","slug":"profesorado-lengua-y-literatura","status":"publish","type":"page","link":"https:\/\/iesmarchetti-tuc.infd.edu.ar\/sitio\/profesorado-lengua-y-literatura\/","title":{"rendered":"Profesorado Lengua y Literatura"},"content":{"rendered":"<h1 style=\"text-align: center;\"><\/h1>\n<p><span style=\"font-size: 12pt;\">Plan de estudios\u00a0<a title=\"Profesorado Ed.Secundaria Lengua\" href=\"upload\/Disen_o_Curricular_Lengua_y_Literatura-.pdf\" target=\"_blank\" rel=\"noopener\">aqu\u00ed<\/a><\/span><\/p>\n<p><span style=\"font-size: 12pt;\">Sistema de correlativas\u00a0<a title=\"Profesorado Ed.Secundaria Lengua\" href=\"upload\/Disp._160_-_Correl_Prof_de_Educacion_Secund_Lengua.pdf\" target=\"_blank\" rel=\"noopener\">\u00a0aqu\u00ed<\/a><\/span><\/p>\n<h2>IMPORTANTE: PARA EL EJE DE LA PR\u00c1CTICA APLICA LA \u00a0<a href=\"https:\/\/iesmarchetti-tuc.infd.edu.ar\/sitio\/wp-content\/uploads\/2021\/12\/Disposicion-N\u00b0-02-21-DESyA.pdf\">Disposici\u00f3n N\u00b0 02-21 DESyA<\/a><\/h2>\n<h2>PROGRAMAS DE MATERIAS:<\/h2>\n<p>Pedagog\u00eda<\/p>\n<ul>\n<li>Programa: <a href=\"https:\/\/iesmarchetti-tuc.infd.edu.ar\/sitio\/wp-content\/uploads\/2019\/03\/PROGRAMA-PEDAGOGIA.pdf\">2018<\/a><\/li>\n<\/ul>\n<p>Did\u00e1ctica General<\/p>\n<p>Psicolog\u00eda Educacional<\/p>\n<ul>\n<li>Programa: <a href=\"https:\/\/iesmarchetti-tuc.infd.edu.ar\/sitio\/wp-content\/uploads\/2019\/03\/PLANIFICACI\u00d3N-PSICOLOG\u00cdA-EDUCAIONAL.pdf\">2018<\/a><\/li>\n<li>Programa: <a href=\"https:\/\/iesmarchetti-tuc.infd.edu.ar\/sitio\/wp-content\/uploads\/2019\/05\/PROGRAMA-2019.-Prof.-Lengua.pdf\">2019<\/a><\/li>\n<\/ul>\n<p>Lectura, Escritura y Oralidad<\/p>\n<ul>\n<li>Programa: <a href=\"https:\/\/iesmarchetti-tuc.infd.edu.ar\/sitio\/wp-content\/uploads\/2019\/03\/Planif.-LEO.pdf\">2018<\/a><\/li>\n<li>Programa: <a href=\"https:\/\/iesmarchetti-tuc.infd.edu.ar\/sitio\/wp-content\/uploads\/2019\/05\/PROGRAMA-LEO2019.pdf\">2019<\/a><\/li>\n<\/ul>\n<p>EDI<\/p>\n<ul>\n<li>Programa: <a href=\"https:\/\/iesmarchetti-tuc.infd.edu.ar\/sitio\/wp-content\/uploads\/2019\/03\/Progr.-Historia-General-del-Arte-y-la-Cultura.pdf\">2018<\/a><\/li>\n<li>Programa: <a href=\"https:\/\/iesmarchetti-tuc.infd.edu.ar\/sitio\/wp-content\/uploads\/2019\/09\/EDI-FG-HISTORIA-GENERAL-DEL-ARTE-Y-LA-CULTURA.pdf\">2019<\/a><\/li>\n<\/ul>\n<p>Problem\u00e1tica de la Educaci\u00f3n Secundaria<\/p>\n<ul>\n<li>Programa: <a href=\"https:\/\/iesmarchetti-tuc.infd.edu.ar\/sitio\/wp-content\/uploads\/2019\/05\/PROGRAMA-Problem\u00e1tica-de-la-Educaci\u00f3n-Secundaria-2019.pdf\">2019<\/a><\/li>\n<\/ul>\n<p>Introducci\u00f3n a las Ciencias del Lenguaje<\/p>\n<ul>\n<li>Programa: <a href=\"https:\/\/iesmarchetti-tuc.infd.edu.ar\/sitio\/wp-content\/uploads\/2019\/05\/PROGRAMA-INTR.CS_.DEL-LENGUAJE-2019.pdf\">2019<\/a><\/li>\n<\/ul>\n<p>Introducci\u00f3n a los estudios literarios<\/p>\n<ul>\n<li>Programa: <a href=\"https:\/\/iesmarchetti-tuc.infd.edu.ar\/sitio\/wp-content\/uploads\/2019\/03\/Progr.-Introducci\u00f3n-a-los-Estudios-Literarios.pdf\">2018<\/a><\/li>\n<li>Programa: <a href=\"https:\/\/iesmarchetti-tuc.infd.edu.ar\/sitio\/wp-content\/uploads\/2019\/09\/INTRODUCCI\u00d3N-A-LOS-ESTUDIOS-LITERARIOS.pdf\">2019<\/a><\/li>\n<\/ul>\n<p>Gram\u00e1tica Normativa y gram\u00e1ticas socioculturales I<\/p>\n<ul>\n<li>Programa: <a href=\"https:\/\/iesmarchetti-tuc.infd.edu.ar\/sitio\/wp-content\/uploads\/2019\/05\/PROGRAMA-GRAMATICA-2019.pdf\">2019<\/a><\/li>\n<\/ul>\n<p>Pr\u00e1ctica Profesional I<\/p>\n<ul>\n<li>Programa: <a href=\"https:\/\/iesmarchetti-tuc.infd.edu.ar\/sitio\/wp-content\/uploads\/2019\/05\/PROGRAMA-PRACTICA-I-2019.pdf\">2019<\/a><\/li>\n<\/ul>\n<p>Historia y Pol\u00edtica Educacional Argentina<\/p>\n<ul>\n<li>Programa: <a href=\"https:\/\/iesmarchetti-tuc.infd.edu.ar\/sitio\/wp-content\/uploads\/2019\/03\/Progr.-Historia-y-Pol\u00edtica-Educaconal-Argentina.pdf\">2018<\/a><\/li>\n<li>Programa: <a href=\"https:\/\/iesmarchetti-tuc.infd.edu.ar\/sitio\/wp-content\/uploads\/2019\/05\/PESLyL-HistyPolitEducArg-Celiz-2019.pdf\">2019<\/a><\/li>\n<\/ul>\n<p>Sociolog\u00eda de la Educaci\u00f3n<\/p>\n<p>Tecnolog\u00edas de la informaci\u00f3n y la comunicaci\u00f3n<\/p>\n<p>Did\u00e1ctica de la Lengua y la Literatura I<\/p>\n<ul>\n<li>Programas: <a href=\"https:\/\/iesmarchetti-tuc.infd.edu.ar\/sitio\/wp-content\/uploads\/2019\/03\/Progr.-Did\u00e1ctica-de-la-Lengua-y-la-Literatura-I.pdf\">2018<\/a><\/li>\n<li>Programas: <a href=\"https:\/\/iesmarchetti-tuc.infd.edu.ar\/sitio\/wp-content\/uploads\/2019\/09\/DID\u00c1CTICA-DE-LA-LENGUA-Y-LITERATURA-II-1.pdf\">2019<\/a><\/li>\n<\/ul>\n<p>Sujetos de la Educaci\u00f3n Secundaria<\/p>\n<p>Ciencias del Lenguaje<\/p>\n<ul>\n<li>Programa: <a href=\"https:\/\/iesmarchetti-tuc.infd.edu.ar\/sitio\/wp-content\/uploads\/2019\/03\/Progr.-Ciencias-del-Lenguaje.pdf\">2018<\/a><\/li>\n<li>Programa: <a href=\"https:\/\/iesmarchetti-tuc.infd.edu.ar\/sitio\/wp-content\/uploads\/2019\/05\/Ciencias-del-Lenguaje-2019-1.pdf\">2019<\/a><\/li>\n<\/ul>\n<p>Literatura Argentina I<\/p>\n<p>Literatura latinoamericana I<\/p>\n<ul>\n<li>Programa: <a href=\"https:\/\/iesmarchetti-tuc.infd.edu.ar\/sitio\/wp-content\/uploads\/2019\/03\/PROGRAMA-DE-LITERATURA-LATINOAMERICANA-I.pdf\">2018<\/a><\/li>\n<li>Programa: <a href=\"https:\/\/iesmarchetti-tuc.infd.edu.ar\/sitio\/wp-content\/uploads\/2019\/05\/PROGRAMA-ANUAL-lit-latinoam-1.pdf\">2019<\/a><\/li>\n<\/ul>\n<p>Gram\u00e1tica Normativa y gram\u00e1ticas socioculturales II<\/p>\n<ul>\n<li>Programa: <a href=\"https:\/\/iesmarchetti-tuc.infd.edu.ar\/sitio\/wp-content\/uploads\/2019\/03\/Progr.-Gram\u00e1tica-Normativa-y-Gram\u00e1ticas-Socioculturales-II.pdf\">2018<\/a><\/li>\n<\/ul>\n<p>Pr\u00e1ctica Profesional II<\/p>\n<ul>\n<li>Programa: <a href=\"https:\/\/iesmarchetti-tuc.infd.edu.ar\/sitio\/wp-content\/uploads\/2019\/03\/Progr.-Pr\u00e1ctica-Profesional-II.pdf\">2018<\/a><\/li>\n<li>Programa: <a href=\"https:\/\/iesmarchetti-tuc.infd.edu.ar\/sitio\/wp-content\/uploads\/2019\/05\/PR\u00c1CTICA-PROFESIONAL-II-PROGRAMA-2019.pdf\">2019<\/a><\/li>\n<\/ul>\n<p>Filosof\u00eda de la Educaci\u00f3n<\/p>\n<ul>\n<li>Programa: <a href=\"https:\/\/iesmarchetti-tuc.infd.edu.ar\/sitio\/wp-content\/uploads\/2019\/03\/Progr.-Filosof\u00eda-de-la-Educaci\u00f3n.pdf\">2018<\/a><\/li>\n<li>Programa: <a href=\"https:\/\/iesmarchetti-tuc.infd.edu.ar\/sitio\/wp-content\/uploads\/2019\/09\/Instituto-de-Ense\u00f1anza-Superior-MARCHETTI.pdf\">2019<\/a><\/li>\n<\/ul>\n<p>Formaci\u00f3n \u00c9tica y Ciudadana<\/p>\n<ul>\n<li>Programa: <a href=\"https:\/\/iesmarchetti-tuc.infd.edu.ar\/sitio\/wp-content\/uploads\/2019\/09\/Formaci\u00f3n-Etica-y-Ciudadana.pdf\">2019<\/a><\/li>\n<\/ul>\n<p>Did\u00e1ctica de la Lengua y la Literatura II<\/p>\n<ul>\n<li>Programa: <a href=\"https:\/\/iesmarchetti-tuc.infd.edu.ar\/sitio\/wp-content\/uploads\/2019\/03\/Progr.-Did\u00e1ctica-de-la-Lengua-y-la-Literatura-II.pdf\">2018<\/a><\/li>\n<li>Programa: <a href=\"https:\/\/iesmarchetti-tuc.infd.edu.ar\/sitio\/wp-content\/uploads\/2019\/05\/Did\u00e1ctica-de-la-lengua-y-la-literatura-II.pdf\">2019<\/a><\/li>\n<\/ul>\n<p>Producci\u00f3n de recursos did\u00e1cticos y digitales para la Ense\u00f1anza<\/p>\n<p>Literatura Argentina II<\/p>\n<ul>\n<li>Programa: <a href=\"https:\/\/iesmarchetti-tuc.infd.edu.ar\/sitio\/wp-content\/uploads\/2019\/03\/PROGRAMA-DE-LITERATURA-ARGENTINA-II.pdf\">2018<\/a><\/li>\n<li>Programa: <a href=\"https:\/\/iesmarchetti-tuc.infd.edu.ar\/sitio\/wp-content\/uploads\/2019\/05\/PROGRAMA-ANUAL-de-\u00d1IT-ARG-II-.pdf\">2019<\/a><\/li>\n<\/ul>\n<p>Literatura Latinoamericana II<\/p>\n<ul>\n<li>Programa: <a href=\"https:\/\/iesmarchetti-tuc.infd.edu.ar\/sitio\/wp-content\/uploads\/2019\/05\/Planificaci\u00f3n-Marchetti-Central-1.pdf\">2019<\/a><\/li>\n<\/ul>\n<p>EDI<\/p>\n<p>Interculturalidad<\/p>\n<ul>\n<li>Programa:<a href=\"https:\/\/iesmarchetti-tuc.infd.edu.ar\/sitio\/wp-content\/uploads\/2019\/05\/PROGRAMA-INTERCULTURALIDAD-2.pdf\">2019<\/a><\/li>\n<\/ul>\n<p>An\u00e1lisis del discurso<\/p>\n<ul>\n<li>Programa: <a href=\"https:\/\/iesmarchetti-tuc.infd.edu.ar\/sitio\/wp-content\/uploads\/2019\/03\/PROGRAMA-Analisis-del-Discurso.pdf\">2018<\/a><\/li>\n<li>Programa: <a href=\"https:\/\/iesmarchetti-tuc.infd.edu.ar\/sitio\/wp-content\/uploads\/2019\/05\/PROGRAMA-ANUAL-analisis-del-discurso.pdf\">2019<\/a><\/li>\n<\/ul>\n<p>Pr\u00e1cticas discursivas, cultura e identidad<\/p>\n<ul>\n<li>Programa: <a href=\"https:\/\/iesmarchetti-tuc.infd.edu.ar\/sitio\/wp-content\/uploads\/2019\/03\/Progr.-Pr\u00e1cticas-discursivas-Cultura-e-Identidad.pdf\">2018<\/a><\/li>\n<\/ul>\n<p>Literatura y culturas cl\u00e1sicas<\/p>\n<ul>\n<li>Programa: <a href=\"https:\/\/iesmarchetti-tuc.infd.edu.ar\/sitio\/wp-content\/uploads\/2019\/05\/PROGRAMA-LITER.-Y-C.-CL\u00c1SICA-2019.pdf\">2019<\/a><\/li>\n<\/ul>\n<p>Pr\u00e1ctica Profesional III en el Ciclo B\u00e1sico del Nivel Secundario<\/p>\n<ul>\n<li>Programa: <a href=\"https:\/\/iesmarchetti-tuc.infd.edu.ar\/sitio\/wp-content\/uploads\/2019\/03\/PROGRAMA-Pr\u00e1ctica-Profesional-III.pdf\">2018<\/a><\/li>\n<li>Programa: <a href=\"https:\/\/iesmarchetti-tuc.infd.edu.ar\/sitio\/wp-content\/uploads\/2019\/05\/PROGRAMA-Pr\u00e1ctica-Profesional-III-2019.pdf\">2019<\/a><\/li>\n<\/ul>\n<p>Educaci\u00f3n Sexual Integral<\/p>\n<ul>\n<li>Programa: <a href=\"https:\/\/iesmarchetti-tuc.infd.edu.ar\/sitio\/wp-content\/uploads\/2019\/03\/PROGR.-EDUCACION-SEXUAL-INTEGRAL.pdf\">2018<\/a><\/li>\n<li>Programa: <a href=\"https:\/\/iesmarchetti-tuc.infd.edu.ar\/sitio\/wp-content\/uploads\/2019\/05\/PROF.-EDUCACION-SECUNDARIA-EN-LENGUA-Y-LITERATURA-EDUCACION-SEXUAL-INTEGRAL-2019-PROF.-ALBARRAC\u00cdN.pdf\">2019<\/a><\/li>\n<\/ul>\n<p>EDI: Taller de lectura y escritura creativa<\/p>\n<ul>\n<li>Programa: <a href=\"https:\/\/iesmarchetti-tuc.infd.edu.ar\/sitio\/wp-content\/uploads\/2019\/09\/EDI-Taller-de-lectura-y-escritura-creativa-1.pdf\">2019<\/a><\/li>\n<\/ul>\n<p>Did\u00e1ctica de la Lengua y la Literatura III<\/p>\n<ul>\n<li>Programa: <a href=\"https:\/\/iesmarchetti-tuc.infd.edu.ar\/sitio\/wp-content\/uploads\/2019\/05\/Did\u00e1ctica-de-la-Lengua-y-la-Literatura-III.docx.pdf\">2019<\/a><\/li>\n<\/ul>\n<p>Teor\u00eda y an\u00e1lisis literarios y culturales<\/p>\n<ul>\n<li>Programa: <a href=\"https:\/\/iesmarchetti-tuc.infd.edu.ar\/sitio\/wp-content\/uploads\/2019\/03\/Progr.-Teor\u00eda-y-An\u00e1lisis-Literarios.pdf\">2018<\/a><\/li>\n<li>Programa: <a href=\"https:\/\/iesmarchetti-tuc.infd.edu.ar\/sitio\/wp-content\/uploads\/2019\/05\/Teor\u00eda-y-An\u00e1lisis-Literarios-programa-1.pdf\">2019<\/a><\/li>\n<\/ul>\n<p>Literaturas del NOA<\/p>\n<ul>\n<li>Programa: <a href=\"https:\/\/iesmarchetti-tuc.infd.edu.ar\/sitio\/wp-content\/uploads\/2019\/03\/PROGRAMA-LITERATURAS-DEL-NOA.pdf\">2018<\/a><\/li>\n<li>Programa: <a href=\"https:\/\/iesmarchetti-tuc.infd.edu.ar\/sitio\/wp-content\/uploads\/2019\/05\/LITERATURAS-DEL-NOA-PROGRAMA-CON-FORMATO-2019.pdf\">2019<\/a><\/li>\n<\/ul>\n<p>Lenguas y culturas de los pueblos originarios<\/p>\n<ul>\n<li>Programa: <a href=\"https:\/\/iesmarchetti-tuc.infd.edu.ar\/sitio\/wp-content\/uploads\/2019\/03\/Programa-de-Lenguas-y-Culturas-de-los-pueblos-originarios.pdf\">2018<\/a><\/li>\n<li>Programa: <a href=\"https:\/\/iesmarchetti-tuc.infd.edu.ar\/sitio\/wp-content\/uploads\/2019\/09\/Lenguas-y-culturas-de-los-Pueblos-originarios.pdf\">2019<\/a><\/li>\n<\/ul>\n<p>Literatura infantojuvenil<\/p>\n<ul>\n<li>Programa: <a href=\"https:\/\/iesmarchetti-tuc.infd.edu.ar\/sitio\/wp-content\/uploads\/2019\/03\/PROGRAMA-LITERATURA-INFANTO-JUVENIL.pdf\">2018<\/a><\/li>\n<li>Programa: <a href=\"https:\/\/iesmarchetti-tuc.infd.edu.ar\/sitio\/wp-content\/uploads\/2019\/09\/Literatura-Infanto-Juvenil.pdf\">2019<\/a><\/li>\n<\/ul>\n<p>EDI M\u00e9todos alternativos de resoluci\u00f3n de conflictos<\/p>\n<ul>\n<li>Programa: <a href=\"https:\/\/iesmarchetti-tuc.infd.edu.ar\/sitio\/wp-content\/uploads\/2019\/03\/Programa-EDI-Taller-de-Lectura-y-Escritura-Creativa.pdf\">2018<\/a><\/li>\n<li>Programa: <a href=\"https:\/\/iesmarchetti-tuc.infd.edu.ar\/sitio\/wp-content\/uploads\/2019\/05\/EDI-METODOS-ALTERNATIVOS-DE-RESOLUCION-DE-PROBLEMAS.pdf\">2019<\/a><\/li>\n<\/ul>\n<p>Literaturas extranjeras (espa\u00f1ola, inglesa, francesa)<\/p>\n<ul>\n<li>Programa: <a href=\"https:\/\/iesmarchetti-tuc.infd.edu.ar\/sitio\/wp-content\/uploads\/2019\/03\/Planif.-Literatura-Espa\u00f1ola.pdf\">2018<\/a><\/li>\n<li>Programa: <a href=\"https:\/\/iesmarchetti-tuc.infd.edu.ar\/sitio\/wp-content\/uploads\/2019\/05\/LITERATURA-ESPA\u00d1OLA.docx.pdf\">2019<\/a><\/li>\n<\/ul>\n<p>Pr\u00e1ctica Profesional IV y Residencia Docente en el Ciclo Orientado del Nivel Secundario<\/p>\n<ul>\n<li>Programa: <a href=\"https:\/\/iesmarchetti-tuc.infd.edu.ar\/sitio\/wp-content\/uploads\/2019\/03\/PROGRAMA-Pr\u00e1ctica-Profesional-IV.pdf\">2018<\/a><\/li>\n<li>Programa: <a href=\"https:\/\/iesmarchetti-tuc.infd.edu.ar\/sitio\/wp-content\/uploads\/2019\/05\/PROGRAMA-Pr\u00e1ctica-Profesional-IV.pdf\">2019<\/a><\/li>\n<\/ul>\n","protected":false},"excerpt":{"rendered":"<p>Plan de estudios\u00a0aqu\u00ed Sistema de correlativas\u00a0\u00a0aqu\u00ed IMPORTANTE: PARA EL EJE DE LA PR\u00c1CTICA APLICA LA \u00a0Disposici\u00f3n N\u00b0 02-21 DESyA PROGRAMAS DE MATERIAS: Pedagog\u00eda Programa: 2018 Did\u00e1ctica General Psicolog\u00eda Educacional Programa: 2018 Programa: 2019 Lectura, Escritura y Oralidad Programa: 2018 Programa: 2019 EDI Programa: 2018 Programa: 2019 Problem\u00e1tica de la Educaci\u00f3n Secundaria Programa: 2019 Introducci\u00f3n a &#8230; <a title=\"Profesorado Lengua y Literatura\" class=\"read-more\" href=\"https:\/\/iesmarchetti-tuc.infd.edu.ar\/sitio\/profesorado-lengua-y-literatura\/\" aria-label=\"More on Profesorado Lengua y Literatura\">[+]<\/a><\/p>\n","protected":false},"author":7,"featured_media":0,"parent":0,"menu_order":0,"comment_status":"closed","ping_status":"closed","template":"","meta":[],"acf":[],"_links":{"self":[{"href":"https:\/\/iesmarchetti-tuc.infd.edu.ar\/sitio\/wp-json\/wp\/v2\/pages\/1268"}],"collection":[{"href":"https:\/\/iesmarchetti-tuc.infd.edu.ar\/sitio\/wp-json\/wp\/v2\/pages"}],"about":[{"href":"https:\/\/iesmarchetti-tuc.infd.edu.ar\/sitio\/wp-json\/wp\/v2\/types\/page"}],"author":[{"embeddable":true,"href":"https:\/\/iesmarchetti-tuc.infd.edu.ar\/sitio\/wp-json\/wp\/v2\/users\/7"}],"replies":[{"embeddable":true,"href":"https:\/\/iesmarchetti-tuc.infd.edu.ar\/sitio\/wp-json\/wp\/v2\/comments?post=1268"}],"version-history":[{"count":20,"href":"https:\/\/iesmarchetti-tuc.infd.edu.ar\/sitio\/wp-json\/wp\/v2\/pages\/1268\/revisions"}],"predecessor-version":[{"id":4401,"href":"https:\/\/iesmarchetti-tuc.infd.edu.ar\/sitio\/wp-json\/wp\/v2\/pages\/1268\/revisions\/4401"}],"wp:attachment":[{"href":"https:\/\/iesmarchetti-tuc.infd.edu.ar\/sitio\/wp-json\/wp\/v2\/media?parent=1268"}],"curies":[{"name":"wp","href":"https:\/\/api.w.org\/{rel}","templated":true}]}}